{"id":3418252,"date":"2025-10-09T22:48:22","date_gmt":"2025-10-10T02:48:22","guid":{"rendered":"https:\/\/stoic-curie.212-227-153-4.plesk.page\/product\/basis-fuer-antennen-glomex-ra135fme\/"},"modified":"2026-02-24T23:34:58","modified_gmt":"2026-02-24T23:34:58","slug":"basis-fuer-antennen-glomex-ra135fme","status":"publish","type":"product","link":"https:\/\/stoic-curie.212-227-153-4.plesk.page\/de\/product\/basis-fuer-antennen-glomex-ra135fme\/","title":{"rendered":"Basis f\u00fcr Antennen Glomex Ra135FME"},"content":{"rendered":"<p>Basis f\u00fcr Antennen Glomex Ra135FME &#8211; <\/p>\n<p>\u00c4u\u00dferst kompakte omnidirektionale digitale terrestrische TV- und FM\/DAB-Radio Glomex Alya RA304TV Antenne. Mit einem inneren Verst\u00e4rker, der den Empfang von TV- und FM\/DAB-Frequenzen mit einer einzigen Antenne erm\u00f6glicht. Der FME 5\/8&#8243; x 14 Anschluss erm\u00f6glicht eine schnelle und einfache Installation mit serienm\u00e4\u00dfigen Steckern und Kabeln auf Segel- und Motorbooten. Ausgestattet mit Steckern, 5 m Koaxialkabel, 2 Ausgangsnetzteilen und 1,5 m TV-Kabel.<\/p>\n","protected":false},"excerpt":{"rendered":"<p>Basis f\u00fcr Antennen Glomex Ra135FME &#8211; \u00c4u\u00dferst kompakte omnidirektionale digitale terrestrische TV- und FM\/DAB-Radio Glomex Alya RA304TV Antenne. Mit einem<\/p>\n","protected":false},"featured_media":5942629,"comment_status":"closed","ping_status":"closed","template":"","meta":[],"product_brand":[2980],"product_cat":[1466],"product_tag":[],"class_list":{"0":"post-3418252","1":"product","2":"type-product","3":"status-publish","4":"has-post-thumbnail","6":"product_brand-glomex-de","7":"product_cat-vhf-antennen","9":"first","10":"instock","11":"shipping-taxable","12":"purchasable","13":"product-type-simple"},"_links":{"self":[{"href":"https:\/\/stoic-curie.212-227-153-4.plesk.page\/de\/wp-json\/wp\/v2\/product\/3418252","targetHints":{"allow":["GET"]}}],"collection":[{"href":"https:\/\/stoic-curie.212-227-153-4.plesk.page\/de\/wp-json\/wp\/v2\/product"}],"about":[{"href":"https:\/\/stoic-curie.212-227-153-4.plesk.page\/de\/wp-json\/wp\/v2\/types\/product"}],"replies":[{"embeddable":true,"href":"https:\/\/stoic-curie.212-227-153-4.plesk.page\/de\/wp-json\/wp\/v2\/comments?post=3418252"}],"version-history":[{"count":0,"href":"https:\/\/stoic-curie.212-227-153-4.plesk.page\/de\/wp-json\/wp\/v2\/product\/3418252\/revisions"}],"wp:featuredmedia":[{"embeddable":true,"href":"https:\/\/stoic-curie.212-227-153-4.plesk.page\/de\/wp-json\/wp\/v2\/media\/5942629"}],"wp:attachment":[{"href":"https:\/\/stoic-curie.212-227-153-4.plesk.page\/de\/wp-json\/wp\/v2\/media?parent=3418252"}],"wp:term":[{"taxonomy":"product_brand","embeddable":true,"href":"https:\/\/stoic-curie.212-227-153-4.plesk.page\/de\/wp-json\/wp\/v2\/product_brand?post=3418252"},{"taxonomy":"product_cat","embeddable":true,"href":"https:\/\/stoic-curie.212-227-153-4.plesk.page\/de\/wp-json\/wp\/v2\/product_cat?post=3418252"},{"taxonomy":"product_tag","embeddable":true,"href":"https:\/\/stoic-curie.212-227-153-4.plesk.page\/de\/wp-json\/wp\/v2\/product_tag?post=3418252"}],"curies":[{"name":"wp","href":"https:\/\/api.w.org\/{rel}","templated":true}]}}