{"id":3418271,"date":"2025-10-09T22:48:22","date_gmt":"2025-10-10T02:48:22","guid":{"rendered":"https:\/\/stoic-curie.212-227-153-4.plesk.page\/product\/anlegemause-stoper\/"},"modified":"2026-02-24T23:34:58","modified_gmt":"2026-02-24T23:34:58","slug":"anlegemause-stoper","status":"publish","type":"product","link":"https:\/\/stoic-curie.212-227-153-4.plesk.page\/de\/product\/anlegemause-stoper\/","title":{"rendered":"Anlegemause-Stoper"},"content":{"rendered":"<p>Anlegemause-Stoper &#8211; <\/p>\n<p>Praktische und zuverl\u00e4ssige verst\u00e4rkte Kunststoff-Mausabwehr-Mooring-Platte f\u00fcr Leinen von 10 bis 30 mm. Dank des speziellen Mehrgr\u00f6\u00dfenadapters und des Magnetschlosses ist die Montage einfach und schnell. Die Platte l\u00e4sst sich leicht an der gew\u00fcnschten Position befestigen.<\/p>\n","protected":false},"excerpt":{"rendered":"<p>Anlegemause-Stoper &#8211; Praktische und zuverl\u00e4ssige verst\u00e4rkte Kunststoff-Mausabwehr-Mooring-Platte f\u00fcr Leinen von 10 bis 30 mm. Dank des speziellen Mehrgr\u00f6\u00dfenadapters und des<\/p>\n","protected":false},"featured_media":5942633,"comment_status":"closed","ping_status":"closed","template":"","meta":[],"product_brand":[2860],"product_cat":[1326],"product_tag":[],"class_list":{"0":"post-3418271","1":"product","2":"type-product","3":"status-publish","4":"has-post-thumbnail","6":"product_brand-ceredi-de","7":"product_cat-splicing-werkzeuge","9":"first","10":"instock","11":"shipping-taxable","12":"purchasable","13":"product-type-simple"},"_links":{"self":[{"href":"https:\/\/stoic-curie.212-227-153-4.plesk.page\/de\/wp-json\/wp\/v2\/product\/3418271","targetHints":{"allow":["GET"]}}],"collection":[{"href":"https:\/\/stoic-curie.212-227-153-4.plesk.page\/de\/wp-json\/wp\/v2\/product"}],"about":[{"href":"https:\/\/stoic-curie.212-227-153-4.plesk.page\/de\/wp-json\/wp\/v2\/types\/product"}],"replies":[{"embeddable":true,"href":"https:\/\/stoic-curie.212-227-153-4.plesk.page\/de\/wp-json\/wp\/v2\/comments?post=3418271"}],"version-history":[{"count":0,"href":"https:\/\/stoic-curie.212-227-153-4.plesk.page\/de\/wp-json\/wp\/v2\/product\/3418271\/revisions"}],"wp:featuredmedia":[{"embeddable":true,"href":"https:\/\/stoic-curie.212-227-153-4.plesk.page\/de\/wp-json\/wp\/v2\/media\/5942633"}],"wp:attachment":[{"href":"https:\/\/stoic-curie.212-227-153-4.plesk.page\/de\/wp-json\/wp\/v2\/media?parent=3418271"}],"wp:term":[{"taxonomy":"product_brand","embeddable":true,"href":"https:\/\/stoic-curie.212-227-153-4.plesk.page\/de\/wp-json\/wp\/v2\/product_brand?post=3418271"},{"taxonomy":"product_cat","embeddable":true,"href":"https:\/\/stoic-curie.212-227-153-4.plesk.page\/de\/wp-json\/wp\/v2\/product_cat?post=3418271"},{"taxonomy":"product_tag","embeddable":true,"href":"https:\/\/stoic-curie.212-227-153-4.plesk.page\/de\/wp-json\/wp\/v2\/product_tag?post=3418271"}],"curies":[{"name":"wp","href":"https:\/\/api.w.org\/{rel}","templated":true}]}}