{"id":3418508,"date":"2025-10-09T22:48:30","date_gmt":"2025-10-10T02:48:30","guid":{"rendered":"https:\/\/stoic-curie.212-227-153-4.plesk.page\/product\/segelhandschuhe-helly-hansen-full-groesse-xs\/"},"modified":"2026-02-24T23:34:58","modified_gmt":"2026-02-24T23:34:58","slug":"segelhandschuhe-helly-hansen-full-groesse-xs","status":"publish","type":"product","link":"https:\/\/stoic-curie.212-227-153-4.plesk.page\/de\/product\/segelhandschuhe-helly-hansen-full-groesse-xs\/","title":{"rendered":"Segelhandschuhe Helly Hansen Full &#8211; Gr\u00f6\u00dfe XS"},"content":{"rendered":"<p>Segelhandschuhe Helly Hansen Full &#8211; Gr\u00f6\u00dfe XS &#8211; <\/p>\n<p>Robuste Segelhandschuhe aus Canvas von Helly Hansen mit ergonomischer Struktur und verstellbarem Handgelenk. Erh\u00e4ltlich mit 3\/4 kurzen Fingern oder vollen langen Fingern.<\/p>\n","protected":false},"excerpt":{"rendered":"<p>Segelhandschuhe Helly Hansen Full &#8211; Gr\u00f6\u00dfe XS &#8211; Robuste Segelhandschuhe aus Canvas von Helly Hansen mit ergonomischer Struktur und verstellbarem<\/p>\n","protected":false},"featured_media":5942768,"comment_status":"closed","ping_status":"closed","template":"","meta":[],"product_brand":[3000],"product_cat":[1570,1571],"product_tag":[],"class_list":{"0":"post-3418508","1":"product","2":"type-product","3":"status-publish","4":"has-post-thumbnail","6":"product_brand-helly-hansen-de","7":"product_cat-nautische-bekleidung-helly-hansen","8":"product_cat-segelhandschuhe","10":"first","11":"instock","12":"shipping-taxable","13":"purchasable","14":"product-type-simple"},"_links":{"self":[{"href":"https:\/\/stoic-curie.212-227-153-4.plesk.page\/de\/wp-json\/wp\/v2\/product\/3418508","targetHints":{"allow":["GET"]}}],"collection":[{"href":"https:\/\/stoic-curie.212-227-153-4.plesk.page\/de\/wp-json\/wp\/v2\/product"}],"about":[{"href":"https:\/\/stoic-curie.212-227-153-4.plesk.page\/de\/wp-json\/wp\/v2\/types\/product"}],"replies":[{"embeddable":true,"href":"https:\/\/stoic-curie.212-227-153-4.plesk.page\/de\/wp-json\/wp\/v2\/comments?post=3418508"}],"version-history":[{"count":0,"href":"https:\/\/stoic-curie.212-227-153-4.plesk.page\/de\/wp-json\/wp\/v2\/product\/3418508\/revisions"}],"wp:featuredmedia":[{"embeddable":true,"href":"https:\/\/stoic-curie.212-227-153-4.plesk.page\/de\/wp-json\/wp\/v2\/media\/5942768"}],"wp:attachment":[{"href":"https:\/\/stoic-curie.212-227-153-4.plesk.page\/de\/wp-json\/wp\/v2\/media?parent=3418508"}],"wp:term":[{"taxonomy":"product_brand","embeddable":true,"href":"https:\/\/stoic-curie.212-227-153-4.plesk.page\/de\/wp-json\/wp\/v2\/product_brand?post=3418508"},{"taxonomy":"product_cat","embeddable":true,"href":"https:\/\/stoic-curie.212-227-153-4.plesk.page\/de\/wp-json\/wp\/v2\/product_cat?post=3418508"},{"taxonomy":"product_tag","embeddable":true,"href":"https:\/\/stoic-curie.212-227-153-4.plesk.page\/de\/wp-json\/wp\/v2\/product_tag?post=3418508"}],"curies":[{"name":"wp","href":"https:\/\/api.w.org\/{rel}","templated":true}]}}