{"id":3418623,"date":"2025-10-09T22:48:34","date_gmt":"2025-10-10T02:48:34","guid":{"rendered":"https:\/\/stoic-curie.212-227-153-4.plesk.page\/product\/portlichter-fl-sea-rund-d215mm-ausschnitt-147mm-abs-weiss\/"},"modified":"2026-02-24T23:34:58","modified_gmt":"2026-02-24T23:34:58","slug":"portlichter-fl-sea-rund-d215mm-ausschnitt-147mm-abs-weiss","status":"publish","type":"product","link":"https:\/\/stoic-curie.212-227-153-4.plesk.page\/de\/product\/portlichter-fl-sea-rund-d215mm-ausschnitt-147mm-abs-weiss\/","title":{"rendered":"Portlichter FL-Sea Rund D215mm Ausschnitt 147mm ABS Wei\u00df"},"content":{"rendered":"<p>Portlichter FL-Sea Rund D215mm Ausschnitt 147mm ABS Wei\u00df &#8211; <\/p>\n<p>Vollst\u00e4ndig mit Blende und Zubeh\u00f6r aus 316 rostfreiem Edelstahl ausgestattet.<\/p>\n","protected":false},"excerpt":{"rendered":"<p>Portlichter FL-Sea Rund D215mm Ausschnitt 147mm ABS Wei\u00df &#8211; Vollst\u00e4ndig mit Blende und Zubeh\u00f6r aus 316 rostfreiem Edelstahl ausgestattet.<\/p>\n","protected":false},"featured_media":5942798,"comment_status":"closed","ping_status":"closed","template":"","meta":[],"product_brand":[3035],"product_cat":[1415,1410],"product_tag":[],"class_list":{"0":"post-3418623","1":"product","2":"type-product","3":"status-publish","4":"has-post-thumbnail","6":"product_brand-jba-marine-de","7":"product_cat-bootsluken","8":"product_cat-bullaugen","10":"first","11":"instock","12":"shipping-taxable","13":"purchasable","14":"product-type-simple"},"_links":{"self":[{"href":"https:\/\/stoic-curie.212-227-153-4.plesk.page\/de\/wp-json\/wp\/v2\/product\/3418623","targetHints":{"allow":["GET"]}}],"collection":[{"href":"https:\/\/stoic-curie.212-227-153-4.plesk.page\/de\/wp-json\/wp\/v2\/product"}],"about":[{"href":"https:\/\/stoic-curie.212-227-153-4.plesk.page\/de\/wp-json\/wp\/v2\/types\/product"}],"replies":[{"embeddable":true,"href":"https:\/\/stoic-curie.212-227-153-4.plesk.page\/de\/wp-json\/wp\/v2\/comments?post=3418623"}],"version-history":[{"count":0,"href":"https:\/\/stoic-curie.212-227-153-4.plesk.page\/de\/wp-json\/wp\/v2\/product\/3418623\/revisions"}],"wp:featuredmedia":[{"embeddable":true,"href":"https:\/\/stoic-curie.212-227-153-4.plesk.page\/de\/wp-json\/wp\/v2\/media\/5942798"}],"wp:attachment":[{"href":"https:\/\/stoic-curie.212-227-153-4.plesk.page\/de\/wp-json\/wp\/v2\/media?parent=3418623"}],"wp:term":[{"taxonomy":"product_brand","embeddable":true,"href":"https:\/\/stoic-curie.212-227-153-4.plesk.page\/de\/wp-json\/wp\/v2\/product_brand?post=3418623"},{"taxonomy":"product_cat","embeddable":true,"href":"https:\/\/stoic-curie.212-227-153-4.plesk.page\/de\/wp-json\/wp\/v2\/product_cat?post=3418623"},{"taxonomy":"product_tag","embeddable":true,"href":"https:\/\/stoic-curie.212-227-153-4.plesk.page\/de\/wp-json\/wp\/v2\/product_tag?post=3418623"}],"curies":[{"name":"wp","href":"https:\/\/api.w.org\/{rel}","templated":true}]}}