{"id":3418649,"date":"2025-10-09T22:48:35","date_gmt":"2025-10-10T02:48:35","guid":{"rendered":"https:\/\/stoic-curie.212-227-153-4.plesk.page\/product\/graue-kunststoffluken-fuer-boote-315-x-444-mm\/"},"modified":"2026-02-24T23:34:58","modified_gmt":"2026-02-24T23:34:58","slug":"graue-kunststoffluken-fuer-boote-315-x-444-mm","status":"publish","type":"product","link":"https:\/\/stoic-curie.212-227-153-4.plesk.page\/de\/product\/graue-kunststoffluken-fuer-boote-315-x-444-mm\/","title":{"rendered":"Graue Kunststoffluken f\u00fcr Boote 315 x 444 mm"},"content":{"rendered":"<p>Graue Kunststoffluken f\u00fcr Boote 315 x 444 mm &#8211; <\/p>\n<p>UV-best\u00e4ndiger ABS ASA Zugangsluk mit 180\u00b0-\u00d6ffnung, begehbar und wasserdicht. Luk mit doppeltem \u00d6ffnungssystem: klassisch und herausziehbar. Das herausziehbare System erm\u00f6glicht das \u00d6ffnen des Luks in engen R\u00e4umen. Montage auf dem Deck oder der Wand.<\/p>\n","protected":false},"excerpt":{"rendered":"<p>Graue Kunststoffluken f\u00fcr Boote 315 x 444 mm &#8211; UV-best\u00e4ndiger ABS ASA Zugangsluk mit 180\u00b0-\u00d6ffnung, begehbar und wasserdicht. Luk mit<\/p>\n","protected":false},"featured_media":5942803,"comment_status":"closed","ping_status":"closed","template":"","meta":[],"product_brand":[2855],"product_cat":[1408],"product_tag":[],"class_list":{"0":"post-3418649","1":"product","2":"type-product","3":"status-publish","4":"has-post-thumbnail","6":"product_brand-can-marine-de","7":"product_cat-kunststoffluken","9":"first","10":"instock","11":"shipping-taxable","12":"purchasable","13":"product-type-simple"},"_links":{"self":[{"href":"https:\/\/stoic-curie.212-227-153-4.plesk.page\/de\/wp-json\/wp\/v2\/product\/3418649","targetHints":{"allow":["GET"]}}],"collection":[{"href":"https:\/\/stoic-curie.212-227-153-4.plesk.page\/de\/wp-json\/wp\/v2\/product"}],"about":[{"href":"https:\/\/stoic-curie.212-227-153-4.plesk.page\/de\/wp-json\/wp\/v2\/types\/product"}],"replies":[{"embeddable":true,"href":"https:\/\/stoic-curie.212-227-153-4.plesk.page\/de\/wp-json\/wp\/v2\/comments?post=3418649"}],"version-history":[{"count":0,"href":"https:\/\/stoic-curie.212-227-153-4.plesk.page\/de\/wp-json\/wp\/v2\/product\/3418649\/revisions"}],"wp:featuredmedia":[{"embeddable":true,"href":"https:\/\/stoic-curie.212-227-153-4.plesk.page\/de\/wp-json\/wp\/v2\/media\/5942803"}],"wp:attachment":[{"href":"https:\/\/stoic-curie.212-227-153-4.plesk.page\/de\/wp-json\/wp\/v2\/media?parent=3418649"}],"wp:term":[{"taxonomy":"product_brand","embeddable":true,"href":"https:\/\/stoic-curie.212-227-153-4.plesk.page\/de\/wp-json\/wp\/v2\/product_brand?post=3418649"},{"taxonomy":"product_cat","embeddable":true,"href":"https:\/\/stoic-curie.212-227-153-4.plesk.page\/de\/wp-json\/wp\/v2\/product_cat?post=3418649"},{"taxonomy":"product_tag","embeddable":true,"href":"https:\/\/stoic-curie.212-227-153-4.plesk.page\/de\/wp-json\/wp\/v2\/product_tag?post=3418649"}],"curies":[{"name":"wp","href":"https:\/\/api.w.org\/{rel}","templated":true}]}}