{"id":3418831,"date":"2025-10-09T22:48:41","date_gmt":"2025-10-10T02:48:41","guid":{"rendered":"https:\/\/stoic-curie.212-227-153-4.plesk.page\/product\/davis-fender-tender-halterung-haken-22-25mm\/"},"modified":"2026-02-24T23:34:58","modified_gmt":"2026-02-24T23:34:58","slug":"davis-fender-tender-halterung-haken-22-25mm","status":"publish","type":"product","link":"https:\/\/stoic-curie.212-227-153-4.plesk.page\/de\/product\/davis-fender-tender-halterung-haken-22-25mm\/","title":{"rendered":"Davis Fender Tender Halterung Haken 22\/25mm"},"content":{"rendered":"<p>Davis Fender Tender Halterung Haken 22\/25mm &#8211; <\/p>\n<p>Nylon-UV-best\u00e4ndige universelle Fenderhalter. Sie lassen sich m\u00fchelos an jede Kante klemmen, wie z. B. seitliche Fenster, Griffe, Klampen, Gel\u00e4nder (22\/25 mm) und Lebenslinien (6\/9 mm).<\/p>\n","protected":false},"excerpt":{"rendered":"<p>Davis Fender Tender Halterung Haken 22\/25mm &#8211; Nylon-UV-best\u00e4ndige universelle Fenderhalter. Sie lassen sich m\u00fchelos an jede Kante klemmen, wie z.<\/p>\n","protected":false},"featured_media":5942858,"comment_status":"closed","ping_status":"closed","template":"","meta":[],"product_brand":[2875],"product_cat":[1560],"product_tag":[],"class_list":{"0":"post-3418831","1":"product","2":"type-product","3":"status-publish","4":"has-post-thumbnail","6":"product_brand-davis-de","7":"product_cat-fender-zubehoer","9":"first","10":"instock","11":"shipping-taxable","12":"purchasable","13":"product-type-simple"},"_links":{"self":[{"href":"https:\/\/stoic-curie.212-227-153-4.plesk.page\/de\/wp-json\/wp\/v2\/product\/3418831","targetHints":{"allow":["GET"]}}],"collection":[{"href":"https:\/\/stoic-curie.212-227-153-4.plesk.page\/de\/wp-json\/wp\/v2\/product"}],"about":[{"href":"https:\/\/stoic-curie.212-227-153-4.plesk.page\/de\/wp-json\/wp\/v2\/types\/product"}],"replies":[{"embeddable":true,"href":"https:\/\/stoic-curie.212-227-153-4.plesk.page\/de\/wp-json\/wp\/v2\/comments?post=3418831"}],"version-history":[{"count":0,"href":"https:\/\/stoic-curie.212-227-153-4.plesk.page\/de\/wp-json\/wp\/v2\/product\/3418831\/revisions"}],"wp:featuredmedia":[{"embeddable":true,"href":"https:\/\/stoic-curie.212-227-153-4.plesk.page\/de\/wp-json\/wp\/v2\/media\/5942858"}],"wp:attachment":[{"href":"https:\/\/stoic-curie.212-227-153-4.plesk.page\/de\/wp-json\/wp\/v2\/media?parent=3418831"}],"wp:term":[{"taxonomy":"product_brand","embeddable":true,"href":"https:\/\/stoic-curie.212-227-153-4.plesk.page\/de\/wp-json\/wp\/v2\/product_brand?post=3418831"},{"taxonomy":"product_cat","embeddable":true,"href":"https:\/\/stoic-curie.212-227-153-4.plesk.page\/de\/wp-json\/wp\/v2\/product_cat?post=3418831"},{"taxonomy":"product_tag","embeddable":true,"href":"https:\/\/stoic-curie.212-227-153-4.plesk.page\/de\/wp-json\/wp\/v2\/product_tag?post=3418831"}],"curies":[{"name":"wp","href":"https:\/\/api.w.org\/{rel}","templated":true}]}}