{"id":3418861,"date":"2025-10-09T22:48:42","date_gmt":"2025-10-10T02:48:42","guid":{"rendered":"https:\/\/stoic-curie.212-227-153-4.plesk.page\/product\/druckschalter-fuer-wasserpumpen-colflo-midi-serie\/"},"modified":"2026-02-24T23:34:58","modified_gmt":"2026-02-24T23:34:58","slug":"druckschalter-fuer-wasserpumpen-colflo-midi-serie","status":"publish","type":"product","link":"https:\/\/stoic-curie.212-227-153-4.plesk.page\/de\/product\/druckschalter-fuer-wasserpumpen-colflo-midi-serie\/","title":{"rendered":"Druckschalter f\u00fcr Wasserpumpen Colflo Midi-Serie"},"content":{"rendered":"<p>Druckschalter f\u00fcr Wasserpumpen Colflo Midi-Serie &#8211; <\/p>\n<p>Membranpumpen mit einer selbstansaugenden H\u00f6he von bis zu 2,7 Metern, ColFlo-Frischwasser-Druckpumpen f\u00fcr Waschbecken und Duschen, geeignet f\u00fcr 1 bis 3 Anwendungen. Komplett mit Filter, 3\/4&#8243; gewindelosen Klickanschl\u00fcssen und 14 mm Rohr-zu-Schlauch-Klickanschl\u00fcssen.<\/p>\n","protected":false},"excerpt":{"rendered":"<p>Druckschalter f\u00fcr Wasserpumpen Colflo Midi-Serie &#8211; Membranpumpen mit einer selbstansaugenden H\u00f6he von bis zu 2,7 Metern, ColFlo-Frischwasser-Druckpumpen f\u00fcr Waschbecken und<\/p>\n","protected":false},"featured_media":5942866,"comment_status":"closed","ping_status":"closed","template":"","meta":[],"product_brand":[3325],"product_cat":[1373],"product_tag":[],"class_list":{"0":"post-3418861","1":"product","2":"type-product","3":"status-publish","4":"has-post-thumbnail","6":"product_brand-rule-de","7":"product_cat-wasserdruckpumpen","9":"first","10":"instock","11":"shipping-taxable","12":"purchasable","13":"product-type-simple"},"_links":{"self":[{"href":"https:\/\/stoic-curie.212-227-153-4.plesk.page\/de\/wp-json\/wp\/v2\/product\/3418861","targetHints":{"allow":["GET"]}}],"collection":[{"href":"https:\/\/stoic-curie.212-227-153-4.plesk.page\/de\/wp-json\/wp\/v2\/product"}],"about":[{"href":"https:\/\/stoic-curie.212-227-153-4.plesk.page\/de\/wp-json\/wp\/v2\/types\/product"}],"replies":[{"embeddable":true,"href":"https:\/\/stoic-curie.212-227-153-4.plesk.page\/de\/wp-json\/wp\/v2\/comments?post=3418861"}],"version-history":[{"count":0,"href":"https:\/\/stoic-curie.212-227-153-4.plesk.page\/de\/wp-json\/wp\/v2\/product\/3418861\/revisions"}],"wp:featuredmedia":[{"embeddable":true,"href":"https:\/\/stoic-curie.212-227-153-4.plesk.page\/de\/wp-json\/wp\/v2\/media\/5942866"}],"wp:attachment":[{"href":"https:\/\/stoic-curie.212-227-153-4.plesk.page\/de\/wp-json\/wp\/v2\/media?parent=3418861"}],"wp:term":[{"taxonomy":"product_brand","embeddable":true,"href":"https:\/\/stoic-curie.212-227-153-4.plesk.page\/de\/wp-json\/wp\/v2\/product_brand?post=3418861"},{"taxonomy":"product_cat","embeddable":true,"href":"https:\/\/stoic-curie.212-227-153-4.plesk.page\/de\/wp-json\/wp\/v2\/product_cat?post=3418861"},{"taxonomy":"product_tag","embeddable":true,"href":"https:\/\/stoic-curie.212-227-153-4.plesk.page\/de\/wp-json\/wp\/v2\/product_tag?post=3418861"}],"curies":[{"name":"wp","href":"https:\/\/api.w.org\/{rel}","templated":true}]}}