{"id":3418921,"date":"2025-10-09T22:48:43","date_gmt":"2025-10-10T02:48:43","guid":{"rendered":"https:\/\/stoic-curie.212-227-153-4.plesk.page\/product\/kraftstoffstandsanzeige-schwarz-ecms-52-mm\/"},"modified":"2026-02-24T23:34:58","modified_gmt":"2026-02-24T23:34:58","slug":"kraftstoffstandsanzeige-schwarz-ecms-52-mm","status":"publish","type":"product","link":"https:\/\/stoic-curie.212-227-153-4.plesk.page\/de\/product\/kraftstoffstandsanzeige-schwarz-ecms-52-mm\/","title":{"rendered":"Kraftstoffstandsanzeige Schwarz ECMS 52 mm"},"content":{"rendered":"<p>Kraftstoffstandsanzeige Schwarz ECMS 52 mm &#8211; <\/p>\n<p>Ecms 12\/24V All Black Instrumente, ausgestattet mit einem verdrahteten Molex-Stecker. Schwarzer Edelstahlrahmen und schwarzes Ziffernblatt. Wasserdicht mit IP67 Schutz, gew\u00f6lbte, beschlagfreie Linse. Anpassbares, mehrfarbig hinterleuchtetes Ziffernblatt. Die Niveau-Messger\u00e4te k\u00f6nnen \u00fcber die Konfigurationstaste auf der R\u00fcckseite auf jeden Impedanzwert eingestellt werden. Sie sind werksseitig auf den Standardwert von 0-190 Ohm voreingestellt. Die \u00d6l Druckmesser mit 5 und 10 bar sind kompatibel mit Standard-Sensoren (10-180 Ohm), w\u00e4hrend der 30 bar Druckmesser nur mit elektronischen Sensoren (0,5-4,5V) kompatibel ist. Die Amperemeter sind komplett mit Sensor (Shunt) zur Strommessung.<\/p>\n","protected":false},"excerpt":{"rendered":"<p>Kraftstoffstandsanzeige Schwarz ECMS 52 mm &#8211; Ecms 12\/24V All Black Instrumente, ausgestattet mit einem verdrahteten Molex-Stecker. Schwarzer Edelstahlrahmen und schwarzes<\/p>\n","protected":false},"featured_media":5942910,"comment_status":"closed","ping_status":"closed","template":"","meta":[],"product_brand":[2910],"product_cat":[1524,1495],"product_tag":[],"class_list":{"0":"post-3418921","1":"product","2":"type-product","3":"status-publish","4":"has-post-thumbnail","6":"product_brand-ecms-marine-de","7":"product_cat-ecms-messgeraete","8":"product_cat-kraftstoffstandanzeigen-und-geber","10":"first","11":"instock","12":"shipping-taxable","13":"purchasable","14":"product-type-simple"},"_links":{"self":[{"href":"https:\/\/stoic-curie.212-227-153-4.plesk.page\/de\/wp-json\/wp\/v2\/product\/3418921","targetHints":{"allow":["GET"]}}],"collection":[{"href":"https:\/\/stoic-curie.212-227-153-4.plesk.page\/de\/wp-json\/wp\/v2\/product"}],"about":[{"href":"https:\/\/stoic-curie.212-227-153-4.plesk.page\/de\/wp-json\/wp\/v2\/types\/product"}],"replies":[{"embeddable":true,"href":"https:\/\/stoic-curie.212-227-153-4.plesk.page\/de\/wp-json\/wp\/v2\/comments?post=3418921"}],"version-history":[{"count":0,"href":"https:\/\/stoic-curie.212-227-153-4.plesk.page\/de\/wp-json\/wp\/v2\/product\/3418921\/revisions"}],"wp:featuredmedia":[{"embeddable":true,"href":"https:\/\/stoic-curie.212-227-153-4.plesk.page\/de\/wp-json\/wp\/v2\/media\/5942910"}],"wp:attachment":[{"href":"https:\/\/stoic-curie.212-227-153-4.plesk.page\/de\/wp-json\/wp\/v2\/media?parent=3418921"}],"wp:term":[{"taxonomy":"product_brand","embeddable":true,"href":"https:\/\/stoic-curie.212-227-153-4.plesk.page\/de\/wp-json\/wp\/v2\/product_brand?post=3418921"},{"taxonomy":"product_cat","embeddable":true,"href":"https:\/\/stoic-curie.212-227-153-4.plesk.page\/de\/wp-json\/wp\/v2\/product_cat?post=3418921"},{"taxonomy":"product_tag","embeddable":true,"href":"https:\/\/stoic-curie.212-227-153-4.plesk.page\/de\/wp-json\/wp\/v2\/product_tag?post=3418921"}],"curies":[{"name":"wp","href":"https:\/\/api.w.org\/{rel}","templated":true}]}}