{"id":3418931,"date":"2025-10-09T22:48:44","date_gmt":"2025-10-10T02:48:44","guid":{"rendered":"https:\/\/stoic-curie.212-227-153-4.plesk.page\/product\/abwasserstandsanzeige-ecms-12-24v-schwarz-52-mm\/"},"modified":"2026-02-24T23:34:58","modified_gmt":"2026-02-24T23:34:58","slug":"abwasserstandsanzeige-ecms-12-24v-schwarz-52-mm","status":"publish","type":"product","link":"https:\/\/stoic-curie.212-227-153-4.plesk.page\/de\/product\/abwasserstandsanzeige-ecms-12-24v-schwarz-52-mm\/","title":{"rendered":"Abwasserstandsanzeige ECMS 12\/24V Schwarz 52 mm"},"content":{"rendered":"<p>Abwasserstandsanzeige ECMS 12\/24V Schwarz 52 mm &#8211; <\/p>\n<p>Ecms 12\/24V All Black Instrumente, komplett mit verdrahtetem Molex-Stecker. Schwarzer Edelstahlsockel und schwarzes Zifferblatt. Wasserdichter IP67 gesch\u00fctzter gew\u00f6lbter, fog-resistant Linseneinsatz. Anpassbares mehrfarbiges, hintergrundbeleuchtetes Zifferblatt. Die F\u00fcllstandsanzeigen k\u00f6nnen mit dem hinteren Konfigurationsknopf auf jeden Impedanzwert eingestellt werden. Sie sind auf den Standardwert von 0-190 Ohm voreingestellt. Die 5 und 10 bar \u00d6ldruckanzeigen sind mit Standard-Sensoren (10-180 Ohm) kompatibel, w\u00e4hrend die 30 bar-Anzeige nur mit elektronischen Sensoren (0,5-4,5V) kompatibel ist. Die Amperemeter sind mit Sensor (Shunt) ausgestattet, um den Strom zu messen.<\/p>\n","protected":false},"excerpt":{"rendered":"<p>Abwasserstandsanzeige ECMS 12\/24V Schwarz 52 mm &#8211; Ecms 12\/24V All Black Instrumente, komplett mit verdrahtetem Molex-Stecker. Schwarzer Edelstahlsockel und schwarzes<\/p>\n","protected":false},"featured_media":5942910,"comment_status":"closed","ping_status":"closed","template":"","meta":[],"product_brand":[2910],"product_cat":[1362,1524],"product_tag":[],"class_list":{"0":"post-3418931","1":"product","2":"type-product","3":"status-publish","4":"has-post-thumbnail","6":"product_brand-ecms-marine-de","7":"product_cat-abwassertanks","8":"product_cat-ecms-messgeraete","10":"first","11":"instock","12":"shipping-taxable","13":"purchasable","14":"product-type-simple"},"_links":{"self":[{"href":"https:\/\/stoic-curie.212-227-153-4.plesk.page\/de\/wp-json\/wp\/v2\/product\/3418931","targetHints":{"allow":["GET"]}}],"collection":[{"href":"https:\/\/stoic-curie.212-227-153-4.plesk.page\/de\/wp-json\/wp\/v2\/product"}],"about":[{"href":"https:\/\/stoic-curie.212-227-153-4.plesk.page\/de\/wp-json\/wp\/v2\/types\/product"}],"replies":[{"embeddable":true,"href":"https:\/\/stoic-curie.212-227-153-4.plesk.page\/de\/wp-json\/wp\/v2\/comments?post=3418931"}],"version-history":[{"count":0,"href":"https:\/\/stoic-curie.212-227-153-4.plesk.page\/de\/wp-json\/wp\/v2\/product\/3418931\/revisions"}],"wp:featuredmedia":[{"embeddable":true,"href":"https:\/\/stoic-curie.212-227-153-4.plesk.page\/de\/wp-json\/wp\/v2\/media\/5942910"}],"wp:attachment":[{"href":"https:\/\/stoic-curie.212-227-153-4.plesk.page\/de\/wp-json\/wp\/v2\/media?parent=3418931"}],"wp:term":[{"taxonomy":"product_brand","embeddable":true,"href":"https:\/\/stoic-curie.212-227-153-4.plesk.page\/de\/wp-json\/wp\/v2\/product_brand?post=3418931"},{"taxonomy":"product_cat","embeddable":true,"href":"https:\/\/stoic-curie.212-227-153-4.plesk.page\/de\/wp-json\/wp\/v2\/product_cat?post=3418931"},{"taxonomy":"product_tag","embeddable":true,"href":"https:\/\/stoic-curie.212-227-153-4.plesk.page\/de\/wp-json\/wp\/v2\/product_tag?post=3418931"}],"curies":[{"name":"wp","href":"https:\/\/api.w.org\/{rel}","templated":true}]}}