{"id":3418961,"date":"2025-10-09T22:48:45","date_gmt":"2025-10-10T02:48:45","guid":{"rendered":"https:\/\/stoic-curie.212-227-153-4.plesk.page\/product\/voltmeter-ecms-8-16v-schwarz\/"},"modified":"2026-02-24T23:34:58","modified_gmt":"2026-02-24T23:34:58","slug":"voltmeter-ecms-8-16v-schwarz","status":"publish","type":"product","link":"https:\/\/stoic-curie.212-227-153-4.plesk.page\/de\/product\/voltmeter-ecms-8-16v-schwarz\/","title":{"rendered":"Voltmeter ECMS 8-16V Schwarz"},"content":{"rendered":"<p>Voltmeter ECMS 8-16V Schwarz &#8211; <\/p>\n<p>Ecms 12\/24V All Black Manometer mit verkabeltem Molex-Stecker. Schwarzer Edelstahlrahmen und schwarzes Zifferblatt. Wasserdichtes, IP67-gesch\u00fctztes, gew\u00f6lbtes, beschlagfreies Glas. Anpassbares mehrfarbiges LED-hintergrundbeleuchtetes Zifferblatt. Die Pegelanzeigen k\u00f6nnen \u00fcber die r\u00fcckseitige Konfigurationstaste auf jeden Impedanzwert eingestellt werden. Sie sind standardm\u00e4\u00dfig auf den Wert 0-190 Ohm voreingestellt. Die \u00d6lpressomanometer f\u00fcr 5 und 10 bar sind mit Standard-Sensoren (10-180 Ohm) kompatibel, w\u00e4hrend das 30 bar-Modell nur mit elektronischen Sensoren (0,5-4,5 V) funktioniert. Die Amperemeter werden mit Sensor (Shunt) zur Messung des Stroms geliefert.<\/p>\n","protected":false},"excerpt":{"rendered":"<p>Voltmeter ECMS 8-16V Schwarz &#8211; Ecms 12\/24V All Black Manometer mit verkabeltem Molex-Stecker. Schwarzer Edelstahlrahmen und schwarzes Zifferblatt. Wasserdichtes, IP67-gesch\u00fctztes,<\/p>\n","protected":false},"featured_media":5942910,"comment_status":"closed","ping_status":"closed","template":"","meta":[],"product_brand":[2910],"product_cat":[1442,1524],"product_tag":[],"class_list":{"0":"post-3418961","1":"product","2":"type-product","3":"status-publish","4":"has-post-thumbnail","6":"product_brand-ecms-marine-de","7":"product_cat-bootsbatterien","8":"product_cat-ecms-messgeraete","10":"first","11":"instock","12":"shipping-taxable","13":"purchasable","14":"product-type-simple"},"_links":{"self":[{"href":"https:\/\/stoic-curie.212-227-153-4.plesk.page\/de\/wp-json\/wp\/v2\/product\/3418961","targetHints":{"allow":["GET"]}}],"collection":[{"href":"https:\/\/stoic-curie.212-227-153-4.plesk.page\/de\/wp-json\/wp\/v2\/product"}],"about":[{"href":"https:\/\/stoic-curie.212-227-153-4.plesk.page\/de\/wp-json\/wp\/v2\/types\/product"}],"replies":[{"embeddable":true,"href":"https:\/\/stoic-curie.212-227-153-4.plesk.page\/de\/wp-json\/wp\/v2\/comments?post=3418961"}],"version-history":[{"count":0,"href":"https:\/\/stoic-curie.212-227-153-4.plesk.page\/de\/wp-json\/wp\/v2\/product\/3418961\/revisions"}],"wp:featuredmedia":[{"embeddable":true,"href":"https:\/\/stoic-curie.212-227-153-4.plesk.page\/de\/wp-json\/wp\/v2\/media\/5942910"}],"wp:attachment":[{"href":"https:\/\/stoic-curie.212-227-153-4.plesk.page\/de\/wp-json\/wp\/v2\/media?parent=3418961"}],"wp:term":[{"taxonomy":"product_brand","embeddable":true,"href":"https:\/\/stoic-curie.212-227-153-4.plesk.page\/de\/wp-json\/wp\/v2\/product_brand?post=3418961"},{"taxonomy":"product_cat","embeddable":true,"href":"https:\/\/stoic-curie.212-227-153-4.plesk.page\/de\/wp-json\/wp\/v2\/product_cat?post=3418961"},{"taxonomy":"product_tag","embeddable":true,"href":"https:\/\/stoic-curie.212-227-153-4.plesk.page\/de\/wp-json\/wp\/v2\/product_tag?post=3418961"}],"curies":[{"name":"wp","href":"https:\/\/api.w.org\/{rel}","templated":true}]}}