{"id":3418983,"date":"2025-10-09T22:48:46","date_gmt":"2025-10-10T02:48:46","guid":{"rendered":"https:\/\/stoic-curie.212-227-153-4.plesk.page\/product\/stundenzaehler-ecms-weiss-chrom-12-24v-52mm\/"},"modified":"2026-02-24T23:34:58","modified_gmt":"2026-02-24T23:34:58","slug":"stundenzaehler-ecms-weiss-chrom-12-24v-52mm","status":"publish","type":"product","link":"https:\/\/stoic-curie.212-227-153-4.plesk.page\/de\/product\/stundenzaehler-ecms-weiss-chrom-12-24v-52mm\/","title":{"rendered":"Stundenz\u00e4hler ECMS Wei\u00df Chrom 12\/24V 52mm"},"content":{"rendered":"<p>Stundenz\u00e4hler ECMS Wei\u00df Chrom 12\/24V 52mm &#8211; <\/p>\n<p>Ecms Wei\u00dfer Chrom 12\/24V Messger\u00e4te mit verkabeltem Molex-Stecker. Polierter Edelstahlrand und wei\u00dfes Zifferblatt. Wasserdichte IP67 gesch\u00fctzte gew\u00f6lbte, nebelresistente Linse. Anpassbares mehrfarbiges LED-hintergrundbeleuchtetes Zifferblatt. Die Anzeigeinstrumente k\u00f6nnen \u00fcber die R\u00fcckseite auf jeden Widerstandswert eingestellt werden. Sie sind standardm\u00e4\u00dfig auf den Wert 0-190 Ohm voreingestellt. Die 5 und 10 bar \u00d6ldruckanzeigen sind mit Standard-Sensoren (10-180 Ohm) kompatibel, w\u00e4hrend die 30 bar-Anzeige nur mit elektronischen Sensoren (0,5-4,5V) funktioniert. Die Amperemeter sind mit einem Sensor (Shunt) ausgestattet, um den Strom zu messen.<\/p>\n","protected":false},"excerpt":{"rendered":"<p>Stundenz\u00e4hler ECMS Wei\u00df Chrom 12\/24V 52mm &#8211; Ecms Wei\u00dfer Chrom 12\/24V Messger\u00e4te mit verkabeltem Molex-Stecker. Polierter Edelstahlrand und wei\u00dfes Zifferblatt.<\/p>\n","protected":false},"featured_media":5942294,"comment_status":"closed","ping_status":"closed","template":"","meta":[],"product_brand":[2910],"product_cat":[1501,1524],"product_tag":[],"class_list":{"0":"post-3418983","1":"product","2":"type-product","3":"status-publish","4":"has-post-thumbnail","6":"product_brand-ecms-marine-de","7":"product_cat-bootstachometer","8":"product_cat-ecms-messgeraete","10":"first","11":"instock","12":"shipping-taxable","13":"purchasable","14":"product-type-simple"},"_links":{"self":[{"href":"https:\/\/stoic-curie.212-227-153-4.plesk.page\/de\/wp-json\/wp\/v2\/product\/3418983","targetHints":{"allow":["GET"]}}],"collection":[{"href":"https:\/\/stoic-curie.212-227-153-4.plesk.page\/de\/wp-json\/wp\/v2\/product"}],"about":[{"href":"https:\/\/stoic-curie.212-227-153-4.plesk.page\/de\/wp-json\/wp\/v2\/types\/product"}],"replies":[{"embeddable":true,"href":"https:\/\/stoic-curie.212-227-153-4.plesk.page\/de\/wp-json\/wp\/v2\/comments?post=3418983"}],"version-history":[{"count":0,"href":"https:\/\/stoic-curie.212-227-153-4.plesk.page\/de\/wp-json\/wp\/v2\/product\/3418983\/revisions"}],"wp:featuredmedia":[{"embeddable":true,"href":"https:\/\/stoic-curie.212-227-153-4.plesk.page\/de\/wp-json\/wp\/v2\/media\/5942294"}],"wp:attachment":[{"href":"https:\/\/stoic-curie.212-227-153-4.plesk.page\/de\/wp-json\/wp\/v2\/media?parent=3418983"}],"wp:term":[{"taxonomy":"product_brand","embeddable":true,"href":"https:\/\/stoic-curie.212-227-153-4.plesk.page\/de\/wp-json\/wp\/v2\/product_brand?post=3418983"},{"taxonomy":"product_cat","embeddable":true,"href":"https:\/\/stoic-curie.212-227-153-4.plesk.page\/de\/wp-json\/wp\/v2\/product_cat?post=3418983"},{"taxonomy":"product_tag","embeddable":true,"href":"https:\/\/stoic-curie.212-227-153-4.plesk.page\/de\/wp-json\/wp\/v2\/product_tag?post=3418983"}],"curies":[{"name":"wp","href":"https:\/\/api.w.org\/{rel}","templated":true}]}}