{"id":3418990,"date":"2025-10-09T22:48:46","date_gmt":"2025-10-10T02:48:46","guid":{"rendered":"https:\/\/stoic-curie.212-227-153-4.plesk.page\/product\/stundenzaehler-ecms-schwarz-chrom-12-24v-52mm\/"},"modified":"2026-02-24T23:34:58","modified_gmt":"2026-02-24T23:34:58","slug":"stundenzaehler-ecms-schwarz-chrom-12-24v-52mm","status":"publish","type":"product","link":"https:\/\/stoic-curie.212-227-153-4.plesk.page\/de\/product\/stundenzaehler-ecms-schwarz-chrom-12-24v-52mm\/","title":{"rendered":"Stundenz\u00e4hler ECMS Schwarz Chrom 12\/24V 52mm"},"content":{"rendered":"<p>Stundenz\u00e4hler ECMS Schwarz Chrom 12\/24V 52mm &#8211; <\/p>\n<p>Ecms Black Chrome 12\/24V Instrumente, komplett mit verkabeltem Molex-Anschluss. Polierter Edelstahlrahmen und schwarzes Zifferblatt. Wasserdicht nach IP67 gesch\u00fctzte, gew\u00f6lbte, nebelresistente Linse. Anpassbares, mehrfarbig hinterleuchtetes Zifferblatt. Die F\u00fcllstandsanzeigen k\u00f6nnen \u00fcber die R\u00fcckstelltaste auf jeden Impedanzwert eingestellt werden und sind werkseitig auf den Standardwert 0-190 Ohm voreingestellt. Die \u00d6ldruckinstrumente f\u00fcr 5 und 10 bar sind mit Standard-Sensoren (10-180 Ohm) kompatibel, w\u00e4hrend das 30 bar Instrument nur mit elektronischen Sensoren (0,5-4,5V) kompatibel ist. Die Amperemeter sind mit einem Sensor (Shunt) ausgestattet, um den Strom zu messen.<\/p>\n","protected":false},"excerpt":{"rendered":"<p>Stundenz\u00e4hler ECMS Schwarz Chrom 12\/24V 52mm &#8211; Ecms Black Chrome 12\/24V Instrumente, komplett mit verkabeltem Molex-Anschluss. Polierter Edelstahlrahmen und schwarzes<\/p>\n","protected":false},"featured_media":5942305,"comment_status":"closed","ping_status":"closed","template":"","meta":[],"product_brand":[2910],"product_cat":[1501,1524],"product_tag":[],"class_list":{"0":"post-3418990","1":"product","2":"type-product","3":"status-publish","4":"has-post-thumbnail","6":"product_brand-ecms-marine-de","7":"product_cat-bootstachometer","8":"product_cat-ecms-messgeraete","10":"first","11":"instock","12":"shipping-taxable","13":"purchasable","14":"product-type-simple"},"_links":{"self":[{"href":"https:\/\/stoic-curie.212-227-153-4.plesk.page\/de\/wp-json\/wp\/v2\/product\/3418990","targetHints":{"allow":["GET"]}}],"collection":[{"href":"https:\/\/stoic-curie.212-227-153-4.plesk.page\/de\/wp-json\/wp\/v2\/product"}],"about":[{"href":"https:\/\/stoic-curie.212-227-153-4.plesk.page\/de\/wp-json\/wp\/v2\/types\/product"}],"replies":[{"embeddable":true,"href":"https:\/\/stoic-curie.212-227-153-4.plesk.page\/de\/wp-json\/wp\/v2\/comments?post=3418990"}],"version-history":[{"count":0,"href":"https:\/\/stoic-curie.212-227-153-4.plesk.page\/de\/wp-json\/wp\/v2\/product\/3418990\/revisions"}],"wp:featuredmedia":[{"embeddable":true,"href":"https:\/\/stoic-curie.212-227-153-4.plesk.page\/de\/wp-json\/wp\/v2\/media\/5942305"}],"wp:attachment":[{"href":"https:\/\/stoic-curie.212-227-153-4.plesk.page\/de\/wp-json\/wp\/v2\/media?parent=3418990"}],"wp:term":[{"taxonomy":"product_brand","embeddable":true,"href":"https:\/\/stoic-curie.212-227-153-4.plesk.page\/de\/wp-json\/wp\/v2\/product_brand?post=3418990"},{"taxonomy":"product_cat","embeddable":true,"href":"https:\/\/stoic-curie.212-227-153-4.plesk.page\/de\/wp-json\/wp\/v2\/product_cat?post=3418990"},{"taxonomy":"product_tag","embeddable":true,"href":"https:\/\/stoic-curie.212-227-153-4.plesk.page\/de\/wp-json\/wp\/v2\/product_tag?post=3418990"}],"curies":[{"name":"wp","href":"https:\/\/api.w.org\/{rel}","templated":true}]}}