{"id":3419004,"date":"2025-10-09T22:48:46","date_gmt":"2025-10-10T02:48:46","guid":{"rendered":"https:\/\/stoic-curie.212-227-153-4.plesk.page\/product\/stundenzaehler-ecms-schwarz-12-24v-52mm\/"},"modified":"2026-02-24T23:34:58","modified_gmt":"2026-02-24T23:34:58","slug":"stundenzaehler-ecms-schwarz-12-24v-52mm","status":"publish","type":"product","link":"https:\/\/stoic-curie.212-227-153-4.plesk.page\/de\/product\/stundenzaehler-ecms-schwarz-12-24v-52mm\/","title":{"rendered":"Stundenz\u00e4hler ECMS Schwarz 12\/24V 52mm"},"content":{"rendered":"<p>Stundenz\u00e4hler ECMS Schwarz 12\/24V 52mm &#8211; <\/p>\n<p>Ecms 12\/24V All Black Instrumente, komplett mit verdrahtetem Molex-Stecker. Schwarzer Edelstahlrahmen und schwarzes Zifferblatt. Wasserdicht nach IP67, mit einer gew\u00f6lbten, beschlagfreien Linse. Anpassbares, mehrfarbiges LED-hintergrundbeleuchtetes Zifferblatt. Die Niveaumesser k\u00f6nnen mithilfe der R\u00fcckkonfigurationstaste auf jeden Impedanzwert eingestellt werden. Sie sind standardm\u00e4\u00dfig auf den Wert 0-190 Ohm voreingestellt. Die 5- und 10-Bar-\u00d6ldruckmesser sind mit Standardsensoren (10-180 Ohm) kompatibel, w\u00e4hrend der 30-Bar-Messer nur mit elektronischen Sensoren (0,5-4,5V) funktioniert. Die Amperemeter sind mit einem Sensor (Shunt) ausgestattet, um den Strom zu messen.<\/p>\n","protected":false},"excerpt":{"rendered":"<p>Stundenz\u00e4hler ECMS Schwarz 12\/24V 52mm &#8211; Ecms 12\/24V All Black Instrumente, komplett mit verdrahtetem Molex-Stecker. Schwarzer Edelstahlrahmen und schwarzes Zifferblatt.<\/p>\n","protected":false},"featured_media":5942910,"comment_status":"closed","ping_status":"closed","template":"","meta":[],"product_brand":[2910],"product_cat":[1501,1524],"product_tag":[],"class_list":{"0":"post-3419004","1":"product","2":"type-product","3":"status-publish","4":"has-post-thumbnail","6":"product_brand-ecms-marine-de","7":"product_cat-bootstachometer","8":"product_cat-ecms-messgeraete","10":"first","11":"instock","12":"shipping-taxable","13":"purchasable","14":"product-type-simple"},"_links":{"self":[{"href":"https:\/\/stoic-curie.212-227-153-4.plesk.page\/de\/wp-json\/wp\/v2\/product\/3419004","targetHints":{"allow":["GET"]}}],"collection":[{"href":"https:\/\/stoic-curie.212-227-153-4.plesk.page\/de\/wp-json\/wp\/v2\/product"}],"about":[{"href":"https:\/\/stoic-curie.212-227-153-4.plesk.page\/de\/wp-json\/wp\/v2\/types\/product"}],"replies":[{"embeddable":true,"href":"https:\/\/stoic-curie.212-227-153-4.plesk.page\/de\/wp-json\/wp\/v2\/comments?post=3419004"}],"version-history":[{"count":0,"href":"https:\/\/stoic-curie.212-227-153-4.plesk.page\/de\/wp-json\/wp\/v2\/product\/3419004\/revisions"}],"wp:featuredmedia":[{"embeddable":true,"href":"https:\/\/stoic-curie.212-227-153-4.plesk.page\/de\/wp-json\/wp\/v2\/media\/5942910"}],"wp:attachment":[{"href":"https:\/\/stoic-curie.212-227-153-4.plesk.page\/de\/wp-json\/wp\/v2\/media?parent=3419004"}],"wp:term":[{"taxonomy":"product_brand","embeddable":true,"href":"https:\/\/stoic-curie.212-227-153-4.plesk.page\/de\/wp-json\/wp\/v2\/product_brand?post=3419004"},{"taxonomy":"product_cat","embeddable":true,"href":"https:\/\/stoic-curie.212-227-153-4.plesk.page\/de\/wp-json\/wp\/v2\/product_cat?post=3419004"},{"taxonomy":"product_tag","embeddable":true,"href":"https:\/\/stoic-curie.212-227-153-4.plesk.page\/de\/wp-json\/wp\/v2\/product_tag?post=3419004"}],"curies":[{"name":"wp","href":"https:\/\/api.w.org\/{rel}","templated":true}]}}