{"id":3419033,"date":"2025-10-09T22:48:47","date_gmt":"2025-10-10T02:48:47","guid":{"rendered":"https:\/\/stoic-curie.212-227-153-4.plesk.page\/product\/icey-tek-synthetische-eisziegel-310-x-280-x-30-mm-2-kg\/"},"modified":"2026-02-24T23:34:58","modified_gmt":"2026-02-24T23:34:58","slug":"icey-tek-synthetische-eisziegel-310-x-280-x-30-mm-2-kg","status":"publish","type":"product","link":"https:\/\/stoic-curie.212-227-153-4.plesk.page\/de\/product\/icey-tek-synthetische-eisziegel-310-x-280-x-30-mm-2-kg\/","title":{"rendered":"Icey-Tek synthetische Eisziegel 310 x 280 x 30 mm, 2 kg"},"content":{"rendered":"<p>Icey-Tek synthetische Eisziegel 310 x 280 x 30 mm, 2 kg &#8211; <\/p>\n<p>Icey-Tek synthetische Eisbl\u00f6cke mit speziellem ungiftigen Gel und widerstandsf\u00e4higem Lebensmittel-Polyethylenbeh\u00e4lter. Ideal f\u00fcr den t\u00e4glichen Fischfang oder die Lebensmittelkonservierung.<\/p>\n","protected":false},"excerpt":{"rendered":"<p>Icey-Tek synthetische Eisziegel 310 x 280 x 30 mm, 2 kg &#8211; Icey-Tek synthetische Eisbl\u00f6cke mit speziellem ungiftigen Gel und<\/p>\n","protected":false},"featured_media":5943041,"comment_status":"closed","ping_status":"closed","template":"","meta":[],"product_brand":[3005],"product_cat":[1556,1359],"product_tag":[],"class_list":{"0":"post-3419033","1":"product","2":"type-product","3":"status-publish","4":"has-post-thumbnail","6":"product_brand-icey-tek-de","7":"product_cat-angelzubehoer","8":"product_cat-kuehlbox-kuehlgeraete","10":"first","11":"instock","12":"shipping-taxable","13":"purchasable","14":"product-type-simple"},"_links":{"self":[{"href":"https:\/\/stoic-curie.212-227-153-4.plesk.page\/de\/wp-json\/wp\/v2\/product\/3419033","targetHints":{"allow":["GET"]}}],"collection":[{"href":"https:\/\/stoic-curie.212-227-153-4.plesk.page\/de\/wp-json\/wp\/v2\/product"}],"about":[{"href":"https:\/\/stoic-curie.212-227-153-4.plesk.page\/de\/wp-json\/wp\/v2\/types\/product"}],"replies":[{"embeddable":true,"href":"https:\/\/stoic-curie.212-227-153-4.plesk.page\/de\/wp-json\/wp\/v2\/comments?post=3419033"}],"version-history":[{"count":0,"href":"https:\/\/stoic-curie.212-227-153-4.plesk.page\/de\/wp-json\/wp\/v2\/product\/3419033\/revisions"}],"wp:featuredmedia":[{"embeddable":true,"href":"https:\/\/stoic-curie.212-227-153-4.plesk.page\/de\/wp-json\/wp\/v2\/media\/5943041"}],"wp:attachment":[{"href":"https:\/\/stoic-curie.212-227-153-4.plesk.page\/de\/wp-json\/wp\/v2\/media?parent=3419033"}],"wp:term":[{"taxonomy":"product_brand","embeddable":true,"href":"https:\/\/stoic-curie.212-227-153-4.plesk.page\/de\/wp-json\/wp\/v2\/product_brand?post=3419033"},{"taxonomy":"product_cat","embeddable":true,"href":"https:\/\/stoic-curie.212-227-153-4.plesk.page\/de\/wp-json\/wp\/v2\/product_cat?post=3419033"},{"taxonomy":"product_tag","embeddable":true,"href":"https:\/\/stoic-curie.212-227-153-4.plesk.page\/de\/wp-json\/wp\/v2\/product_tag?post=3419033"}],"curies":[{"name":"wp","href":"https:\/\/api.w.org\/{rel}","templated":true}]}}