{"id":3419182,"date":"2025-10-09T22:48:52","date_gmt":"2025-10-10T02:48:52","guid":{"rendered":"https:\/\/stoic-curie.212-227-153-4.plesk.page\/product\/edelstahl-d-schaekel-10-mm\/"},"modified":"2026-02-24T23:34:58","modified_gmt":"2026-02-24T23:34:58","slug":"edelstahl-d-schaekel-10-mm","status":"publish","type":"product","link":"https:\/\/stoic-curie.212-227-153-4.plesk.page\/de\/product\/edelstahl-d-schaekel-10-mm\/","title":{"rendered":"Edelstahl-D-Sch\u00e4kel 10 mm"},"content":{"rendered":"<p>Edelstahl-D-Sch\u00e4kel 10 mm &#8211; <\/p>\n<p>Nur f\u00fcr Testzwecke der Seitennummerierung. Nur f\u00fcr Testzwecke der Seitennummerierung. Nur f\u00fcr Testzwecke der Seitennummerierung. Nur f\u00fcr Testzwecke der Seitennummerierung. Nur f\u00fcr Testzwecke der Seitennummerierung. Nur f\u00fcr Testzwecke der Seitennummerierung. Nur f\u00fcr Testzwecke der Seitennummerierung.<\/p>\n","protected":false},"excerpt":{"rendered":"<p>Edelstahl-D-Sch\u00e4kel 10 mm &#8211; Nur f\u00fcr Testzwecke der Seitennummerierung. Nur f\u00fcr Testzwecke der Seitennummerierung. Nur f\u00fcr Testzwecke der Seitennummerierung. Nur<\/p>\n","protected":false},"featured_media":5937703,"comment_status":"closed","ping_status":"closed","template":"","meta":[],"product_brand":[3120],"product_cat":[1406],"product_tag":[],"class_list":{"0":"post-3419182","1":"product","2":"type-product","3":"status-publish","4":"has-post-thumbnail","6":"product_brand-marinetech-de","7":"product_cat-schaekel","9":"first","10":"instock","11":"shipping-taxable","12":"purchasable","13":"product-type-simple"},"_links":{"self":[{"href":"https:\/\/stoic-curie.212-227-153-4.plesk.page\/de\/wp-json\/wp\/v2\/product\/3419182","targetHints":{"allow":["GET"]}}],"collection":[{"href":"https:\/\/stoic-curie.212-227-153-4.plesk.page\/de\/wp-json\/wp\/v2\/product"}],"about":[{"href":"https:\/\/stoic-curie.212-227-153-4.plesk.page\/de\/wp-json\/wp\/v2\/types\/product"}],"replies":[{"embeddable":true,"href":"https:\/\/stoic-curie.212-227-153-4.plesk.page\/de\/wp-json\/wp\/v2\/comments?post=3419182"}],"version-history":[{"count":0,"href":"https:\/\/stoic-curie.212-227-153-4.plesk.page\/de\/wp-json\/wp\/v2\/product\/3419182\/revisions"}],"wp:featuredmedia":[{"embeddable":true,"href":"https:\/\/stoic-curie.212-227-153-4.plesk.page\/de\/wp-json\/wp\/v2\/media\/5937703"}],"wp:attachment":[{"href":"https:\/\/stoic-curie.212-227-153-4.plesk.page\/de\/wp-json\/wp\/v2\/media?parent=3419182"}],"wp:term":[{"taxonomy":"product_brand","embeddable":true,"href":"https:\/\/stoic-curie.212-227-153-4.plesk.page\/de\/wp-json\/wp\/v2\/product_brand?post=3419182"},{"taxonomy":"product_cat","embeddable":true,"href":"https:\/\/stoic-curie.212-227-153-4.plesk.page\/de\/wp-json\/wp\/v2\/product_cat?post=3419182"},{"taxonomy":"product_tag","embeddable":true,"href":"https:\/\/stoic-curie.212-227-153-4.plesk.page\/de\/wp-json\/wp\/v2\/product_tag?post=3419182"}],"curies":[{"name":"wp","href":"https:\/\/api.w.org\/{rel}","templated":true}]}}