{"id":3419335,"date":"2025-10-09T22:48:57","date_gmt":"2025-10-10T02:48:57","guid":{"rendered":"https:\/\/stoic-curie.212-227-153-4.plesk.page\/product\/edelstahl-drehkarabiner-mit-wirbelschaekel-schaekel-19mm\/"},"modified":"2026-02-24T23:34:59","modified_gmt":"2026-02-24T23:34:59","slug":"edelstahl-drehkarabiner-mit-wirbelschaekel-schaekel-19mm","status":"publish","type":"product","link":"https:\/\/stoic-curie.212-227-153-4.plesk.page\/de\/product\/edelstahl-drehkarabiner-mit-wirbelschaekel-schaekel-19mm\/","title":{"rendered":"Edelstahl-Drehkarabiner mit Wirbelsch\u00e4kel-Sch\u00e4kel 19mm"},"content":{"rendered":"<p>Edelstahl-Drehkarabiner mit Wirbelsch\u00e4kel-Sch\u00e4kel 19mm &#8211; <\/p>\n<p>Verzinkter Stahl Jaw-Jaw-Schwenkmechanismus.<\/p>\n","protected":false},"excerpt":{"rendered":"<p>Edelstahl-Drehkarabiner mit Wirbelsch\u00e4kel-Sch\u00e4kel 19mm &#8211; Verzinkter Stahl Jaw-Jaw-Schwenkmechanismus.<\/p>\n","protected":false},"featured_media":5937785,"comment_status":"closed","ping_status":"closed","template":"","meta":[],"product_brand":[3085],"product_cat":[1578],"product_tag":[],"class_list":{"0":"post-3419335","1":"product","2":"type-product","3":"status-publish","4":"has-post-thumbnail","6":"product_brand-maggigroup-de","7":"product_cat-ankerdrehgelenke","9":"first","10":"instock","11":"shipping-taxable","12":"purchasable","13":"product-type-simple"},"_links":{"self":[{"href":"https:\/\/stoic-curie.212-227-153-4.plesk.page\/de\/wp-json\/wp\/v2\/product\/3419335","targetHints":{"allow":["GET"]}}],"collection":[{"href":"https:\/\/stoic-curie.212-227-153-4.plesk.page\/de\/wp-json\/wp\/v2\/product"}],"about":[{"href":"https:\/\/stoic-curie.212-227-153-4.plesk.page\/de\/wp-json\/wp\/v2\/types\/product"}],"replies":[{"embeddable":true,"href":"https:\/\/stoic-curie.212-227-153-4.plesk.page\/de\/wp-json\/wp\/v2\/comments?post=3419335"}],"version-history":[{"count":0,"href":"https:\/\/stoic-curie.212-227-153-4.plesk.page\/de\/wp-json\/wp\/v2\/product\/3419335\/revisions"}],"wp:featuredmedia":[{"embeddable":true,"href":"https:\/\/stoic-curie.212-227-153-4.plesk.page\/de\/wp-json\/wp\/v2\/media\/5937785"}],"wp:attachment":[{"href":"https:\/\/stoic-curie.212-227-153-4.plesk.page\/de\/wp-json\/wp\/v2\/media?parent=3419335"}],"wp:term":[{"taxonomy":"product_brand","embeddable":true,"href":"https:\/\/stoic-curie.212-227-153-4.plesk.page\/de\/wp-json\/wp\/v2\/product_brand?post=3419335"},{"taxonomy":"product_cat","embeddable":true,"href":"https:\/\/stoic-curie.212-227-153-4.plesk.page\/de\/wp-json\/wp\/v2\/product_cat?post=3419335"},{"taxonomy":"product_tag","embeddable":true,"href":"https:\/\/stoic-curie.212-227-153-4.plesk.page\/de\/wp-json\/wp\/v2\/product_tag?post=3419335"}],"curies":[{"name":"wp","href":"https:\/\/api.w.org\/{rel}","templated":true}]}}