{"id":3420025,"date":"2025-10-09T22:49:18","date_gmt":"2025-10-10T02:49:18","guid":{"rendered":"https:\/\/stoic-curie.212-227-153-4.plesk.page\/product\/verriegelnde-haspel-federschliesse-56-mm-edelstahl\/"},"modified":"2026-02-24T23:34:59","modified_gmt":"2026-02-24T23:34:59","slug":"verriegelnde-haspel-federschliesse-56-mm-edelstahl","status":"publish","type":"product","link":"https:\/\/stoic-curie.212-227-153-4.plesk.page\/de\/product\/verriegelnde-haspel-federschliesse-56-mm-edelstahl\/","title":{"rendered":"Verriegelnde Haspel-Federschlie\u00dfe 56 mm Edelstahl"},"content":{"rendered":"<p>Verriegelnde Haspel-Federschlie\u00dfe 56 mm Edelstahl &#8211; <\/p>\n<p>Edelstahl-Push-Pull-Verschluss f\u00fcr Schr\u00e4nke. <br \/>Mit Federknopf, Ring und Vorh\u00e4ngeschlossloch.<\/p>\n","protected":false},"excerpt":{"rendered":"<p>Verriegelnde Haspel-Federschlie\u00dfe 56 mm Edelstahl &#8211; Edelstahl-Push-Pull-Verschluss f\u00fcr Schr\u00e4nke. Mit Federknopf, Ring und Vorh\u00e4ngeschlossloch.<\/p>\n","protected":false},"featured_media":5943125,"comment_status":"closed","ping_status":"closed","template":"","meta":[],"product_brand":[3120],"product_cat":[1400,1408],"product_tag":[],"class_list":{"0":"post-3420025","1":"product","2":"type-product","3":"status-publish","4":"has-post-thumbnail","6":"product_brand-marinetech-de","7":"product_cat-bootsverschluesse","8":"product_cat-kunststoffluken","10":"first","11":"instock","12":"shipping-taxable","13":"purchasable","14":"product-type-simple"},"_links":{"self":[{"href":"https:\/\/stoic-curie.212-227-153-4.plesk.page\/de\/wp-json\/wp\/v2\/product\/3420025","targetHints":{"allow":["GET"]}}],"collection":[{"href":"https:\/\/stoic-curie.212-227-153-4.plesk.page\/de\/wp-json\/wp\/v2\/product"}],"about":[{"href":"https:\/\/stoic-curie.212-227-153-4.plesk.page\/de\/wp-json\/wp\/v2\/types\/product"}],"replies":[{"embeddable":true,"href":"https:\/\/stoic-curie.212-227-153-4.plesk.page\/de\/wp-json\/wp\/v2\/comments?post=3420025"}],"version-history":[{"count":0,"href":"https:\/\/stoic-curie.212-227-153-4.plesk.page\/de\/wp-json\/wp\/v2\/product\/3420025\/revisions"}],"wp:featuredmedia":[{"embeddable":true,"href":"https:\/\/stoic-curie.212-227-153-4.plesk.page\/de\/wp-json\/wp\/v2\/media\/5943125"}],"wp:attachment":[{"href":"https:\/\/stoic-curie.212-227-153-4.plesk.page\/de\/wp-json\/wp\/v2\/media?parent=3420025"}],"wp:term":[{"taxonomy":"product_brand","embeddable":true,"href":"https:\/\/stoic-curie.212-227-153-4.plesk.page\/de\/wp-json\/wp\/v2\/product_brand?post=3420025"},{"taxonomy":"product_cat","embeddable":true,"href":"https:\/\/stoic-curie.212-227-153-4.plesk.page\/de\/wp-json\/wp\/v2\/product_cat?post=3420025"},{"taxonomy":"product_tag","embeddable":true,"href":"https:\/\/stoic-curie.212-227-153-4.plesk.page\/de\/wp-json\/wp\/v2\/product_tag?post=3420025"}],"curies":[{"name":"wp","href":"https:\/\/api.w.org\/{rel}","templated":true}]}}