{"id":3420070,"date":"2025-10-09T22:49:20","date_gmt":"2025-10-10T02:49:20","guid":{"rendered":"https:\/\/stoic-curie.212-227-153-4.plesk.page\/product\/southco-cg-schliessen-sie-den-riegel-50x12mm-ohne-schluessel-edelstahl\/"},"modified":"2026-02-24T23:34:59","modified_gmt":"2026-02-24T23:34:59","slug":"southco-cg-schliessen-sie-den-riegel-50x12mm-ohne-schluessel-edelstahl","status":"publish","type":"product","link":"https:\/\/stoic-curie.212-227-153-4.plesk.page\/de\/product\/southco-cg-schliessen-sie-den-riegel-50x12mm-ohne-schluessel-edelstahl\/","title":{"rendered":"Southco CG Schlie\u00dfen Sie den Riegel 50x12mm ohne Schl\u00fcssel Edelstahl"},"content":{"rendered":"<p>Southco CG Schlie\u00dfen Sie den Riegel 50x12mm ohne Schl\u00fcssel Edelstahl &#8211; <\/p>\n<p>Flush-Mount-Push-to-Close-Schnapper f\u00fcr Luken und W\u00e4nde. Hochgl\u00e4nzender Edelstahlk\u00f6rper.<\/p>\n","protected":false},"excerpt":{"rendered":"<p>Southco CG Schlie\u00dfen Sie den Riegel 50x12mm ohne Schl\u00fcssel Edelstahl &#8211; Flush-Mount-Push-to-Close-Schnapper f\u00fcr Luken und W\u00e4nde. Hochgl\u00e4nzender Edelstahlk\u00f6rper.<\/p>\n","protected":false},"featured_media":5943132,"comment_status":"closed","ping_status":"closed","template":"","meta":[],"product_brand":[3415],"product_cat":[1400],"product_tag":[],"class_list":{"0":"post-3420070","1":"product","2":"type-product","3":"status-publish","4":"has-post-thumbnail","6":"product_brand-southco-mobella-de","7":"product_cat-bootsverschluesse","9":"first","10":"instock","11":"shipping-taxable","12":"purchasable","13":"product-type-simple"},"_links":{"self":[{"href":"https:\/\/stoic-curie.212-227-153-4.plesk.page\/de\/wp-json\/wp\/v2\/product\/3420070","targetHints":{"allow":["GET"]}}],"collection":[{"href":"https:\/\/stoic-curie.212-227-153-4.plesk.page\/de\/wp-json\/wp\/v2\/product"}],"about":[{"href":"https:\/\/stoic-curie.212-227-153-4.plesk.page\/de\/wp-json\/wp\/v2\/types\/product"}],"replies":[{"embeddable":true,"href":"https:\/\/stoic-curie.212-227-153-4.plesk.page\/de\/wp-json\/wp\/v2\/comments?post=3420070"}],"version-history":[{"count":0,"href":"https:\/\/stoic-curie.212-227-153-4.plesk.page\/de\/wp-json\/wp\/v2\/product\/3420070\/revisions"}],"wp:featuredmedia":[{"embeddable":true,"href":"https:\/\/stoic-curie.212-227-153-4.plesk.page\/de\/wp-json\/wp\/v2\/media\/5943132"}],"wp:attachment":[{"href":"https:\/\/stoic-curie.212-227-153-4.plesk.page\/de\/wp-json\/wp\/v2\/media?parent=3420070"}],"wp:term":[{"taxonomy":"product_brand","embeddable":true,"href":"https:\/\/stoic-curie.212-227-153-4.plesk.page\/de\/wp-json\/wp\/v2\/product_brand?post=3420070"},{"taxonomy":"product_cat","embeddable":true,"href":"https:\/\/stoic-curie.212-227-153-4.plesk.page\/de\/wp-json\/wp\/v2\/product_cat?post=3420070"},{"taxonomy":"product_tag","embeddable":true,"href":"https:\/\/stoic-curie.212-227-153-4.plesk.page\/de\/wp-json\/wp\/v2\/product_tag?post=3420070"}],"curies":[{"name":"wp","href":"https:\/\/api.w.org\/{rel}","templated":true}]}}