{"id":3420215,"date":"2025-10-09T22:49:24","date_gmt":"2025-10-10T02:49:24","guid":{"rendered":"https:\/\/stoic-curie.212-227-153-4.plesk.page\/product\/southco-drehknopfverschluss-zum-buendigen-einbau-32x47mm-verchromte-oberflaeche\/"},"modified":"2026-02-24T23:34:59","modified_gmt":"2026-02-24T23:34:59","slug":"southco-drehknopfverschluss-zum-buendigen-einbau-32x47mm-verchromte-oberflaeche","status":"publish","type":"product","link":"https:\/\/stoic-curie.212-227-153-4.plesk.page\/de\/product\/southco-drehknopfverschluss-zum-buendigen-einbau-32x47mm-verchromte-oberflaeche\/","title":{"rendered":"Southco Drehknopfverschluss zum b\u00fcndigen Einbau 32x47mm Verchromte Oberfl\u00e4che"},"content":{"rendered":"<p>Southco Drehknopfverschluss zum b\u00fcndigen Einbau 32x47mm Verchromte Oberfl\u00e4che &#8211; <\/p>\n<p>Der Southco Push\/Twist Knopfverschluss: Der Knopf bleibt im geschlossenen Zustand b\u00fcndig, springt jedoch mit einem leichten Druck heraus, um einen sicheren Griff zum Bet\u00e4tigen des Verschlusses zu bieten und die T\u00fcr zu \u00f6ffnen oder zu schlie\u00dfen. Drehen Sie den Knopf, um zu \u00f6ffnen, und dr\u00fccken Sie die T\u00fcr, um zu schlie\u00dfen. Selbstjustierendes Halter. UV-best\u00e4ndiger Korrosionsschutz f\u00fcr Mutter und Geh\u00e4use. F\u00fcr b\u00fcndige oder oberfl\u00e4chenmontierte T\u00fcrmontagen.<\/p>\n","protected":false},"excerpt":{"rendered":"<p>Southco Drehknopfverschluss zum b\u00fcndigen Einbau 32x47mm Verchromte Oberfl\u00e4che &#8211; Der Southco Push\/Twist Knopfverschluss: Der Knopf bleibt im geschlossenen Zustand b\u00fcndig,<\/p>\n","protected":false},"featured_media":5938004,"comment_status":"closed","ping_status":"closed","template":"","meta":[],"product_brand":[3415],"product_cat":[1400,1423],"product_tag":[],"class_list":{"0":"post-3420215","1":"product","2":"type-product","3":"status-publish","4":"has-post-thumbnail","6":"product_brand-southco-mobella-de","7":"product_cat-bootsverschluesse","8":"product_cat-kabinenbeschlaege","10":"first","11":"instock","12":"shipping-taxable","13":"purchasable","14":"product-type-simple"},"_links":{"self":[{"href":"https:\/\/stoic-curie.212-227-153-4.plesk.page\/de\/wp-json\/wp\/v2\/product\/3420215","targetHints":{"allow":["GET"]}}],"collection":[{"href":"https:\/\/stoic-curie.212-227-153-4.plesk.page\/de\/wp-json\/wp\/v2\/product"}],"about":[{"href":"https:\/\/stoic-curie.212-227-153-4.plesk.page\/de\/wp-json\/wp\/v2\/types\/product"}],"replies":[{"embeddable":true,"href":"https:\/\/stoic-curie.212-227-153-4.plesk.page\/de\/wp-json\/wp\/v2\/comments?post=3420215"}],"version-history":[{"count":0,"href":"https:\/\/stoic-curie.212-227-153-4.plesk.page\/de\/wp-json\/wp\/v2\/product\/3420215\/revisions"}],"wp:featuredmedia":[{"embeddable":true,"href":"https:\/\/stoic-curie.212-227-153-4.plesk.page\/de\/wp-json\/wp\/v2\/media\/5938004"}],"wp:attachment":[{"href":"https:\/\/stoic-curie.212-227-153-4.plesk.page\/de\/wp-json\/wp\/v2\/media?parent=3420215"}],"wp:term":[{"taxonomy":"product_brand","embeddable":true,"href":"https:\/\/stoic-curie.212-227-153-4.plesk.page\/de\/wp-json\/wp\/v2\/product_brand?post=3420215"},{"taxonomy":"product_cat","embeddable":true,"href":"https:\/\/stoic-curie.212-227-153-4.plesk.page\/de\/wp-json\/wp\/v2\/product_cat?post=3420215"},{"taxonomy":"product_tag","embeddable":true,"href":"https:\/\/stoic-curie.212-227-153-4.plesk.page\/de\/wp-json\/wp\/v2\/product_tag?post=3420215"}],"curies":[{"name":"wp","href":"https:\/\/api.w.org\/{rel}","templated":true}]}}