{"id":3420251,"date":"2025-10-09T22:49:25","date_gmt":"2025-10-10T02:49:25","guid":{"rendered":"https:\/\/stoic-curie.212-227-153-4.plesk.page\/product\/southco-punkt-verschluss-eckig-25x50mm-verchromt\/"},"modified":"2026-02-24T23:34:59","modified_gmt":"2026-02-24T23:34:59","slug":"southco-punkt-verschluss-eckig-25x50mm-verchromt","status":"publish","type":"product","link":"https:\/\/stoic-curie.212-227-153-4.plesk.page\/de\/product\/southco-punkt-verschluss-eckig-25x50mm-verchromt\/","title":{"rendered":"Southco Punkt-Verschluss eckig 25x50mm Verchromt"},"content":{"rendered":"<p>Southco Punkt-Verschluss eckig 25x50mm Verchromt &#8211; <\/p>\n<p>Der Southco Push-to-Close Punktverschluss mit flachem Knopf und quadratischer Flansch. Der Zugknopf ist im geschlossenen Zustand auf der T\u00fcr versenkt und springt beim \u00d6ffnen der T\u00fcr heraus. Schwarze Nylonmutter und Geh\u00e4use, Messingknopf und -flansch. Mit festem oder verstellbarem Halter abzuschlie\u00dfen.<\/p>\n","protected":false},"excerpt":{"rendered":"<p>Southco Punkt-Verschluss eckig 25x50mm Verchromt &#8211; Der Southco Push-to-Close Punktverschluss mit flachem Knopf und quadratischer Flansch. Der Zugknopf ist im<\/p>\n","protected":false},"featured_media":5943146,"comment_status":"closed","ping_status":"closed","template":"","meta":[],"product_brand":[3415],"product_cat":[1400,1423],"product_tag":[],"class_list":{"0":"post-3420251","1":"product","2":"type-product","3":"status-publish","4":"has-post-thumbnail","6":"product_brand-southco-mobella-de","7":"product_cat-bootsverschluesse","8":"product_cat-kabinenbeschlaege","10":"first","11":"instock","12":"shipping-taxable","13":"purchasable","14":"product-type-simple"},"_links":{"self":[{"href":"https:\/\/stoic-curie.212-227-153-4.plesk.page\/de\/wp-json\/wp\/v2\/product\/3420251","targetHints":{"allow":["GET"]}}],"collection":[{"href":"https:\/\/stoic-curie.212-227-153-4.plesk.page\/de\/wp-json\/wp\/v2\/product"}],"about":[{"href":"https:\/\/stoic-curie.212-227-153-4.plesk.page\/de\/wp-json\/wp\/v2\/types\/product"}],"replies":[{"embeddable":true,"href":"https:\/\/stoic-curie.212-227-153-4.plesk.page\/de\/wp-json\/wp\/v2\/comments?post=3420251"}],"version-history":[{"count":0,"href":"https:\/\/stoic-curie.212-227-153-4.plesk.page\/de\/wp-json\/wp\/v2\/product\/3420251\/revisions"}],"wp:featuredmedia":[{"embeddable":true,"href":"https:\/\/stoic-curie.212-227-153-4.plesk.page\/de\/wp-json\/wp\/v2\/media\/5943146"}],"wp:attachment":[{"href":"https:\/\/stoic-curie.212-227-153-4.plesk.page\/de\/wp-json\/wp\/v2\/media?parent=3420251"}],"wp:term":[{"taxonomy":"product_brand","embeddable":true,"href":"https:\/\/stoic-curie.212-227-153-4.plesk.page\/de\/wp-json\/wp\/v2\/product_brand?post=3420251"},{"taxonomy":"product_cat","embeddable":true,"href":"https:\/\/stoic-curie.212-227-153-4.plesk.page\/de\/wp-json\/wp\/v2\/product_cat?post=3420251"},{"taxonomy":"product_tag","embeddable":true,"href":"https:\/\/stoic-curie.212-227-153-4.plesk.page\/de\/wp-json\/wp\/v2\/product_tag?post=3420251"}],"curies":[{"name":"wp","href":"https:\/\/api.w.org\/{rel}","templated":true}]}}