{"id":3420319,"date":"2025-10-09T22:49:28","date_gmt":"2025-10-10T02:49:28","guid":{"rendered":"https:\/\/stoic-curie.212-227-153-4.plesk.page\/product\/sicherheitsverriegelungsstangen-fuer-aussenborder-bis-25-ps-35-x-240-mm\/"},"modified":"2026-02-24T23:34:59","modified_gmt":"2026-02-24T23:34:59","slug":"sicherheitsverriegelungsstangen-fuer-aussenborder-bis-25-ps-35-x-240-mm","status":"publish","type":"product","link":"https:\/\/stoic-curie.212-227-153-4.plesk.page\/de\/product\/sicherheitsverriegelungsstangen-fuer-aussenborder-bis-25-ps-35-x-240-mm\/","title":{"rendered":"Sicherheitsverriegelungsstangen f\u00fcr Au\u00dfenborder bis 25 PS 35 x 240 mm"},"content":{"rendered":"<p>Sicherheitsverriegelungsstangen f\u00fcr Au\u00dfenborder bis 25 PS 35 x 240 mm &#8211; <\/p>\n<p>Die Diebstahlsicherung f\u00fcr Au\u00dfenbordmotoren mit Transom-Montageklammerhebeln. Die Stange 0344400 muss mit dem Vorh\u00e4ngeschloss 0344444 erg\u00e4nzt werden. Die Stange 0344401 muss mit dem Vorh\u00e4ngeschloss 0344455 erg\u00e4nzt werden.<\/p>\n","protected":false},"excerpt":{"rendered":"<p>Sicherheitsverriegelungsstangen f\u00fcr Au\u00dfenborder bis 25 PS 35 x 240 mm &#8211; Die Diebstahlsicherung f\u00fcr Au\u00dfenbordmotoren mit Transom-Montageklammerhebeln. Die Stange 0344400<\/p>\n","protected":false},"featured_media":5943157,"comment_status":"closed","ping_status":"closed","template":"","meta":[],"product_brand":[3490],"product_cat":[1399,1540],"product_tag":[],"class_list":{"0":"post-3420319","1":"product","2":"type-product","3":"status-publish","4":"has-post-thumbnail","6":"product_brand-trem-de","7":"product_cat-schloesser","8":"product_cat-zubehoer-fuer-aussenborder","10":"first","11":"instock","12":"shipping-taxable","13":"purchasable","14":"product-type-simple"},"_links":{"self":[{"href":"https:\/\/stoic-curie.212-227-153-4.plesk.page\/de\/wp-json\/wp\/v2\/product\/3420319","targetHints":{"allow":["GET"]}}],"collection":[{"href":"https:\/\/stoic-curie.212-227-153-4.plesk.page\/de\/wp-json\/wp\/v2\/product"}],"about":[{"href":"https:\/\/stoic-curie.212-227-153-4.plesk.page\/de\/wp-json\/wp\/v2\/types\/product"}],"replies":[{"embeddable":true,"href":"https:\/\/stoic-curie.212-227-153-4.plesk.page\/de\/wp-json\/wp\/v2\/comments?post=3420319"}],"version-history":[{"count":0,"href":"https:\/\/stoic-curie.212-227-153-4.plesk.page\/de\/wp-json\/wp\/v2\/product\/3420319\/revisions"}],"wp:featuredmedia":[{"embeddable":true,"href":"https:\/\/stoic-curie.212-227-153-4.plesk.page\/de\/wp-json\/wp\/v2\/media\/5943157"}],"wp:attachment":[{"href":"https:\/\/stoic-curie.212-227-153-4.plesk.page\/de\/wp-json\/wp\/v2\/media?parent=3420319"}],"wp:term":[{"taxonomy":"product_brand","embeddable":true,"href":"https:\/\/stoic-curie.212-227-153-4.plesk.page\/de\/wp-json\/wp\/v2\/product_brand?post=3420319"},{"taxonomy":"product_cat","embeddable":true,"href":"https:\/\/stoic-curie.212-227-153-4.plesk.page\/de\/wp-json\/wp\/v2\/product_cat?post=3420319"},{"taxonomy":"product_tag","embeddable":true,"href":"https:\/\/stoic-curie.212-227-153-4.plesk.page\/de\/wp-json\/wp\/v2\/product_tag?post=3420319"}],"curies":[{"name":"wp","href":"https:\/\/api.w.org\/{rel}","templated":true}]}}