{"id":3420655,"date":"2025-10-09T22:49:41","date_gmt":"2025-10-10T02:49:41","guid":{"rendered":"https:\/\/stoic-curie.212-227-153-4.plesk.page\/product\/aussenbordtraeger-max-50-kg\/"},"modified":"2026-02-24T23:34:59","modified_gmt":"2026-02-24T23:34:59","slug":"aussenbordtraeger-max-50-kg","status":"publish","type":"product","link":"https:\/\/stoic-curie.212-227-153-4.plesk.page\/de\/product\/aussenbordtraeger-max-50-kg\/","title":{"rendered":"Au\u00dfenbordtr\u00e4ger max. 50 kg"},"content":{"rendered":"<p>Au\u00dfenbordtr\u00e4ger max. 50 kg &#8211; <\/p>\n<p>Polierter Edelstahl au\u00dfensitzender Heber-Davit. Feste oder abnehmbare Montage, kann sich an seiner Basis drehen, um mit der Klemme fixiert zu werden. Komplett mit Klemme, Blockpulley, Bollard, Block und Sch\u00e4kel. Zubeh\u00f6r: Polyester-Hebekarre f\u00fcr Au\u00dfenbordmotoren bis zu 15 PS und 2- und 4-Takt.<\/p>\n","protected":false},"excerpt":{"rendered":"<p>Au\u00dfenbordtr\u00e4ger max. 50 kg &#8211; Polierter Edelstahl au\u00dfensitzender Heber-Davit. Feste oder abnehmbare Montage, kann sich an seiner Basis drehen, um<\/p>\n","protected":false},"featured_media":5943238,"comment_status":"closed","ping_status":"closed","template":"","meta":[],"product_brand":[3490],"product_cat":[1553,1540],"product_tag":[],"class_list":{"0":"post-3420655","1":"product","2":"type-product","3":"status-publish","4":"has-post-thumbnail","6":"product_brand-trem-de","7":"product_cat-davits-schlauchboote-und-zubehoer","8":"product_cat-zubehoer-fuer-aussenborder","10":"first","11":"instock","12":"shipping-taxable","13":"purchasable","14":"product-type-simple"},"_links":{"self":[{"href":"https:\/\/stoic-curie.212-227-153-4.plesk.page\/de\/wp-json\/wp\/v2\/product\/3420655","targetHints":{"allow":["GET"]}}],"collection":[{"href":"https:\/\/stoic-curie.212-227-153-4.plesk.page\/de\/wp-json\/wp\/v2\/product"}],"about":[{"href":"https:\/\/stoic-curie.212-227-153-4.plesk.page\/de\/wp-json\/wp\/v2\/types\/product"}],"replies":[{"embeddable":true,"href":"https:\/\/stoic-curie.212-227-153-4.plesk.page\/de\/wp-json\/wp\/v2\/comments?post=3420655"}],"version-history":[{"count":0,"href":"https:\/\/stoic-curie.212-227-153-4.plesk.page\/de\/wp-json\/wp\/v2\/product\/3420655\/revisions"}],"wp:featuredmedia":[{"embeddable":true,"href":"https:\/\/stoic-curie.212-227-153-4.plesk.page\/de\/wp-json\/wp\/v2\/media\/5943238"}],"wp:attachment":[{"href":"https:\/\/stoic-curie.212-227-153-4.plesk.page\/de\/wp-json\/wp\/v2\/media?parent=3420655"}],"wp:term":[{"taxonomy":"product_brand","embeddable":true,"href":"https:\/\/stoic-curie.212-227-153-4.plesk.page\/de\/wp-json\/wp\/v2\/product_brand?post=3420655"},{"taxonomy":"product_cat","embeddable":true,"href":"https:\/\/stoic-curie.212-227-153-4.plesk.page\/de\/wp-json\/wp\/v2\/product_cat?post=3420655"},{"taxonomy":"product_tag","embeddable":true,"href":"https:\/\/stoic-curie.212-227-153-4.plesk.page\/de\/wp-json\/wp\/v2\/product_tag?post=3420655"}],"curies":[{"name":"wp","href":"https:\/\/api.w.org\/{rel}","templated":true}]}}