{"id":3420668,"date":"2025-10-09T22:49:41","date_gmt":"2025-10-10T02:49:41","guid":{"rendered":"https:\/\/stoic-curie.212-227-153-4.plesk.page\/product\/buendige-steckdosen-fuer-stege-25-mm-weisses-aluminium\/"},"modified":"2026-02-24T23:34:59","modified_gmt":"2026-02-24T23:34:59","slug":"buendige-steckdosen-fuer-stege-25-mm-weisses-aluminium","status":"publish","type":"product","link":"https:\/\/stoic-curie.212-227-153-4.plesk.page\/de\/product\/buendige-steckdosen-fuer-stege-25-mm-weisses-aluminium\/","title":{"rendered":"B\u00fcndige Steckdosen f\u00fcr Stege 25 mm wei\u00dfes Aluminium"},"content":{"rendered":"<p>B\u00fcndige Steckdosen f\u00fcr Stege 25 mm wei\u00dfes Aluminium &#8211; <\/p>\n<p>Flush-Montage-Steckdosen f\u00fcr Gangwege mit 25 mm Pr\u00fcfstift.<\/p>\n","protected":false},"excerpt":{"rendered":"<p>B\u00fcndige Steckdosen f\u00fcr Stege 25 mm wei\u00dfes Aluminium &#8211; Flush-Montage-Steckdosen f\u00fcr Gangwege mit 25 mm Pr\u00fcfstift.<\/p>\n","protected":false},"featured_media":5935928,"comment_status":"closed","ping_status":"closed","template":"","meta":[],"product_brand":[3490],"product_cat":[1325],"product_tag":[],"class_list":{"0":"post-3420668","1":"product","2":"type-product","3":"status-publish","4":"has-post-thumbnail","6":"product_brand-trem-de","7":"product_cat-gangways-festmachen-und-ankern","9":"first","10":"instock","11":"shipping-taxable","12":"purchasable","13":"product-type-simple"},"_links":{"self":[{"href":"https:\/\/stoic-curie.212-227-153-4.plesk.page\/de\/wp-json\/wp\/v2\/product\/3420668","targetHints":{"allow":["GET"]}}],"collection":[{"href":"https:\/\/stoic-curie.212-227-153-4.plesk.page\/de\/wp-json\/wp\/v2\/product"}],"about":[{"href":"https:\/\/stoic-curie.212-227-153-4.plesk.page\/de\/wp-json\/wp\/v2\/types\/product"}],"replies":[{"embeddable":true,"href":"https:\/\/stoic-curie.212-227-153-4.plesk.page\/de\/wp-json\/wp\/v2\/comments?post=3420668"}],"version-history":[{"count":0,"href":"https:\/\/stoic-curie.212-227-153-4.plesk.page\/de\/wp-json\/wp\/v2\/product\/3420668\/revisions"}],"wp:featuredmedia":[{"embeddable":true,"href":"https:\/\/stoic-curie.212-227-153-4.plesk.page\/de\/wp-json\/wp\/v2\/media\/5935928"}],"wp:attachment":[{"href":"https:\/\/stoic-curie.212-227-153-4.plesk.page\/de\/wp-json\/wp\/v2\/media?parent=3420668"}],"wp:term":[{"taxonomy":"product_brand","embeddable":true,"href":"https:\/\/stoic-curie.212-227-153-4.plesk.page\/de\/wp-json\/wp\/v2\/product_brand?post=3420668"},{"taxonomy":"product_cat","embeddable":true,"href":"https:\/\/stoic-curie.212-227-153-4.plesk.page\/de\/wp-json\/wp\/v2\/product_cat?post=3420668"},{"taxonomy":"product_tag","embeddable":true,"href":"https:\/\/stoic-curie.212-227-153-4.plesk.page\/de\/wp-json\/wp\/v2\/product_tag?post=3420668"}],"curies":[{"name":"wp","href":"https:\/\/api.w.org\/{rel}","templated":true}]}}