{"id":3420677,"date":"2025-10-09T22:49:42","date_gmt":"2025-10-10T02:49:42","guid":{"rendered":"https:\/\/stoic-curie.212-227-153-4.plesk.page\/product\/stuetzenfuesse-flach-25mm-dreieckig\/"},"modified":"2026-02-24T23:34:59","modified_gmt":"2026-02-24T23:34:59","slug":"stuetzenfuesse-flach-25mm-dreieckig","status":"publish","type":"product","link":"https:\/\/stoic-curie.212-227-153-4.plesk.page\/de\/product\/stuetzenfuesse-flach-25mm-dreieckig\/","title":{"rendered":"St\u00fctzenf\u00fc\u00dfe, flach, 25mm, dreieckig"},"content":{"rendered":"<p>St\u00fctzenf\u00fc\u00dfe, flach, 25mm, dreieckig &#8211; <\/p>\n<p>Dreieckige Stufenbasis aus Edelstahl.<\/p>\n","protected":false},"excerpt":{"rendered":"<p>St\u00fctzenf\u00fc\u00dfe, flach, 25mm, dreieckig &#8211; Dreieckige Stufenbasis aus Edelstahl.<\/p>\n","protected":false},"featured_media":5943242,"comment_status":"closed","ping_status":"closed","template":"","meta":[],"product_brand":[3120],"product_cat":[1471],"product_tag":[],"class_list":{"0":"post-3420677","1":"product","2":"type-product","3":"status-publish","4":"has-post-thumbnail","6":"product_brand-marinetech-de","7":"product_cat-stuetzen","9":"first","10":"instock","11":"shipping-taxable","12":"purchasable","13":"product-type-simple"},"_links":{"self":[{"href":"https:\/\/stoic-curie.212-227-153-4.plesk.page\/de\/wp-json\/wp\/v2\/product\/3420677","targetHints":{"allow":["GET"]}}],"collection":[{"href":"https:\/\/stoic-curie.212-227-153-4.plesk.page\/de\/wp-json\/wp\/v2\/product"}],"about":[{"href":"https:\/\/stoic-curie.212-227-153-4.plesk.page\/de\/wp-json\/wp\/v2\/types\/product"}],"replies":[{"embeddable":true,"href":"https:\/\/stoic-curie.212-227-153-4.plesk.page\/de\/wp-json\/wp\/v2\/comments?post=3420677"}],"version-history":[{"count":0,"href":"https:\/\/stoic-curie.212-227-153-4.plesk.page\/de\/wp-json\/wp\/v2\/product\/3420677\/revisions"}],"wp:featuredmedia":[{"embeddable":true,"href":"https:\/\/stoic-curie.212-227-153-4.plesk.page\/de\/wp-json\/wp\/v2\/media\/5943242"}],"wp:attachment":[{"href":"https:\/\/stoic-curie.212-227-153-4.plesk.page\/de\/wp-json\/wp\/v2\/media?parent=3420677"}],"wp:term":[{"taxonomy":"product_brand","embeddable":true,"href":"https:\/\/stoic-curie.212-227-153-4.plesk.page\/de\/wp-json\/wp\/v2\/product_brand?post=3420677"},{"taxonomy":"product_cat","embeddable":true,"href":"https:\/\/stoic-curie.212-227-153-4.plesk.page\/de\/wp-json\/wp\/v2\/product_cat?post=3420677"},{"taxonomy":"product_tag","embeddable":true,"href":"https:\/\/stoic-curie.212-227-153-4.plesk.page\/de\/wp-json\/wp\/v2\/product_tag?post=3420677"}],"curies":[{"name":"wp","href":"https:\/\/api.w.org\/{rel}","templated":true}]}}