{"id":3420952,"date":"2025-10-09T22:49:53","date_gmt":"2025-10-10T02:49:53","guid":{"rendered":"https:\/\/stoic-curie.212-227-153-4.plesk.page\/product\/abnehmbarer-stuetzfuss-fuer-leitern\/"},"modified":"2026-02-24T23:35:00","modified_gmt":"2026-02-24T23:35:00","slug":"abnehmbarer-stuetzfuss-fuer-leitern","status":"publish","type":"product","link":"https:\/\/stoic-curie.212-227-153-4.plesk.page\/de\/product\/abnehmbarer-stuetzfuss-fuer-leitern\/","title":{"rendered":"Abnehmbarer St\u00fctzfu\u00df f\u00fcr Leitern"},"content":{"rendered":"<p>Abnehmbarer St\u00fctzfu\u00df f\u00fcr Leitern &#8211; <\/p>\n<p>Wir pr\u00e4sentieren unser Edelstahl-Basisgelenk mit abnehmbarem Design, das speziell f\u00fcr Boardingleitern entwickelt wurde. Dieser innovative Sockel erm\u00f6glicht ein schnelles und effizientes Entfernen der Leiter direkt von der Heckklappe Ihres Boots. Das System ist unkompliziert und benutzerfreundlich, sodass Sie die Leiter m\u00fchelos an jedem Ort Ihres Schiffes zusammen- und auseinanderbauen k\u00f6nnen. Egal, ob Sie sich auf das Anlegen vorbereiten oder einfach die Leiter verstauen m\u00f6chten, diese Funktion bietet Komfort und Flexibilit\u00e4t und verbessert Ihr gesamtes Bootserlebnis.&nbsp;<\/p>\n","protected":false},"excerpt":{"rendered":"<p>Abnehmbarer St\u00fctzfu\u00df f\u00fcr Leitern &#8211; Wir pr\u00e4sentieren unser Edelstahl-Basisgelenk mit abnehmbarem Design, das speziell f\u00fcr Boardingleitern entwickelt wurde. Dieser innovative<\/p>\n","protected":false},"featured_media":5943272,"comment_status":"closed","ping_status":"closed","template":"","meta":[],"product_brand":[3490],"product_cat":[1327,1331,1407],"product_tag":[],"class_list":{"0":"post-3420952","1":"product","2":"type-product","3":"status-publish","4":"has-post-thumbnail","6":"product_brand-trem-de","7":"product_cat-boots-badeplattformen","8":"product_cat-bootsleitern","9":"product_cat-heckplattformen","11":"first","12":"instock","13":"shipping-taxable","14":"purchasable","15":"product-type-simple"},"_links":{"self":[{"href":"https:\/\/stoic-curie.212-227-153-4.plesk.page\/de\/wp-json\/wp\/v2\/product\/3420952","targetHints":{"allow":["GET"]}}],"collection":[{"href":"https:\/\/stoic-curie.212-227-153-4.plesk.page\/de\/wp-json\/wp\/v2\/product"}],"about":[{"href":"https:\/\/stoic-curie.212-227-153-4.plesk.page\/de\/wp-json\/wp\/v2\/types\/product"}],"replies":[{"embeddable":true,"href":"https:\/\/stoic-curie.212-227-153-4.plesk.page\/de\/wp-json\/wp\/v2\/comments?post=3420952"}],"version-history":[{"count":0,"href":"https:\/\/stoic-curie.212-227-153-4.plesk.page\/de\/wp-json\/wp\/v2\/product\/3420952\/revisions"}],"wp:featuredmedia":[{"embeddable":true,"href":"https:\/\/stoic-curie.212-227-153-4.plesk.page\/de\/wp-json\/wp\/v2\/media\/5943272"}],"wp:attachment":[{"href":"https:\/\/stoic-curie.212-227-153-4.plesk.page\/de\/wp-json\/wp\/v2\/media?parent=3420952"}],"wp:term":[{"taxonomy":"product_brand","embeddable":true,"href":"https:\/\/stoic-curie.212-227-153-4.plesk.page\/de\/wp-json\/wp\/v2\/product_brand?post=3420952"},{"taxonomy":"product_cat","embeddable":true,"href":"https:\/\/stoic-curie.212-227-153-4.plesk.page\/de\/wp-json\/wp\/v2\/product_cat?post=3420952"},{"taxonomy":"product_tag","embeddable":true,"href":"https:\/\/stoic-curie.212-227-153-4.plesk.page\/de\/wp-json\/wp\/v2\/product_tag?post=3420952"}],"curies":[{"name":"wp","href":"https:\/\/api.w.org\/{rel}","templated":true}]}}