{"id":3421107,"date":"2025-10-09T22:49:59","date_gmt":"2025-10-10T02:49:59","guid":{"rendered":"https:\/\/stoic-curie.212-227-153-4.plesk.page\/product\/wandhalterung-hd-clip-22-35mm-paar\/"},"modified":"2026-02-24T23:35:00","modified_gmt":"2026-02-24T23:35:00","slug":"wandhalterung-hd-clip-22-35mm-paar","status":"publish","type":"product","link":"https:\/\/stoic-curie.212-227-153-4.plesk.page\/de\/product\/wandhalterung-hd-clip-22-35mm-paar\/","title":{"rendered":"Wandhalterung HD Clip 22\/35mm Paar"},"content":{"rendered":"<p>Wandhalterung HD Clip 22\/35mm Paar &#8211; <\/p>\n<p>Zwei seitlich angebrachte weiche Clips mit einer Clipsgr\u00f6\u00dfe von \u00d8 2235 mm. Verkauft im Paar.<\/p>\n","protected":false},"excerpt":{"rendered":"<p>Wandhalterung HD Clip 22\/35mm Paar &#8211; Zwei seitlich angebrachte weiche Clips mit einer Clipsgr\u00f6\u00dfe von \u00d8 2235 mm. Verkauft im<\/p>\n","protected":false},"featured_media":5943286,"comment_status":"closed","ping_status":"closed","template":"","meta":[],"product_brand":[2860],"product_cat":[1357],"product_tag":[],"class_list":{"0":"post-3421107","1":"product","2":"type-product","3":"status-publish","4":"has-post-thumbnail","6":"product_brand-ceredi-de","7":"product_cat-aufbewahrungszubehoer","9":"first","10":"instock","11":"shipping-taxable","12":"purchasable","13":"product-type-simple"},"_links":{"self":[{"href":"https:\/\/stoic-curie.212-227-153-4.plesk.page\/de\/wp-json\/wp\/v2\/product\/3421107","targetHints":{"allow":["GET"]}}],"collection":[{"href":"https:\/\/stoic-curie.212-227-153-4.plesk.page\/de\/wp-json\/wp\/v2\/product"}],"about":[{"href":"https:\/\/stoic-curie.212-227-153-4.plesk.page\/de\/wp-json\/wp\/v2\/types\/product"}],"replies":[{"embeddable":true,"href":"https:\/\/stoic-curie.212-227-153-4.plesk.page\/de\/wp-json\/wp\/v2\/comments?post=3421107"}],"version-history":[{"count":0,"href":"https:\/\/stoic-curie.212-227-153-4.plesk.page\/de\/wp-json\/wp\/v2\/product\/3421107\/revisions"}],"wp:featuredmedia":[{"embeddable":true,"href":"https:\/\/stoic-curie.212-227-153-4.plesk.page\/de\/wp-json\/wp\/v2\/media\/5943286"}],"wp:attachment":[{"href":"https:\/\/stoic-curie.212-227-153-4.plesk.page\/de\/wp-json\/wp\/v2\/media?parent=3421107"}],"wp:term":[{"taxonomy":"product_brand","embeddable":true,"href":"https:\/\/stoic-curie.212-227-153-4.plesk.page\/de\/wp-json\/wp\/v2\/product_brand?post=3421107"},{"taxonomy":"product_cat","embeddable":true,"href":"https:\/\/stoic-curie.212-227-153-4.plesk.page\/de\/wp-json\/wp\/v2\/product_cat?post=3421107"},{"taxonomy":"product_tag","embeddable":true,"href":"https:\/\/stoic-curie.212-227-153-4.plesk.page\/de\/wp-json\/wp\/v2\/product_tag?post=3421107"}],"curies":[{"name":"wp","href":"https:\/\/api.w.org\/{rel}","templated":true}]}}