{"id":3421261,"date":"2025-10-09T22:50:05","date_gmt":"2025-10-10T02:50:05","guid":{"rendered":"https:\/\/stoic-curie.212-227-153-4.plesk.page\/product\/reparaturset-fuer-manuelle-toilette-johnson-aquat\/"},"modified":"2026-02-24T23:35:00","modified_gmt":"2026-02-24T23:35:00","slug":"reparaturset-fuer-manuelle-toilette-johnson-aquat","status":"publish","type":"product","link":"https:\/\/stoic-curie.212-227-153-4.plesk.page\/de\/product\/reparaturset-fuer-manuelle-toilette-johnson-aquat\/","title":{"rendered":"Reparaturset f\u00fcr manuelle Toilette Johnson AquaT"},"content":{"rendered":"<p>Reparaturset f\u00fcr manuelle Toilette Johnson AquaT &#8211; <\/p>\n<p>Die Johnson AquaT Toilette verf\u00fcgt \u00fcber eine ergonomisch gestaltete, doppelt wirkende, selbstansaugende Handpumpe, die sowohl rechts als auch links montiert werden kann. Sie funktioniert sowohl mit S\u00fc\u00df- als auch mit Salzwasser und kann \u00fcber oder unterhalb der Wasserlinie installiert werden. Verf\u00fcgbar in drei Modellen: \u00e2\u0080\u00a2 Kompakt \u00e2\u0080\u0093 platzsparend f\u00fcr enge R\u00e4ume mit einem runden Sitz \u00e2\u0080\u00a2 Komfort \u00e2\u0080\u0093 gr\u00f6\u00dfer und angenehmer mit einem ovalen Sitz \u00e2\u0080\u00a2 Super Kompakt &#8211; kleiner und leichter mit einem runden Sitz. Hergestellt aus hochwertigem wei\u00dfen vitoceramischen Porzellan f\u00fcr perfekte Hygiene. Praktisch, leise und zuverl\u00e4ssig. Starker Strudel f\u00fcr effizientes Sp\u00fclen. Messingkolbenstangenf\u00fchrung f\u00fcr eine verl\u00e4ngerte Lebensdauer. Federunterst\u00fctzte obere Ventilabschaltung f\u00fcr einfacheres Ansaugen. Doppelte R\u00fcckschlagventile mit einem Durchmesser von 38 mm (1 1\/2&#8243;) zur Verhinderung von R\u00fcckfluss. Multi-Winkel-Austritts\u00f6ffnung f\u00fcr mehr Installationsfreiheit. Doppelt abgedichteter Bodenstecker f\u00fcr die Winterentw\u00e4sserung und einfachen Zugang zur Reinigung. Zug\u00e4ngliche Montageschrauben f\u00fcr eine schnellere Installation ohne Spezialwerkzeuge. Flexibles Lochmuster an der Basis, um einen einfachen Austausch mit den g\u00e4ngigsten Toiletten auf dem Markt zu erm\u00f6glichen. Eingang \u00f8 20 mm (3\/4&#8243;) Ausgang \u00f8 38 mm (1&#8243; 1\/2). 3 Jahre Garantie.<\/p>\n","protected":false},"excerpt":{"rendered":"<p>Reparaturset f\u00fcr manuelle Toilette Johnson AquaT &#8211; Die Johnson AquaT Toilette verf\u00fcgt \u00fcber eine ergonomisch gestaltete, doppelt wirkende, selbstansaugende Handpumpe,<\/p>\n","protected":false},"featured_media":5943330,"comment_status":"closed","ping_status":"closed","template":"","meta":[],"product_brand":[3045],"product_cat":[1388],"product_tag":[],"class_list":{"0":"post-3421261","1":"product","2":"type-product","3":"status-publish","4":"has-post-thumbnail","6":"product_brand-johnson-marine-de","7":"product_cat-marine-wcs","9":"first","10":"instock","11":"shipping-taxable","12":"purchasable","13":"product-type-simple"},"_links":{"self":[{"href":"https:\/\/stoic-curie.212-227-153-4.plesk.page\/de\/wp-json\/wp\/v2\/product\/3421261","targetHints":{"allow":["GET"]}}],"collection":[{"href":"https:\/\/stoic-curie.212-227-153-4.plesk.page\/de\/wp-json\/wp\/v2\/product"}],"about":[{"href":"https:\/\/stoic-curie.212-227-153-4.plesk.page\/de\/wp-json\/wp\/v2\/types\/product"}],"replies":[{"embeddable":true,"href":"https:\/\/stoic-curie.212-227-153-4.plesk.page\/de\/wp-json\/wp\/v2\/comments?post=3421261"}],"version-history":[{"count":0,"href":"https:\/\/stoic-curie.212-227-153-4.plesk.page\/de\/wp-json\/wp\/v2\/product\/3421261\/revisions"}],"wp:featuredmedia":[{"embeddable":true,"href":"https:\/\/stoic-curie.212-227-153-4.plesk.page\/de\/wp-json\/wp\/v2\/media\/5943330"}],"wp:attachment":[{"href":"https:\/\/stoic-curie.212-227-153-4.plesk.page\/de\/wp-json\/wp\/v2\/media?parent=3421261"}],"wp:term":[{"taxonomy":"product_brand","embeddable":true,"href":"https:\/\/stoic-curie.212-227-153-4.plesk.page\/de\/wp-json\/wp\/v2\/product_brand?post=3421261"},{"taxonomy":"product_cat","embeddable":true,"href":"https:\/\/stoic-curie.212-227-153-4.plesk.page\/de\/wp-json\/wp\/v2\/product_cat?post=3421261"},{"taxonomy":"product_tag","embeddable":true,"href":"https:\/\/stoic-curie.212-227-153-4.plesk.page\/de\/wp-json\/wp\/v2\/product_tag?post=3421261"}],"curies":[{"name":"wp","href":"https:\/\/api.w.org\/{rel}","templated":true}]}}