{"id":3421624,"date":"2025-10-09T22:50:24","date_gmt":"2025-10-10T02:50:24","guid":{"rendered":"https:\/\/stoic-curie.212-227-153-4.plesk.page\/product\/universelle-luke-fuer-wassertanks\/"},"modified":"2026-02-24T23:35:00","modified_gmt":"2026-02-24T23:35:00","slug":"universelle-luke-fuer-wassertanks","status":"publish","type":"product","link":"https:\/\/stoic-curie.212-227-153-4.plesk.page\/de\/product\/universelle-luke-fuer-wassertanks\/","title":{"rendered":"Universelle Luke f\u00fcr Wassertanks"},"content":{"rendered":"<p>Universelle Luke f\u00fcr Wassertanks &#8211; <\/p>\n<p>10-Loch-Deckel f\u00fcr Frischwassertanks. Inklusive Dichtung, Kappe mit Bel\u00fcftung, Verbindung f\u00fcr 10\/12 mm Rohr und flexibler Tauchtube mit 18 mm L45 cm.<\/p>\n<p>Anschl\u00fcsse: 1&#8243;1\/2&#8243; Au\u00dfengewinde und 3 x 3\/8&#8243; Innengewinde.<\/p>\n","protected":false},"excerpt":{"rendered":"<p>Universelle Luke f\u00fcr Wassertanks &#8211; 10-Loch-Deckel f\u00fcr Frischwassertanks. Inklusive Dichtung, Kappe mit Bel\u00fcftung, Verbindung f\u00fcr 10\/12 mm Rohr und flexibler<\/p>\n","protected":false},"featured_media":5943354,"comment_status":"closed","ping_status":"closed","template":"","meta":[],"product_brand":[2855],"product_cat":[1377],"product_tag":[],"class_list":{"0":"post-3421624","1":"product","2":"type-product","3":"status-publish","4":"has-post-thumbnail","6":"product_brand-can-marine-de","7":"product_cat-wassertanks","9":"first","10":"instock","11":"shipping-taxable","12":"purchasable","13":"product-type-simple"},"_links":{"self":[{"href":"https:\/\/stoic-curie.212-227-153-4.plesk.page\/de\/wp-json\/wp\/v2\/product\/3421624","targetHints":{"allow":["GET"]}}],"collection":[{"href":"https:\/\/stoic-curie.212-227-153-4.plesk.page\/de\/wp-json\/wp\/v2\/product"}],"about":[{"href":"https:\/\/stoic-curie.212-227-153-4.plesk.page\/de\/wp-json\/wp\/v2\/types\/product"}],"replies":[{"embeddable":true,"href":"https:\/\/stoic-curie.212-227-153-4.plesk.page\/de\/wp-json\/wp\/v2\/comments?post=3421624"}],"version-history":[{"count":0,"href":"https:\/\/stoic-curie.212-227-153-4.plesk.page\/de\/wp-json\/wp\/v2\/product\/3421624\/revisions"}],"wp:featuredmedia":[{"embeddable":true,"href":"https:\/\/stoic-curie.212-227-153-4.plesk.page\/de\/wp-json\/wp\/v2\/media\/5943354"}],"wp:attachment":[{"href":"https:\/\/stoic-curie.212-227-153-4.plesk.page\/de\/wp-json\/wp\/v2\/media?parent=3421624"}],"wp:term":[{"taxonomy":"product_brand","embeddable":true,"href":"https:\/\/stoic-curie.212-227-153-4.plesk.page\/de\/wp-json\/wp\/v2\/product_brand?post=3421624"},{"taxonomy":"product_cat","embeddable":true,"href":"https:\/\/stoic-curie.212-227-153-4.plesk.page\/de\/wp-json\/wp\/v2\/product_cat?post=3421624"},{"taxonomy":"product_tag","embeddable":true,"href":"https:\/\/stoic-curie.212-227-153-4.plesk.page\/de\/wp-json\/wp\/v2\/product_tag?post=3421624"}],"curies":[{"name":"wp","href":"https:\/\/api.w.org\/{rel}","templated":true}]}}