{"id":3421637,"date":"2025-10-09T22:50:24","date_gmt":"2025-10-10T02:50:24","guid":{"rendered":"https:\/\/stoic-curie.212-227-153-4.plesk.page\/product\/ersatzgriff-fuer-kuehlschraenke-igloo-25-bis-100-qt\/"},"modified":"2026-02-24T23:35:00","modified_gmt":"2026-02-24T23:35:00","slug":"ersatzgriff-fuer-kuehlschraenke-igloo-25-bis-100-qt","status":"publish","type":"product","link":"https:\/\/stoic-curie.212-227-153-4.plesk.page\/de\/product\/ersatzgriff-fuer-kuehlschraenke-igloo-25-bis-100-qt\/","title":{"rendered":"Ersatzgriff f\u00fcr K\u00fchlschr\u00e4nke Igloo 25 bis 100 Qt"},"content":{"rendered":"<p>Ersatzgriff f\u00fcr K\u00fchlschr\u00e4nke Igloo 25 bis 100 Qt &#8211; <\/p>\n<p>Neue und alte Serien Igloo Ersatzgriffe, Riegel und Scharniere.<\/p>\n","protected":false},"excerpt":{"rendered":"<p>Ersatzgriff f\u00fcr K\u00fchlschr\u00e4nke Igloo 25 bis 100 Qt &#8211; Neue und alte Serien Igloo Ersatzgriffe, Riegel und Scharniere.<\/p>\n","protected":false},"featured_media":5938812,"comment_status":"closed","ping_status":"closed","template":"","meta":[],"product_brand":[3015],"product_cat":[1359],"product_tag":[],"class_list":{"0":"post-3421637","1":"product","2":"type-product","3":"status-publish","4":"has-post-thumbnail","6":"product_brand-igloo-marine-de","7":"product_cat-kuehlbox-kuehlgeraete","9":"first","10":"outofstock","11":"shipping-taxable","12":"purchasable","13":"product-type-simple"},"_links":{"self":[{"href":"https:\/\/stoic-curie.212-227-153-4.plesk.page\/de\/wp-json\/wp\/v2\/product\/3421637","targetHints":{"allow":["GET"]}}],"collection":[{"href":"https:\/\/stoic-curie.212-227-153-4.plesk.page\/de\/wp-json\/wp\/v2\/product"}],"about":[{"href":"https:\/\/stoic-curie.212-227-153-4.plesk.page\/de\/wp-json\/wp\/v2\/types\/product"}],"replies":[{"embeddable":true,"href":"https:\/\/stoic-curie.212-227-153-4.plesk.page\/de\/wp-json\/wp\/v2\/comments?post=3421637"}],"version-history":[{"count":0,"href":"https:\/\/stoic-curie.212-227-153-4.plesk.page\/de\/wp-json\/wp\/v2\/product\/3421637\/revisions"}],"wp:featuredmedia":[{"embeddable":true,"href":"https:\/\/stoic-curie.212-227-153-4.plesk.page\/de\/wp-json\/wp\/v2\/media\/5938812"}],"wp:attachment":[{"href":"https:\/\/stoic-curie.212-227-153-4.plesk.page\/de\/wp-json\/wp\/v2\/media?parent=3421637"}],"wp:term":[{"taxonomy":"product_brand","embeddable":true,"href":"https:\/\/stoic-curie.212-227-153-4.plesk.page\/de\/wp-json\/wp\/v2\/product_brand?post=3421637"},{"taxonomy":"product_cat","embeddable":true,"href":"https:\/\/stoic-curie.212-227-153-4.plesk.page\/de\/wp-json\/wp\/v2\/product_cat?post=3421637"},{"taxonomy":"product_tag","embeddable":true,"href":"https:\/\/stoic-curie.212-227-153-4.plesk.page\/de\/wp-json\/wp\/v2\/product_tag?post=3421637"}],"curies":[{"name":"wp","href":"https:\/\/api.w.org\/{rel}","templated":true}]}}