{"id":3421771,"date":"2025-10-09T22:50:29","date_gmt":"2025-10-10T02:50:29","guid":{"rendered":"https:\/\/stoic-curie.212-227-153-4.plesk.page\/product\/laderegler-fuer-solarpaneele-240-480-watt-1-batterie\/"},"modified":"2026-02-24T23:35:00","modified_gmt":"2026-02-24T23:35:00","slug":"laderegler-fuer-solarpaneele-240-480-watt-1-batterie","status":"publish","type":"product","link":"https:\/\/stoic-curie.212-227-153-4.plesk.page\/de\/product\/laderegler-fuer-solarpaneele-240-480-watt-1-batterie\/","title":{"rendered":"Laderegler f\u00fcr Solarpaneele 240\/480 Watt, 1 Batterie"},"content":{"rendered":"<p>Laderegler f\u00fcr Solarpaneele 240\/480 Watt, 1 Batterie &#8211; <\/p>\n<p>Solar-Laderegler f\u00fcr photovoltaische Panels und Systeme. 3-stufiges Laden mit PWM-Technologie zur korrekten \u00dcbertragung des Stroms vom Panel auf bis zu zwei Batterieb\u00e4nke. Geeignet f\u00fcr jede Blei-S\u00e4ure-Batterie, einschlie\u00dflich AGM und Gel. Nicht kompatibel mit Lithium- und NiMH-Batterien. Ausgestattet mit LED-Anzeige, doppeltem 2A USB-Anschluss, einer Taste zur Ladeeinstellung und einem MOS-Schaltkreis, der den Regler vor Kurzschluss, \u00dcberspannung und falscher Polarit\u00e4t sch\u00fctzt.<\/p>\n","protected":false},"excerpt":{"rendered":"<p>Laderegler f\u00fcr Solarpaneele 240\/480 Watt, 1 Batterie &#8211; Solar-Laderegler f\u00fcr photovoltaische Panels und Systeme. 3-stufiges Laden mit PWM-Technologie zur korrekten<\/p>\n","protected":false},"featured_media":5941273,"comment_status":"closed","ping_status":"closed","template":"","meta":[],"product_brand":[2830],"product_cat":[1462],"product_tag":[],"class_list":{"0":"post-3421771","1":"product","2":"type-product","3":"status-publish","4":"has-post-thumbnail","6":"product_brand-blue-sea-systems-de","7":"product_cat-solarpaneele","9":"first","10":"instock","11":"shipping-taxable","12":"purchasable","13":"product-type-simple"},"_links":{"self":[{"href":"https:\/\/stoic-curie.212-227-153-4.plesk.page\/de\/wp-json\/wp\/v2\/product\/3421771","targetHints":{"allow":["GET"]}}],"collection":[{"href":"https:\/\/stoic-curie.212-227-153-4.plesk.page\/de\/wp-json\/wp\/v2\/product"}],"about":[{"href":"https:\/\/stoic-curie.212-227-153-4.plesk.page\/de\/wp-json\/wp\/v2\/types\/product"}],"replies":[{"embeddable":true,"href":"https:\/\/stoic-curie.212-227-153-4.plesk.page\/de\/wp-json\/wp\/v2\/comments?post=3421771"}],"version-history":[{"count":0,"href":"https:\/\/stoic-curie.212-227-153-4.plesk.page\/de\/wp-json\/wp\/v2\/product\/3421771\/revisions"}],"wp:featuredmedia":[{"embeddable":true,"href":"https:\/\/stoic-curie.212-227-153-4.plesk.page\/de\/wp-json\/wp\/v2\/media\/5941273"}],"wp:attachment":[{"href":"https:\/\/stoic-curie.212-227-153-4.plesk.page\/de\/wp-json\/wp\/v2\/media?parent=3421771"}],"wp:term":[{"taxonomy":"product_brand","embeddable":true,"href":"https:\/\/stoic-curie.212-227-153-4.plesk.page\/de\/wp-json\/wp\/v2\/product_brand?post=3421771"},{"taxonomy":"product_cat","embeddable":true,"href":"https:\/\/stoic-curie.212-227-153-4.plesk.page\/de\/wp-json\/wp\/v2\/product_cat?post=3421771"},{"taxonomy":"product_tag","embeddable":true,"href":"https:\/\/stoic-curie.212-227-153-4.plesk.page\/de\/wp-json\/wp\/v2\/product_tag?post=3421771"}],"curies":[{"name":"wp","href":"https:\/\/api.w.org\/{rel}","templated":true}]}}