{"id":3421894,"date":"2025-10-09T22:50:35","date_gmt":"2025-10-10T02:50:35","guid":{"rendered":"https:\/\/stoic-curie.212-227-153-4.plesk.page\/product\/led-licht-fuer-windex-windanzeiger\/"},"modified":"2026-02-24T23:35:01","modified_gmt":"2026-02-24T23:35:01","slug":"led-licht-fuer-windex-windanzeiger","status":"publish","type":"product","link":"https:\/\/stoic-curie.212-227-153-4.plesk.page\/de\/product\/led-licht-fuer-windex-windanzeiger\/","title":{"rendered":"LED-Licht f\u00fcr Windex Windanzeiger"},"content":{"rendered":"<p>LED-Licht f\u00fcr Windex Windanzeiger &#8211; <\/p>\n<p>Der Windex-Windraumsensor liefert pr\u00e4zise Informationen \u00fcber die scheinbare Windrichtung. Mit einer Saphir-Kugel-Lageraufh\u00e4ngung, Referenznocken, die von unten refrakieren und am Windwinkel einstellbar sind. Optional ist ein LED-Nachtlicht f\u00fcr alle Modelle erh\u00e4ltlich, sowie ein optionaler Vogelschutzstachel nur f\u00fcr das 15&#8243;-Modell.<\/p>\n","protected":false},"excerpt":{"rendered":"<p>LED-Licht f\u00fcr Windex Windanzeiger &#8211; Der Windex-Windraumsensor liefert pr\u00e4zise Informationen \u00fcber die scheinbare Windrichtung. Mit einer Saphir-Kugel-Lageraufh\u00e4ngung, Referenznocken, die von<\/p>\n","protected":false},"featured_media":5943402,"comment_status":"closed","ping_status":"closed","template":"","meta":[],"product_brand":[3540],"product_cat":[1489,1484],"product_tag":[],"class_list":{"0":"post-3421894","1":"product","2":"type-product","3":"status-publish","4":"has-post-thumbnail","6":"product_brand-windex-de","7":"product_cat-signalignalgeraete","8":"product_cat-zubehoer-fuer-segelboote","10":"first","11":"instock","12":"shipping-taxable","13":"purchasable","14":"product-type-simple"},"_links":{"self":[{"href":"https:\/\/stoic-curie.212-227-153-4.plesk.page\/de\/wp-json\/wp\/v2\/product\/3421894","targetHints":{"allow":["GET"]}}],"collection":[{"href":"https:\/\/stoic-curie.212-227-153-4.plesk.page\/de\/wp-json\/wp\/v2\/product"}],"about":[{"href":"https:\/\/stoic-curie.212-227-153-4.plesk.page\/de\/wp-json\/wp\/v2\/types\/product"}],"replies":[{"embeddable":true,"href":"https:\/\/stoic-curie.212-227-153-4.plesk.page\/de\/wp-json\/wp\/v2\/comments?post=3421894"}],"version-history":[{"count":0,"href":"https:\/\/stoic-curie.212-227-153-4.plesk.page\/de\/wp-json\/wp\/v2\/product\/3421894\/revisions"}],"wp:featuredmedia":[{"embeddable":true,"href":"https:\/\/stoic-curie.212-227-153-4.plesk.page\/de\/wp-json\/wp\/v2\/media\/5943402"}],"wp:attachment":[{"href":"https:\/\/stoic-curie.212-227-153-4.plesk.page\/de\/wp-json\/wp\/v2\/media?parent=3421894"}],"wp:term":[{"taxonomy":"product_brand","embeddable":true,"href":"https:\/\/stoic-curie.212-227-153-4.plesk.page\/de\/wp-json\/wp\/v2\/product_brand?post=3421894"},{"taxonomy":"product_cat","embeddable":true,"href":"https:\/\/stoic-curie.212-227-153-4.plesk.page\/de\/wp-json\/wp\/v2\/product_cat?post=3421894"},{"taxonomy":"product_tag","embeddable":true,"href":"https:\/\/stoic-curie.212-227-153-4.plesk.page\/de\/wp-json\/wp\/v2\/product_tag?post=3421894"}],"curies":[{"name":"wp","href":"https:\/\/api.w.org\/{rel}","templated":true}]}}