{"id":3422054,"date":"2025-10-09T22:50:41","date_gmt":"2025-10-10T02:50:41","guid":{"rendered":"https:\/\/stoic-curie.212-227-153-4.plesk.page\/product\/edelstahl-umlenkrolle-sprenger-doppel-19-mm-fuer-leinen-bis-zu-6-mm\/"},"modified":"2026-02-24T23:35:01","modified_gmt":"2026-02-24T23:35:01","slug":"edelstahl-umlenkrolle-sprenger-doppel-19-mm-fuer-leinen-bis-zu-6-mm","status":"publish","type":"product","link":"https:\/\/stoic-curie.212-227-153-4.plesk.page\/de\/product\/edelstahl-umlenkrolle-sprenger-doppel-19-mm-fuer-leinen-bis-zu-6-mm\/","title":{"rendered":"Edelstahl-Umlenkrolle Sprenger Doppel 19 mm f\u00fcr Leinen bis zu 6 mm"},"content":{"rendered":"<p>Edelstahl-Umlenkrolle Sprenger Doppel 19 mm f\u00fcr Leinen bis zu 6 mm &#8211; <\/p>\n<p>Kugellager HS Bl\u00f6cke f\u00fcr Seile bis 6 mm. Kugellager: Edelstahl. Scheibendurchmesser 19 mm: UV-best\u00e4ndiger Hi-Q Kunststoff. Seitenw\u00e4nde: Edelstahl. Bruchlast: 450 kg.<\/p>\n","protected":false},"excerpt":{"rendered":"<p>Edelstahl-Umlenkrolle Sprenger Doppel 19 mm f\u00fcr Leinen bis zu 6 mm &#8211; Kugellager HS Bl\u00f6cke f\u00fcr Seile bis 6 mm.<\/p>\n","protected":false},"featured_media":5939843,"comment_status":"closed","ping_status":"closed","template":"","meta":[],"product_brand":[3430],"product_cat":[1482],"product_tag":[],"class_list":{"0":"post-3422054","1":"product","2":"type-product","3":"status-publish","4":"has-post-thumbnail","6":"product_brand-sprenger-hs-de","7":"product_cat-sprenger-bloecke","9":"first","10":"instock","11":"shipping-taxable","12":"purchasable","13":"product-type-simple"},"_links":{"self":[{"href":"https:\/\/stoic-curie.212-227-153-4.plesk.page\/de\/wp-json\/wp\/v2\/product\/3422054","targetHints":{"allow":["GET"]}}],"collection":[{"href":"https:\/\/stoic-curie.212-227-153-4.plesk.page\/de\/wp-json\/wp\/v2\/product"}],"about":[{"href":"https:\/\/stoic-curie.212-227-153-4.plesk.page\/de\/wp-json\/wp\/v2\/types\/product"}],"replies":[{"embeddable":true,"href":"https:\/\/stoic-curie.212-227-153-4.plesk.page\/de\/wp-json\/wp\/v2\/comments?post=3422054"}],"version-history":[{"count":0,"href":"https:\/\/stoic-curie.212-227-153-4.plesk.page\/de\/wp-json\/wp\/v2\/product\/3422054\/revisions"}],"wp:featuredmedia":[{"embeddable":true,"href":"https:\/\/stoic-curie.212-227-153-4.plesk.page\/de\/wp-json\/wp\/v2\/media\/5939843"}],"wp:attachment":[{"href":"https:\/\/stoic-curie.212-227-153-4.plesk.page\/de\/wp-json\/wp\/v2\/media?parent=3422054"}],"wp:term":[{"taxonomy":"product_brand","embeddable":true,"href":"https:\/\/stoic-curie.212-227-153-4.plesk.page\/de\/wp-json\/wp\/v2\/product_brand?post=3422054"},{"taxonomy":"product_cat","embeddable":true,"href":"https:\/\/stoic-curie.212-227-153-4.plesk.page\/de\/wp-json\/wp\/v2\/product_cat?post=3422054"},{"taxonomy":"product_tag","embeddable":true,"href":"https:\/\/stoic-curie.212-227-153-4.plesk.page\/de\/wp-json\/wp\/v2\/product_tag?post=3422054"}],"curies":[{"name":"wp","href":"https:\/\/api.w.org\/{rel}","templated":true}]}}