{"id":3422150,"date":"2025-10-09T22:50:45","date_gmt":"2025-10-10T02:50:45","guid":{"rendered":"https:\/\/stoic-curie.212-227-153-4.plesk.page\/product\/umlenkrolle-fiddle-sprenger-50mm-fuer-leinen-bis-12mm-2\/"},"modified":"2026-02-24T23:35:01","modified_gmt":"2026-02-24T23:35:01","slug":"umlenkrolle-fiddle-sprenger-50mm-fuer-leinen-bis-12mm-2","status":"publish","type":"product","link":"https:\/\/stoic-curie.212-227-153-4.plesk.page\/de\/product\/umlenkrolle-fiddle-sprenger-50mm-fuer-leinen-bis-12mm-2\/","title":{"rendered":"Umlenkrolle Fiddle Sprenger 50mm f\u00fcr Leinen bis 12mm"},"content":{"rendered":"<p>Umlenkrolle Fiddle Sprenger 50mm f\u00fcr Leinen bis 12mm &#8211; <\/p>\n<p>Gleitlager-HS-Bl\u00f6cke f\u00fcr Seile bis zu 12 mm. Gleitlager: UV-best\u00e4ndiger Hi-Q-Kunststoff. Scheibendurchmesser 50 mm: UV-best\u00e4ndiger Hi-Q-Kunststoff. Backen: UV-best\u00e4ndiger Hi-Q-Kunststoff und Edelstahlriemen. Bruchlast: 1000 Kg.<\/p>\n","protected":false},"excerpt":{"rendered":"<p>Umlenkrolle Fiddle Sprenger 50mm f\u00fcr Leinen bis 12mm &#8211; Gleitlager-HS-Bl\u00f6cke f\u00fcr Seile bis zu 12 mm. Gleitlager: UV-best\u00e4ndiger Hi-Q-Kunststoff. Scheibendurchmesser<\/p>\n","protected":false},"featured_media":5943430,"comment_status":"closed","ping_status":"closed","template":"","meta":[],"product_brand":[3430],"product_cat":[1482],"product_tag":[],"class_list":{"0":"post-3422150","1":"product","2":"type-product","3":"status-publish","4":"has-post-thumbnail","6":"product_brand-sprenger-hs-de","7":"product_cat-sprenger-bloecke","9":"first","10":"instock","11":"shipping-taxable","12":"purchasable","13":"product-type-simple"},"_links":{"self":[{"href":"https:\/\/stoic-curie.212-227-153-4.plesk.page\/de\/wp-json\/wp\/v2\/product\/3422150","targetHints":{"allow":["GET"]}}],"collection":[{"href":"https:\/\/stoic-curie.212-227-153-4.plesk.page\/de\/wp-json\/wp\/v2\/product"}],"about":[{"href":"https:\/\/stoic-curie.212-227-153-4.plesk.page\/de\/wp-json\/wp\/v2\/types\/product"}],"replies":[{"embeddable":true,"href":"https:\/\/stoic-curie.212-227-153-4.plesk.page\/de\/wp-json\/wp\/v2\/comments?post=3422150"}],"version-history":[{"count":0,"href":"https:\/\/stoic-curie.212-227-153-4.plesk.page\/de\/wp-json\/wp\/v2\/product\/3422150\/revisions"}],"wp:featuredmedia":[{"embeddable":true,"href":"https:\/\/stoic-curie.212-227-153-4.plesk.page\/de\/wp-json\/wp\/v2\/media\/5943430"}],"wp:attachment":[{"href":"https:\/\/stoic-curie.212-227-153-4.plesk.page\/de\/wp-json\/wp\/v2\/media?parent=3422150"}],"wp:term":[{"taxonomy":"product_brand","embeddable":true,"href":"https:\/\/stoic-curie.212-227-153-4.plesk.page\/de\/wp-json\/wp\/v2\/product_brand?post=3422150"},{"taxonomy":"product_cat","embeddable":true,"href":"https:\/\/stoic-curie.212-227-153-4.plesk.page\/de\/wp-json\/wp\/v2\/product_cat?post=3422150"},{"taxonomy":"product_tag","embeddable":true,"href":"https:\/\/stoic-curie.212-227-153-4.plesk.page\/de\/wp-json\/wp\/v2\/product_tag?post=3422150"}],"curies":[{"name":"wp","href":"https:\/\/api.w.org\/{rel}","templated":true}]}}