{"id":3422261,"date":"2025-10-09T22:50:50","date_gmt":"2025-10-10T02:50:50","guid":{"rendered":"https:\/\/stoic-curie.212-227-153-4.plesk.page\/product\/fendress-fenderbezug-a1-schwarz\/"},"modified":"2026-02-24T23:35:01","modified_gmt":"2026-02-24T23:35:01","slug":"fendress-fenderbezug-a1-schwarz","status":"publish","type":"product","link":"https:\/\/stoic-curie.212-227-153-4.plesk.page\/de\/product\/fendress-fenderbezug-a1-schwarz\/","title":{"rendered":"Fendress Fenderbezug A1 Schwarz"},"content":{"rendered":"<p>Fendress Fenderbezug A1 Schwarz &#8211; <\/p>\n<p>Pl\u00fcsch-Fleece-Handgefertigte Fendress Fender Covers. Premium-Schutz f\u00fcr Ihre Fender, w\u00e4hrend das Quietschen und Kratzer reduziert wird. Weich und dennoch robust, sch\u00fctzen diese Fender Covers effizient Ihren Gel-Coat-Lack und lassen Ihre Fender l\u00e4nger halten.<\/p>\n<p>\u2022 \u201eFendress Covers\u201c sind 100% handgefertigte, hochwertige, abriebfeste, nicht abrasive Loop-Strickwaren aus Acryl. Weiche, pl\u00fcschige Fleece-Fender-Covers bieten den ultimativen Schutz f\u00fcr Ihre Oberfl\u00e4chen. \u2022 \u201eFendress Covers\u201c sind UV- und salzwasserbest\u00e4ndig und sch\u00fctzen Ihren Gel-Coat-Lack effektiv vor Kratzern und Abnutzung. Der strapazierf\u00e4hige Fleece-Stoff kombiniert all die besten Eigenschaften, darunter Riss- und Abriebfestigkeit, schnelles Trocknen und einfachen Abtransport zur Reinigung. \u2022 \u201eFendress Covers\u201c verl\u00e4ngern die Lebensdauer Ihrer Fender und beseitigen l\u00e4stiges Quietschen. UV-best\u00e4ndige Farben hinterlassen keine Abdr\u00fccke auf Ihren Oberfl\u00e4chen. Waschmaschinenfest. \u2022 \u201eFendress Covers\u201c verf\u00fcgen \u00fcber einen hochbest\u00e4ndigen oberen Teil und einen elastischen unteren Saum, der eine ma\u00dfgeschneiderte Passform f\u00fcr alle Fenderarten erm\u00f6glicht. Abdeckungen sind in 9 Farben erh\u00e4ltlich.<\/p>\n","protected":false},"excerpt":{"rendered":"<p>Fendress Fenderbezug A1 Schwarz &#8211; Pl\u00fcsch-Fleece-Handgefertigte Fendress Fender Covers. Premium-Schutz f\u00fcr Ihre Fender, w\u00e4hrend das Quietschen und Kratzer reduziert wird.<\/p>\n","protected":false},"featured_media":5943435,"comment_status":"closed","ping_status":"closed","template":"","meta":[],"product_brand":[2935],"product_cat":[1564],"product_tag":[],"class_list":{"0":"post-3422261","1":"product","2":"type-product","3":"status-publish","4":"has-post-thumbnail","6":"product_brand-fendress-de","7":"product_cat-fenderhuellen","9":"first","10":"instock","11":"shipping-taxable","12":"purchasable","13":"product-type-simple"},"_links":{"self":[{"href":"https:\/\/stoic-curie.212-227-153-4.plesk.page\/de\/wp-json\/wp\/v2\/product\/3422261","targetHints":{"allow":["GET"]}}],"collection":[{"href":"https:\/\/stoic-curie.212-227-153-4.plesk.page\/de\/wp-json\/wp\/v2\/product"}],"about":[{"href":"https:\/\/stoic-curie.212-227-153-4.plesk.page\/de\/wp-json\/wp\/v2\/types\/product"}],"replies":[{"embeddable":true,"href":"https:\/\/stoic-curie.212-227-153-4.plesk.page\/de\/wp-json\/wp\/v2\/comments?post=3422261"}],"version-history":[{"count":0,"href":"https:\/\/stoic-curie.212-227-153-4.plesk.page\/de\/wp-json\/wp\/v2\/product\/3422261\/revisions"}],"wp:featuredmedia":[{"embeddable":true,"href":"https:\/\/stoic-curie.212-227-153-4.plesk.page\/de\/wp-json\/wp\/v2\/media\/5943435"}],"wp:attachment":[{"href":"https:\/\/stoic-curie.212-227-153-4.plesk.page\/de\/wp-json\/wp\/v2\/media?parent=3422261"}],"wp:term":[{"taxonomy":"product_brand","embeddable":true,"href":"https:\/\/stoic-curie.212-227-153-4.plesk.page\/de\/wp-json\/wp\/v2\/product_brand?post=3422261"},{"taxonomy":"product_cat","embeddable":true,"href":"https:\/\/stoic-curie.212-227-153-4.plesk.page\/de\/wp-json\/wp\/v2\/product_cat?post=3422261"},{"taxonomy":"product_tag","embeddable":true,"href":"https:\/\/stoic-curie.212-227-153-4.plesk.page\/de\/wp-json\/wp\/v2\/product_tag?post=3422261"}],"curies":[{"name":"wp","href":"https:\/\/api.w.org\/{rel}","templated":true}]}}