{"id":3422263,"date":"2025-10-09T22:50:50","date_gmt":"2025-10-10T02:50:50","guid":{"rendered":"https:\/\/stoic-curie.212-227-153-4.plesk.page\/product\/fendress-fenderbezug-a1-beige\/"},"modified":"2026-02-24T23:35:01","modified_gmt":"2026-02-24T23:35:01","slug":"fendress-fenderbezug-a1-beige","status":"publish","type":"product","link":"https:\/\/stoic-curie.212-227-153-4.plesk.page\/de\/product\/fendress-fenderbezug-a1-beige\/","title":{"rendered":"Fendress Fenderbezug A1 Beige"},"content":{"rendered":"<p>Fendress Fenderbezug A1 Beige &#8211; <\/p>\n<p>Pl\u00fcsch-Fleece handgefertigte Fendress Fendercovers. Premium-Schutz f\u00fcr Ihre Fender und Eliminierung von Fenderger\u00e4uschen und Kratzern. Weich und dehnbar, sch\u00fctzen diese Fendercovers effektiv Ihren Gel-Coat-Lack und lassen Ihre Fender l\u00e4nger halten. <\/p>\n<p>\u2022 \u201eFendress Covers\u201c sind zu 100 % aus acryl, handgefertigt in hochwertiger Qualit\u00e4t, widerstandsf\u00e4hig und nicht abrasiv. Weiche, pl\u00fcschige Fleece-Fendercovers bieten den ultimativen Schutz f\u00fcr Ihre Oberfl\u00e4chen. <br \/>\u2022 \u201eFendress Covers\u201c sind UV- und Meerwasserbest\u00e4ndig und sch\u00fctzen effektiv Ihren Gel-Coat-Lack vor Kratzern und Abrieb. Der strapazierf\u00e4hige Fleece-Stoff vereint alle besten Eigenschaften, einschlie\u00dflich Rei\u00df- und Abriebsfestigkeit, schnelles Trocknen und einfache Reinigung. <br \/>\u2022 \u201eFendress Covers\u201c verl\u00e4ngern die Lebensdauer Ihrer Fender und beseitigen st\u00f6rende Fenderger\u00e4usche. UV-best\u00e4ndige Farben hinterlassen keine Spuren auf Ihren Oberfl\u00e4chen. Maschinenwaschbar. <br \/>\u2022 \u201eFendress Covers\u201c haben einen hochbest\u00e4ndigen Oberteil und einen elastischen Saum, der eine individuelle Passform f\u00fcr alle Fenderarten erm\u00f6glicht. Die Covers sind in 9 Farben erh\u00e4ltlich.<\/p>\n","protected":false},"excerpt":{"rendered":"<p>Fendress Fenderbezug A1 Beige &#8211; Pl\u00fcsch-Fleece handgefertigte Fendress Fendercovers. Premium-Schutz f\u00fcr Ihre Fender und Eliminierung von Fenderger\u00e4uschen und Kratzern. Weich<\/p>\n","protected":false},"featured_media":5943435,"comment_status":"closed","ping_status":"closed","template":"","meta":[],"product_brand":[2935],"product_cat":[1564],"product_tag":[],"class_list":{"0":"post-3422263","1":"product","2":"type-product","3":"status-publish","4":"has-post-thumbnail","6":"product_brand-fendress-de","7":"product_cat-fenderhuellen","9":"first","10":"instock","11":"shipping-taxable","12":"purchasable","13":"product-type-simple"},"_links":{"self":[{"href":"https:\/\/stoic-curie.212-227-153-4.plesk.page\/de\/wp-json\/wp\/v2\/product\/3422263","targetHints":{"allow":["GET"]}}],"collection":[{"href":"https:\/\/stoic-curie.212-227-153-4.plesk.page\/de\/wp-json\/wp\/v2\/product"}],"about":[{"href":"https:\/\/stoic-curie.212-227-153-4.plesk.page\/de\/wp-json\/wp\/v2\/types\/product"}],"replies":[{"embeddable":true,"href":"https:\/\/stoic-curie.212-227-153-4.plesk.page\/de\/wp-json\/wp\/v2\/comments?post=3422263"}],"version-history":[{"count":0,"href":"https:\/\/stoic-curie.212-227-153-4.plesk.page\/de\/wp-json\/wp\/v2\/product\/3422263\/revisions"}],"wp:featuredmedia":[{"embeddable":true,"href":"https:\/\/stoic-curie.212-227-153-4.plesk.page\/de\/wp-json\/wp\/v2\/media\/5943435"}],"wp:attachment":[{"href":"https:\/\/stoic-curie.212-227-153-4.plesk.page\/de\/wp-json\/wp\/v2\/media?parent=3422263"}],"wp:term":[{"taxonomy":"product_brand","embeddable":true,"href":"https:\/\/stoic-curie.212-227-153-4.plesk.page\/de\/wp-json\/wp\/v2\/product_brand?post=3422263"},{"taxonomy":"product_cat","embeddable":true,"href":"https:\/\/stoic-curie.212-227-153-4.plesk.page\/de\/wp-json\/wp\/v2\/product_cat?post=3422263"},{"taxonomy":"product_tag","embeddable":true,"href":"https:\/\/stoic-curie.212-227-153-4.plesk.page\/de\/wp-json\/wp\/v2\/product_tag?post=3422263"}],"curies":[{"name":"wp","href":"https:\/\/api.w.org\/{rel}","templated":true}]}}