{"id":3422285,"date":"2025-10-09T22:50:51","date_gmt":"2025-10-10T02:50:51","guid":{"rendered":"https:\/\/stoic-curie.212-227-153-4.plesk.page\/product\/fendress-fenderbezug-a2-blau-navy\/"},"modified":"2026-02-24T23:35:01","modified_gmt":"2026-02-24T23:35:01","slug":"fendress-fenderbezug-a2-blau-navy","status":"publish","type":"product","link":"https:\/\/stoic-curie.212-227-153-4.plesk.page\/de\/product\/fendress-fenderbezug-a2-blau-navy\/","title":{"rendered":"Fendress Fenderbezug A2 Blau Navy"},"content":{"rendered":"<p>Fendress Fenderbezug A2 Blau Navy &#8211; <\/p>\n<p>Pl\u00fcschige Fleece-Handgefertigte Fendress Fender-Abdeckungen. Premium-Schutz f\u00fcr Ihre Fender, der Knarren und schrappe Abdr\u00fccke beseitigt. Weich und robust sch\u00fctzen diese Fenderabdeckungen effizient Ihre Gelcoat-Oberfl\u00e4che und verl\u00e4ngern die Lebensdauer Ihrer Fender. <\/p>\n<ul>\n<li>\u201eFendress Covers\u201c sind 100% handgefertigte Acryl-Qualit\u00e4tsprodukte, die widerstandsf\u00e4hig und nicht abrasiv sind. Die weichen, pl\u00fcschigen Fleece-Fenderabdeckungen bieten ultimativen Schutz f\u00fcr Ihr Oberdeck.<\/li>\n<li>\u201eFendress Covers\u201c sind UV- und salzwasserbest\u00e4ndig und sch\u00fctzen effizient Ihre Gelcoat-Oberfl\u00e4che vor schrappe Abdr\u00fccken und Abrieb. Der strapazierf\u00e4hige Fleece-Stoff verf\u00fcgt \u00fcber alle besten Eigenschaften, einschlie\u00dflich Riss- und Abriebfestigkeit, schnelles Trocknen und einfache Entfernung zum Reinigen.<\/li>\n<li>\u201eFendress Covers\u201c verl\u00e4ngern die Lebensdauer Ihrer Fender und beseitigen nerviges Fenderknarren. UV-best\u00e4ndige Farben hinterlassen keine Abdr\u00fccke auf Ihrem Oberdeck. Waschmaschinengeeignet.<\/li>\n<li>\u201eFendress Covers\u201c verf\u00fcgen \u00fcber einen hochfesten oberen Saum und einen elastischen unteren Saum, die eine ma\u00dfgeschneiderte Passform f\u00fcr alle Fender-Typen erm\u00f6glichen. Die Abdeckungen sind in 9 Farben erh\u00e4ltlich.<\/li>\n<\/ul>\n","protected":false},"excerpt":{"rendered":"<p>Fendress Fenderbezug A2 Blau Navy &#8211; Pl\u00fcschige Fleece-Handgefertigte Fendress Fender-Abdeckungen. Premium-Schutz f\u00fcr Ihre Fender, der Knarren und schrappe Abdr\u00fccke beseitigt.<\/p>\n","protected":false},"featured_media":5943435,"comment_status":"closed","ping_status":"closed","template":"","meta":[],"product_brand":[2935],"product_cat":[1564],"product_tag":[],"class_list":{"0":"post-3422285","1":"product","2":"type-product","3":"status-publish","4":"has-post-thumbnail","6":"product_brand-fendress-de","7":"product_cat-fenderhuellen","9":"first","10":"instock","11":"shipping-taxable","12":"purchasable","13":"product-type-simple"},"_links":{"self":[{"href":"https:\/\/stoic-curie.212-227-153-4.plesk.page\/de\/wp-json\/wp\/v2\/product\/3422285","targetHints":{"allow":["GET"]}}],"collection":[{"href":"https:\/\/stoic-curie.212-227-153-4.plesk.page\/de\/wp-json\/wp\/v2\/product"}],"about":[{"href":"https:\/\/stoic-curie.212-227-153-4.plesk.page\/de\/wp-json\/wp\/v2\/types\/product"}],"replies":[{"embeddable":true,"href":"https:\/\/stoic-curie.212-227-153-4.plesk.page\/de\/wp-json\/wp\/v2\/comments?post=3422285"}],"version-history":[{"count":0,"href":"https:\/\/stoic-curie.212-227-153-4.plesk.page\/de\/wp-json\/wp\/v2\/product\/3422285\/revisions"}],"wp:featuredmedia":[{"embeddable":true,"href":"https:\/\/stoic-curie.212-227-153-4.plesk.page\/de\/wp-json\/wp\/v2\/media\/5943435"}],"wp:attachment":[{"href":"https:\/\/stoic-curie.212-227-153-4.plesk.page\/de\/wp-json\/wp\/v2\/media?parent=3422285"}],"wp:term":[{"taxonomy":"product_brand","embeddable":true,"href":"https:\/\/stoic-curie.212-227-153-4.plesk.page\/de\/wp-json\/wp\/v2\/product_brand?post=3422285"},{"taxonomy":"product_cat","embeddable":true,"href":"https:\/\/stoic-curie.212-227-153-4.plesk.page\/de\/wp-json\/wp\/v2\/product_cat?post=3422285"},{"taxonomy":"product_tag","embeddable":true,"href":"https:\/\/stoic-curie.212-227-153-4.plesk.page\/de\/wp-json\/wp\/v2\/product_tag?post=3422285"}],"curies":[{"name":"wp","href":"https:\/\/api.w.org\/{rel}","templated":true}]}}