{"id":3422289,"date":"2025-10-09T22:50:51","date_gmt":"2025-10-10T02:50:51","guid":{"rendered":"https:\/\/stoic-curie.212-227-153-4.plesk.page\/product\/fendress-fenderbezug-a2-schwarz\/"},"modified":"2026-02-24T23:35:01","modified_gmt":"2026-02-24T23:35:01","slug":"fendress-fenderbezug-a2-schwarz","status":"publish","type":"product","link":"https:\/\/stoic-curie.212-227-153-4.plesk.page\/de\/product\/fendress-fenderbezug-a2-schwarz\/","title":{"rendered":"Fendress Fenderbezug A2 Schwarz"},"content":{"rendered":"<p>Fendress Fenderbezug A2 Schwarz &#8211; <\/p>\n<p>Pl\u00fcsch-Fleece handgefertigte Fendress Fenderabdeckungen. Premium Schutz f\u00fcr Ihre Fender, w\u00e4hrend sie Quietschen und Schrammen eliminieren. Weich und dennoch robust sch\u00fctzen diese Fenderabdeckungen effizient Ihre Gelcoat-Lackierung und verl\u00e4ngern die Lebensdauer Ihrer Fender.<br \/> \u2022 &#8220;Fendress Covers&#8221; sind aus 100 % Acryl, handgefertigt in Premium-Qualit\u00e4t, resistent und nicht abrasiv. Weiche, pl\u00fcschige Fleece-Fenderabdeckungen bieten ultimativen Schutz f\u00fcr Ihre Oberseite.<br \/> \u2022 &#8220;Fendress Covers&#8221; sind UV- und meerwasserbest\u00e4ndig und sch\u00fctzen Ihre Gelcoat-Lackierung effizient vor Schrammen und Abrieb. Der strapazierf\u00e4hige und robuste Fleece-Stoff weist alle besten Eigenschaften auf, einschlie\u00dflich Rei\u00df- und Abriebfestigkeit, schnelles Trocknen und einfache Entfernung zum Reinigen.<br \/> \u2022 &#8220;Fendress Covers&#8221; verl\u00e4ngern die Lebensdauer Ihrer Fender und eliminieren l\u00e4stiges Quietschen. UV-best\u00e4ndige Farben hinterlassen keine Abdr\u00fccke auf Ihren Oberfl\u00e4chen. Maschinenwaschbar.<br \/> \u2022 &#8220;Fendress Covers&#8221; verf\u00fcgen \u00fcber einen hochbelastbaren oberen Bereich und einen elastischen unteren Saum, der eine ma\u00dfgeschneiderte Passform f\u00fcr alle Arten von Fendern erm\u00f6glicht. Abdeckungen sind in 9 Farben erh\u00e4ltlich.<\/p>\n","protected":false},"excerpt":{"rendered":"<p>Fendress Fenderbezug A2 Schwarz &#8211; Pl\u00fcsch-Fleece handgefertigte Fendress Fenderabdeckungen. Premium Schutz f\u00fcr Ihre Fender, w\u00e4hrend sie Quietschen und Schrammen eliminieren.<\/p>\n","protected":false},"featured_media":5943435,"comment_status":"closed","ping_status":"closed","template":"","meta":[],"product_brand":[2935],"product_cat":[1564],"product_tag":[],"class_list":{"0":"post-3422289","1":"product","2":"type-product","3":"status-publish","4":"has-post-thumbnail","6":"product_brand-fendress-de","7":"product_cat-fenderhuellen","9":"first","10":"instock","11":"shipping-taxable","12":"purchasable","13":"product-type-simple"},"_links":{"self":[{"href":"https:\/\/stoic-curie.212-227-153-4.plesk.page\/de\/wp-json\/wp\/v2\/product\/3422289","targetHints":{"allow":["GET"]}}],"collection":[{"href":"https:\/\/stoic-curie.212-227-153-4.plesk.page\/de\/wp-json\/wp\/v2\/product"}],"about":[{"href":"https:\/\/stoic-curie.212-227-153-4.plesk.page\/de\/wp-json\/wp\/v2\/types\/product"}],"replies":[{"embeddable":true,"href":"https:\/\/stoic-curie.212-227-153-4.plesk.page\/de\/wp-json\/wp\/v2\/comments?post=3422289"}],"version-history":[{"count":0,"href":"https:\/\/stoic-curie.212-227-153-4.plesk.page\/de\/wp-json\/wp\/v2\/product\/3422289\/revisions"}],"wp:featuredmedia":[{"embeddable":true,"href":"https:\/\/stoic-curie.212-227-153-4.plesk.page\/de\/wp-json\/wp\/v2\/media\/5943435"}],"wp:attachment":[{"href":"https:\/\/stoic-curie.212-227-153-4.plesk.page\/de\/wp-json\/wp\/v2\/media?parent=3422289"}],"wp:term":[{"taxonomy":"product_brand","embeddable":true,"href":"https:\/\/stoic-curie.212-227-153-4.plesk.page\/de\/wp-json\/wp\/v2\/product_brand?post=3422289"},{"taxonomy":"product_cat","embeddable":true,"href":"https:\/\/stoic-curie.212-227-153-4.plesk.page\/de\/wp-json\/wp\/v2\/product_cat?post=3422289"},{"taxonomy":"product_tag","embeddable":true,"href":"https:\/\/stoic-curie.212-227-153-4.plesk.page\/de\/wp-json\/wp\/v2\/product_tag?post=3422289"}],"curies":[{"name":"wp","href":"https:\/\/api.w.org\/{rel}","templated":true}]}}