{"id":3422352,"date":"2025-10-09T22:50:53","date_gmt":"2025-10-10T02:50:53","guid":{"rendered":"https:\/\/stoic-curie.212-227-153-4.plesk.page\/product\/fendress-fenderbezug-a3-bordeaux\/"},"modified":"2026-02-24T23:35:01","modified_gmt":"2026-02-24T23:35:01","slug":"fendress-fenderbezug-a3-bordeaux","status":"publish","type":"product","link":"https:\/\/stoic-curie.212-227-153-4.plesk.page\/de\/product\/fendress-fenderbezug-a3-bordeaux\/","title":{"rendered":"Fendress Fenderbezug A3 Bordeaux"},"content":{"rendered":"<p>Fendress Fenderbezug A3 Bordeaux &#8211; <\/p>\n<p>Pl\u00fcsch-Fleece handgefertigte Fendress Fender\u00fcberz\u00fcge. Premium Schutz f\u00fcr Ihre Fender, der Quietschen und Schrammen beseitigt. Die weichen und strapazierf\u00e4higen Fender\u00fcberz\u00fcge sch\u00fctzen effizient Ihre Gelcoat-Lackierung und verl\u00e4ngern die Lebensdauer Ihrer Fender.<\/p>\n<p>\u2022 \u201cFendress Covers\u201d sind 100% Acryl, handgefertigte Premium-Qualit\u00e4t, resistent und nicht abrasiv gestrickt. Die weichen, pl\u00fcschigen Fleece-Fender\u00fcberz\u00fcge bieten den ultimativen Schutz f\u00fcr Ihre Oberseite. \u2022 \u201cFendress Covers\u201d sind UV- und salzwasserbest\u00e4ndig und sch\u00fctzen effizient Ihre Gelcoat-Lackierung vor Schrammen und Abrieb. Der strapazierf\u00e4hige und robuste Fleece-Stoff besitzt alle besten Eigenschaften, einschlie\u00dflich Riss- und Abriebsbest\u00e4ndigkeit, schnelles Trocknen und einfache Entfernung zur Reinigung. \u2022 \u201cFendress Covers\u201d verl\u00e4ngern die Lebensdauer Ihrer Fender und beseitigen l\u00e4stiges Quietschen. UV-best\u00e4ndige Farben hinterlassen keine Abdr\u00fccke auf Ihrer Oberseite. Maschinenwaschbar. \u2022 \u201cFendress Covers\u201d haben einen hochbest\u00e4ndigen oberen und einen elastischen unteren Saum, der eine individuelle Passform f\u00fcr alle Fenderarten erm\u00f6glicht. \u00dcberz\u00fcge sind in 9 Farben erh\u00e4ltlich.<\/p>\n","protected":false},"excerpt":{"rendered":"<p>Fendress Fenderbezug A3 Bordeaux &#8211; Pl\u00fcsch-Fleece handgefertigte Fendress Fender\u00fcberz\u00fcge. Premium Schutz f\u00fcr Ihre Fender, der Quietschen und Schrammen beseitigt. Die<\/p>\n","protected":false},"featured_media":5943435,"comment_status":"closed","ping_status":"closed","template":"","meta":[],"product_brand":[2935],"product_cat":[1564],"product_tag":[],"class_list":{"0":"post-3422352","1":"product","2":"type-product","3":"status-publish","4":"has-post-thumbnail","6":"product_brand-fendress-de","7":"product_cat-fenderhuellen","9":"first","10":"instock","11":"shipping-taxable","12":"purchasable","13":"product-type-simple"},"_links":{"self":[{"href":"https:\/\/stoic-curie.212-227-153-4.plesk.page\/de\/wp-json\/wp\/v2\/product\/3422352","targetHints":{"allow":["GET"]}}],"collection":[{"href":"https:\/\/stoic-curie.212-227-153-4.plesk.page\/de\/wp-json\/wp\/v2\/product"}],"about":[{"href":"https:\/\/stoic-curie.212-227-153-4.plesk.page\/de\/wp-json\/wp\/v2\/types\/product"}],"replies":[{"embeddable":true,"href":"https:\/\/stoic-curie.212-227-153-4.plesk.page\/de\/wp-json\/wp\/v2\/comments?post=3422352"}],"version-history":[{"count":0,"href":"https:\/\/stoic-curie.212-227-153-4.plesk.page\/de\/wp-json\/wp\/v2\/product\/3422352\/revisions"}],"wp:featuredmedia":[{"embeddable":true,"href":"https:\/\/stoic-curie.212-227-153-4.plesk.page\/de\/wp-json\/wp\/v2\/media\/5943435"}],"wp:attachment":[{"href":"https:\/\/stoic-curie.212-227-153-4.plesk.page\/de\/wp-json\/wp\/v2\/media?parent=3422352"}],"wp:term":[{"taxonomy":"product_brand","embeddable":true,"href":"https:\/\/stoic-curie.212-227-153-4.plesk.page\/de\/wp-json\/wp\/v2\/product_brand?post=3422352"},{"taxonomy":"product_cat","embeddable":true,"href":"https:\/\/stoic-curie.212-227-153-4.plesk.page\/de\/wp-json\/wp\/v2\/product_cat?post=3422352"},{"taxonomy":"product_tag","embeddable":true,"href":"https:\/\/stoic-curie.212-227-153-4.plesk.page\/de\/wp-json\/wp\/v2\/product_tag?post=3422352"}],"curies":[{"name":"wp","href":"https:\/\/api.w.org\/{rel}","templated":true}]}}