{"id":3422369,"date":"2025-10-09T22:50:54","date_gmt":"2025-10-10T02:50:54","guid":{"rendered":"https:\/\/stoic-curie.212-227-153-4.plesk.page\/product\/fendress-fenderbezug-a4-schwarz\/"},"modified":"2026-02-24T23:35:01","modified_gmt":"2026-02-24T23:35:01","slug":"fendress-fenderbezug-a4-schwarz","status":"publish","type":"product","link":"https:\/\/stoic-curie.212-227-153-4.plesk.page\/de\/product\/fendress-fenderbezug-a4-schwarz\/","title":{"rendered":"Fendress Fenderbezug A4 Schwarz"},"content":{"rendered":"<p>Fendress Fenderbezug A4 Schwarz &#8211; <\/p>\n<p>Pl\u00fcschfleece handgefertigte Fendress Fender-Abdeckungen. Premium Schutz f\u00fcr Ihre Fender, w\u00e4hrend sie Fenderquietschen und Kratzer beseitigen. Weich und robust, sch\u00fctzen diese Fender-Abdeckungen effizient Ihren Gel-Coat-Lack und lassen Ihre Fender l\u00e4nger halten. <br \/>\u2022 \u201eFendress Covers\u201c sind 100% Acryl, handgefertigte Premium-Qualit\u00e4t, strapazierf\u00e4hig und nicht abrasiv. Weiche, pl\u00fcschige Fleece-Fender-Abdeckungen bieten den ultimativen Schutz f\u00fcr Ihre Oberseiten. <br \/>\u2022 \u201eFendress Covers\u201c sind UV- und salzwasserbest\u00e4ndig und sch\u00fctzen Ihren Gel-Coat-Lack effizient vor Kratzern und Abnutzung. Der strapazierf\u00e4hige Fleece-Stoff enth\u00e4lt alle besten Eigenschaften, einschlie\u00dflich Riss- und Abriebfestigkeit, schnelle Trocknungsf\u00e4higkeit und einfache Entfernung zur Reinigung. <br \/>\u2022 \u201eFendress Covers\u201c verl\u00e4ngern die Lebensdauer Ihrer Fender und beseitigen st\u00f6rendes Fenderquietschen. UV-best\u00e4ndige Farben hinterlassen keine Spuren auf Ihren Oberseiten. Maschinenwaschbar. <br \/>\u2022 \u201eFendress Covers\u201c mit extrem widerstandsf\u00e4higem Oberteil und elastischem Saum erm\u00f6glichen eine ma\u00dfgeschneiderte Passform f\u00fcr alle Fender-Typen. Abdeckungen sind in 9 Farben erh\u00e4ltlich.<\/p>\n","protected":false},"excerpt":{"rendered":"<p>Fendress Fenderbezug A4 Schwarz &#8211; Pl\u00fcschfleece handgefertigte Fendress Fender-Abdeckungen. Premium Schutz f\u00fcr Ihre Fender, w\u00e4hrend sie Fenderquietschen und Kratzer beseitigen.<\/p>\n","protected":false},"featured_media":5943435,"comment_status":"closed","ping_status":"closed","template":"","meta":[],"product_brand":[2935],"product_cat":[1564],"product_tag":[],"class_list":{"0":"post-3422369","1":"product","2":"type-product","3":"status-publish","4":"has-post-thumbnail","6":"product_brand-fendress-de","7":"product_cat-fenderhuellen","9":"first","10":"instock","11":"shipping-taxable","12":"purchasable","13":"product-type-simple"},"_links":{"self":[{"href":"https:\/\/stoic-curie.212-227-153-4.plesk.page\/de\/wp-json\/wp\/v2\/product\/3422369","targetHints":{"allow":["GET"]}}],"collection":[{"href":"https:\/\/stoic-curie.212-227-153-4.plesk.page\/de\/wp-json\/wp\/v2\/product"}],"about":[{"href":"https:\/\/stoic-curie.212-227-153-4.plesk.page\/de\/wp-json\/wp\/v2\/types\/product"}],"replies":[{"embeddable":true,"href":"https:\/\/stoic-curie.212-227-153-4.plesk.page\/de\/wp-json\/wp\/v2\/comments?post=3422369"}],"version-history":[{"count":0,"href":"https:\/\/stoic-curie.212-227-153-4.plesk.page\/de\/wp-json\/wp\/v2\/product\/3422369\/revisions"}],"wp:featuredmedia":[{"embeddable":true,"href":"https:\/\/stoic-curie.212-227-153-4.plesk.page\/de\/wp-json\/wp\/v2\/media\/5943435"}],"wp:attachment":[{"href":"https:\/\/stoic-curie.212-227-153-4.plesk.page\/de\/wp-json\/wp\/v2\/media?parent=3422369"}],"wp:term":[{"taxonomy":"product_brand","embeddable":true,"href":"https:\/\/stoic-curie.212-227-153-4.plesk.page\/de\/wp-json\/wp\/v2\/product_brand?post=3422369"},{"taxonomy":"product_cat","embeddable":true,"href":"https:\/\/stoic-curie.212-227-153-4.plesk.page\/de\/wp-json\/wp\/v2\/product_cat?post=3422369"},{"taxonomy":"product_tag","embeddable":true,"href":"https:\/\/stoic-curie.212-227-153-4.plesk.page\/de\/wp-json\/wp\/v2\/product_tag?post=3422369"}],"curies":[{"name":"wp","href":"https:\/\/api.w.org\/{rel}","templated":true}]}}