{"id":3422444,"date":"2025-10-09T22:50:57","date_gmt":"2025-10-10T02:50:57","guid":{"rendered":"https:\/\/stoic-curie.212-227-153-4.plesk.page\/product\/verstaerkte-nylon-deckbefuellungen-komplett-mit-aufklebern-38-x-85-mm\/"},"modified":"2026-02-24T23:35:01","modified_gmt":"2026-02-24T23:35:01","slug":"verstaerkte-nylon-deckbefuellungen-komplett-mit-aufklebern-38-x-85-mm","status":"publish","type":"product","link":"https:\/\/stoic-curie.212-227-153-4.plesk.page\/de\/product\/verstaerkte-nylon-deckbefuellungen-komplett-mit-aufklebern-38-x-85-mm\/","title":{"rendered":"Verst\u00e4rkte Nylon-Deckbef\u00fcllungen komplett mit Aufklebern 38 x 85 mm"},"content":{"rendered":"<p>Verst\u00e4rkte Nylon-Deckbef\u00fcllungen komplett mit Aufklebern 38 x 85 mm &#8211; <\/p>\n<p>Verst\u00e4rkte Nylon-Dekore mit Klebeetiketten. Kann mit einem Winschgriff ge\u00f6ffnet werden.<\/p>\n","protected":false},"excerpt":{"rendered":"<p>Verst\u00e4rkte Nylon-Deckbef\u00fcllungen komplett mit Aufklebern 38 x 85 mm &#8211; Verst\u00e4rkte Nylon-Dekore mit Klebeetiketten. Kann mit einem Winschgriff ge\u00f6ffnet werden.<\/p>\n","protected":false},"featured_media":5943439,"comment_status":"closed","ping_status":"closed","template":"","meta":[],"product_brand":[3210],"product_cat":[1514,1381],"product_tag":[],"class_list":{"0":"post-3422444","1":"product","2":"type-product","3":"status-publish","4":"has-post-thumbnail","6":"product_brand-nuova-rade-de","7":"product_cat-kraftstoffeinfueller","8":"product_cat-wasserdeckbefuellungen","10":"first","11":"instock","12":"shipping-taxable","13":"purchasable","14":"product-type-simple"},"_links":{"self":[{"href":"https:\/\/stoic-curie.212-227-153-4.plesk.page\/de\/wp-json\/wp\/v2\/product\/3422444","targetHints":{"allow":["GET"]}}],"collection":[{"href":"https:\/\/stoic-curie.212-227-153-4.plesk.page\/de\/wp-json\/wp\/v2\/product"}],"about":[{"href":"https:\/\/stoic-curie.212-227-153-4.plesk.page\/de\/wp-json\/wp\/v2\/types\/product"}],"replies":[{"embeddable":true,"href":"https:\/\/stoic-curie.212-227-153-4.plesk.page\/de\/wp-json\/wp\/v2\/comments?post=3422444"}],"version-history":[{"count":0,"href":"https:\/\/stoic-curie.212-227-153-4.plesk.page\/de\/wp-json\/wp\/v2\/product\/3422444\/revisions"}],"wp:featuredmedia":[{"embeddable":true,"href":"https:\/\/stoic-curie.212-227-153-4.plesk.page\/de\/wp-json\/wp\/v2\/media\/5943439"}],"wp:attachment":[{"href":"https:\/\/stoic-curie.212-227-153-4.plesk.page\/de\/wp-json\/wp\/v2\/media?parent=3422444"}],"wp:term":[{"taxonomy":"product_brand","embeddable":true,"href":"https:\/\/stoic-curie.212-227-153-4.plesk.page\/de\/wp-json\/wp\/v2\/product_brand?post=3422444"},{"taxonomy":"product_cat","embeddable":true,"href":"https:\/\/stoic-curie.212-227-153-4.plesk.page\/de\/wp-json\/wp\/v2\/product_cat?post=3422444"},{"taxonomy":"product_tag","embeddable":true,"href":"https:\/\/stoic-curie.212-227-153-4.plesk.page\/de\/wp-json\/wp\/v2\/product_tag?post=3422444"}],"curies":[{"name":"wp","href":"https:\/\/api.w.org\/{rel}","templated":true}]}}