{"id":3422566,"date":"2025-10-09T22:51:02","date_gmt":"2025-10-10T02:51:02","guid":{"rendered":"https:\/\/stoic-curie.212-227-153-4.plesk.page\/product\/bypass-fuer-zylinder-vetus-mtc52-mtc175\/"},"modified":"2026-02-24T23:35:02","modified_gmt":"2026-02-24T23:35:02","slug":"bypass-fuer-zylinder-vetus-mtc52-mtc175","status":"publish","type":"product","link":"https:\/\/stoic-curie.212-227-153-4.plesk.page\/de\/product\/bypass-fuer-zylinder-vetus-mtc52-mtc175\/","title":{"rendered":"Bypass f\u00fcr Zylinder Vetus MTC52 &#8211; MTC175"},"content":{"rendered":"<p>Bypass f\u00fcr Zylinder Vetus MTC52 &#8211; MTC175 &#8211; <\/p>\n<p>Ersatzteile und Zubeh\u00f6r f\u00fcr Vetus hydraulische Steuerungssysteme. R\u00fcckflussventile werden auch f\u00fcr Doppelstationen verwendet. Die eingelassenen Flansche bestehen aus Edelstahl und passen zu alten Vetus-Pumpen. Der By-Pass-Hahn ist am Hydrauliksystem montiert, um leicht zur Steuerung zu gelangen.<\/p>\n","protected":false},"excerpt":{"rendered":"<p>Bypass f\u00fcr Zylinder Vetus MTC52 &#8211; MTC175 &#8211; Ersatzteile und Zubeh\u00f6r f\u00fcr Vetus hydraulische Steuerungssysteme. R\u00fcckflussventile werden auch f\u00fcr Doppelstationen<\/p>\n","protected":false},"featured_media":5943449,"comment_status":"closed","ping_status":"closed","template":"","meta":[],"product_brand":[3520],"product_cat":[1536],"product_tag":[],"class_list":{"0":"post-3422566","1":"product","2":"type-product","3":"status-publish","4":"has-post-thumbnail","6":"product_brand-vetus-de","7":"product_cat-hydraulische-lenkung","9":"first","10":"instock","11":"shipping-taxable","12":"purchasable","13":"product-type-simple"},"_links":{"self":[{"href":"https:\/\/stoic-curie.212-227-153-4.plesk.page\/de\/wp-json\/wp\/v2\/product\/3422566","targetHints":{"allow":["GET"]}}],"collection":[{"href":"https:\/\/stoic-curie.212-227-153-4.plesk.page\/de\/wp-json\/wp\/v2\/product"}],"about":[{"href":"https:\/\/stoic-curie.212-227-153-4.plesk.page\/de\/wp-json\/wp\/v2\/types\/product"}],"replies":[{"embeddable":true,"href":"https:\/\/stoic-curie.212-227-153-4.plesk.page\/de\/wp-json\/wp\/v2\/comments?post=3422566"}],"version-history":[{"count":0,"href":"https:\/\/stoic-curie.212-227-153-4.plesk.page\/de\/wp-json\/wp\/v2\/product\/3422566\/revisions"}],"wp:featuredmedia":[{"embeddable":true,"href":"https:\/\/stoic-curie.212-227-153-4.plesk.page\/de\/wp-json\/wp\/v2\/media\/5943449"}],"wp:attachment":[{"href":"https:\/\/stoic-curie.212-227-153-4.plesk.page\/de\/wp-json\/wp\/v2\/media?parent=3422566"}],"wp:term":[{"taxonomy":"product_brand","embeddable":true,"href":"https:\/\/stoic-curie.212-227-153-4.plesk.page\/de\/wp-json\/wp\/v2\/product_brand?post=3422566"},{"taxonomy":"product_cat","embeddable":true,"href":"https:\/\/stoic-curie.212-227-153-4.plesk.page\/de\/wp-json\/wp\/v2\/product_cat?post=3422566"},{"taxonomy":"product_tag","embeddable":true,"href":"https:\/\/stoic-curie.212-227-153-4.plesk.page\/de\/wp-json\/wp\/v2\/product_tag?post=3422566"}],"curies":[{"name":"wp","href":"https:\/\/api.w.org\/{rel}","templated":true}]}}