{"id":3422592,"date":"2025-10-09T22:51:03","date_gmt":"2025-10-10T02:51:03","guid":{"rendered":"https:\/\/stoic-curie.212-227-153-4.plesk.page\/product\/zuendkerze-ngk-ab2\/"},"modified":"2026-02-24T23:35:02","modified_gmt":"2026-02-24T23:35:02","slug":"zuendkerze-ngk-ab2","status":"publish","type":"product","link":"https:\/\/stoic-curie.212-227-153-4.plesk.page\/de\/product\/zuendkerze-ngk-ab2\/","title":{"rendered":"Z\u00fcndkerze NGK AB2"},"content":{"rendered":"<p>Z\u00fcndkerze NGK AB2 &#8211; <\/p>\n<p>Motomarine und OEM Kreuzreferenztabelle. Die linke Spalte enth\u00e4lt die Codes der Motomarine Z\u00fcndkerzen. Die rechte Spalte enth\u00e4lt die Codes der OEM Z\u00fcndkerzen.<\/p>\n","protected":false},"excerpt":{"rendered":"<p>Z\u00fcndkerze NGK AB2 &#8211; Motomarine und OEM Kreuzreferenztabelle. Die linke Spalte enth\u00e4lt die Codes der Motomarine Z\u00fcndkerzen. Die rechte Spalte<\/p>\n","protected":false},"featured_media":5940460,"comment_status":"closed","ping_status":"closed","template":"","meta":[],"product_brand":[3190],"product_cat":[1532],"product_tag":[],"class_list":{"0":"post-3422592","1":"product","2":"type-product","3":"status-publish","4":"has-post-thumbnail","6":"product_brand-ngk-de","7":"product_cat-marine-zuendkerzen","9":"first","10":"outofstock","11":"shipping-taxable","12":"purchasable","13":"product-type-simple"},"_links":{"self":[{"href":"https:\/\/stoic-curie.212-227-153-4.plesk.page\/de\/wp-json\/wp\/v2\/product\/3422592","targetHints":{"allow":["GET"]}}],"collection":[{"href":"https:\/\/stoic-curie.212-227-153-4.plesk.page\/de\/wp-json\/wp\/v2\/product"}],"about":[{"href":"https:\/\/stoic-curie.212-227-153-4.plesk.page\/de\/wp-json\/wp\/v2\/types\/product"}],"replies":[{"embeddable":true,"href":"https:\/\/stoic-curie.212-227-153-4.plesk.page\/de\/wp-json\/wp\/v2\/comments?post=3422592"}],"version-history":[{"count":0,"href":"https:\/\/stoic-curie.212-227-153-4.plesk.page\/de\/wp-json\/wp\/v2\/product\/3422592\/revisions"}],"wp:featuredmedia":[{"embeddable":true,"href":"https:\/\/stoic-curie.212-227-153-4.plesk.page\/de\/wp-json\/wp\/v2\/media\/5940460"}],"wp:attachment":[{"href":"https:\/\/stoic-curie.212-227-153-4.plesk.page\/de\/wp-json\/wp\/v2\/media?parent=3422592"}],"wp:term":[{"taxonomy":"product_brand","embeddable":true,"href":"https:\/\/stoic-curie.212-227-153-4.plesk.page\/de\/wp-json\/wp\/v2\/product_brand?post=3422592"},{"taxonomy":"product_cat","embeddable":true,"href":"https:\/\/stoic-curie.212-227-153-4.plesk.page\/de\/wp-json\/wp\/v2\/product_cat?post=3422592"},{"taxonomy":"product_tag","embeddable":true,"href":"https:\/\/stoic-curie.212-227-153-4.plesk.page\/de\/wp-json\/wp\/v2\/product_tag?post=3422592"}],"curies":[{"name":"wp","href":"https:\/\/api.w.org\/{rel}","templated":true}]}}