{"id":3422618,"date":"2025-10-09T22:51:04","date_gmt":"2025-10-10T02:51:04","guid":{"rendered":"https:\/\/stoic-curie.212-227-153-4.plesk.page\/product\/zuendkerze-ngk-b6es\/"},"modified":"2026-02-24T23:35:02","modified_gmt":"2026-02-24T23:35:02","slug":"zuendkerze-ngk-b6es","status":"publish","type":"product","link":"https:\/\/stoic-curie.212-227-153-4.plesk.page\/de\/product\/zuendkerze-ngk-b6es\/","title":{"rendered":"Z\u00fcndkerze NGK B6ES"},"content":{"rendered":"<p>Z\u00fcndkerze NGK B6ES &#8211; <\/p>\n<p>Motomarine vs. OEM Vergleichstabelle f\u00fcr Z\u00fcndkerzen.<br \/>Die linke Spalte enth\u00e4lt die Motomarine Z\u00fcndkerzencodes.<br \/>Die rechte Spalte enth\u00e4lt die OEM Z\u00fcndkerzencodes.<\/p>\n","protected":false},"excerpt":{"rendered":"<p>Z\u00fcndkerze NGK B6ES &#8211; Motomarine vs. OEM Vergleichstabelle f\u00fcr Z\u00fcndkerzen.Die linke Spalte enth\u00e4lt die Motomarine Z\u00fcndkerzencodes.Die rechte Spalte enth\u00e4lt die<\/p>\n","protected":false},"featured_media":5940460,"comment_status":"closed","ping_status":"closed","template":"","meta":[],"product_brand":[3190],"product_cat":[1532],"product_tag":[],"class_list":{"0":"post-3422618","1":"product","2":"type-product","3":"status-publish","4":"has-post-thumbnail","6":"product_brand-ngk-de","7":"product_cat-marine-zuendkerzen","9":"first","10":"instock","11":"shipping-taxable","12":"purchasable","13":"product-type-simple"},"_links":{"self":[{"href":"https:\/\/stoic-curie.212-227-153-4.plesk.page\/de\/wp-json\/wp\/v2\/product\/3422618","targetHints":{"allow":["GET"]}}],"collection":[{"href":"https:\/\/stoic-curie.212-227-153-4.plesk.page\/de\/wp-json\/wp\/v2\/product"}],"about":[{"href":"https:\/\/stoic-curie.212-227-153-4.plesk.page\/de\/wp-json\/wp\/v2\/types\/product"}],"replies":[{"embeddable":true,"href":"https:\/\/stoic-curie.212-227-153-4.plesk.page\/de\/wp-json\/wp\/v2\/comments?post=3422618"}],"version-history":[{"count":0,"href":"https:\/\/stoic-curie.212-227-153-4.plesk.page\/de\/wp-json\/wp\/v2\/product\/3422618\/revisions"}],"wp:featuredmedia":[{"embeddable":true,"href":"https:\/\/stoic-curie.212-227-153-4.plesk.page\/de\/wp-json\/wp\/v2\/media\/5940460"}],"wp:attachment":[{"href":"https:\/\/stoic-curie.212-227-153-4.plesk.page\/de\/wp-json\/wp\/v2\/media?parent=3422618"}],"wp:term":[{"taxonomy":"product_brand","embeddable":true,"href":"https:\/\/stoic-curie.212-227-153-4.plesk.page\/de\/wp-json\/wp\/v2\/product_brand?post=3422618"},{"taxonomy":"product_cat","embeddable":true,"href":"https:\/\/stoic-curie.212-227-153-4.plesk.page\/de\/wp-json\/wp\/v2\/product_cat?post=3422618"},{"taxonomy":"product_tag","embeddable":true,"href":"https:\/\/stoic-curie.212-227-153-4.plesk.page\/de\/wp-json\/wp\/v2\/product_tag?post=3422618"}],"curies":[{"name":"wp","href":"https:\/\/api.w.org\/{rel}","templated":true}]}}