{"id":3422659,"date":"2025-10-09T22:51:05","date_gmt":"2025-10-10T02:51:05","guid":{"rendered":"https:\/\/stoic-curie.212-227-153-4.plesk.page\/product\/ngk-zuendkerze-bpz7hs-10\/"},"modified":"2026-02-24T23:35:02","modified_gmt":"2026-02-24T23:35:02","slug":"ngk-zuendkerze-bpz7hs-10","status":"publish","type":"product","link":"https:\/\/stoic-curie.212-227-153-4.plesk.page\/de\/product\/ngk-zuendkerze-bpz7hs-10\/","title":{"rendered":"NGK Z\u00fcndkerze BPZ7HS-10"},"content":{"rendered":"<p>NGK Z\u00fcndkerze BPZ7HS-10 &#8211; <\/p>\n<p>Motomarine und OEM Kreuzreferenztabelle. Die linke Spalte enth\u00e4lt die Motomarine Z\u00fcndkerzen-Codes. Die rechte Spalte enth\u00e4lt die OEM Z\u00fcndkerzen-Codes.<\/p>\n","protected":false},"excerpt":{"rendered":"<p>NGK Z\u00fcndkerze BPZ7HS-10 &#8211; Motomarine und OEM Kreuzreferenztabelle. Die linke Spalte enth\u00e4lt die Motomarine Z\u00fcndkerzen-Codes. Die rechte Spalte enth\u00e4lt die<\/p>\n","protected":false},"featured_media":5940460,"comment_status":"closed","ping_status":"closed","template":"","meta":[],"product_brand":[3190],"product_cat":[1532],"product_tag":[],"class_list":{"0":"post-3422659","1":"product","2":"type-product","3":"status-publish","4":"has-post-thumbnail","6":"product_brand-ngk-de","7":"product_cat-marine-zuendkerzen","9":"first","10":"outofstock","11":"shipping-taxable","12":"purchasable","13":"product-type-simple"},"_links":{"self":[{"href":"https:\/\/stoic-curie.212-227-153-4.plesk.page\/de\/wp-json\/wp\/v2\/product\/3422659","targetHints":{"allow":["GET"]}}],"collection":[{"href":"https:\/\/stoic-curie.212-227-153-4.plesk.page\/de\/wp-json\/wp\/v2\/product"}],"about":[{"href":"https:\/\/stoic-curie.212-227-153-4.plesk.page\/de\/wp-json\/wp\/v2\/types\/product"}],"replies":[{"embeddable":true,"href":"https:\/\/stoic-curie.212-227-153-4.plesk.page\/de\/wp-json\/wp\/v2\/comments?post=3422659"}],"version-history":[{"count":0,"href":"https:\/\/stoic-curie.212-227-153-4.plesk.page\/de\/wp-json\/wp\/v2\/product\/3422659\/revisions"}],"wp:featuredmedia":[{"embeddable":true,"href":"https:\/\/stoic-curie.212-227-153-4.plesk.page\/de\/wp-json\/wp\/v2\/media\/5940460"}],"wp:attachment":[{"href":"https:\/\/stoic-curie.212-227-153-4.plesk.page\/de\/wp-json\/wp\/v2\/media?parent=3422659"}],"wp:term":[{"taxonomy":"product_brand","embeddable":true,"href":"https:\/\/stoic-curie.212-227-153-4.plesk.page\/de\/wp-json\/wp\/v2\/product_brand?post=3422659"},{"taxonomy":"product_cat","embeddable":true,"href":"https:\/\/stoic-curie.212-227-153-4.plesk.page\/de\/wp-json\/wp\/v2\/product_cat?post=3422659"},{"taxonomy":"product_tag","embeddable":true,"href":"https:\/\/stoic-curie.212-227-153-4.plesk.page\/de\/wp-json\/wp\/v2\/product_tag?post=3422659"}],"curies":[{"name":"wp","href":"https:\/\/api.w.org\/{rel}","templated":true}]}}