{"id":3422802,"date":"2025-10-09T22:51:11","date_gmt":"2025-10-10T02:51:11","guid":{"rendered":"https:\/\/stoic-curie.212-227-153-4.plesk.page\/product\/kleine-zinkplatte-fuer-aussenbordmotoren-suzuki-25-115-55320-95310\/"},"modified":"2026-02-24T23:35:02","modified_gmt":"2026-02-24T23:35:02","slug":"kleine-zinkplatte-fuer-aussenbordmotoren-suzuki-25-115-55320-95310","status":"publish","type":"product","link":"https:\/\/stoic-curie.212-227-153-4.plesk.page\/de\/product\/kleine-zinkplatte-fuer-aussenbordmotoren-suzuki-25-115-55320-95310\/","title":{"rendered":"Kleine Zinkplatte f\u00fcr Au\u00dfenbordmotoren Suzuki 25-115 55320-95310"},"content":{"rendered":"<p>Kleine Zinkplatte f\u00fcr Au\u00dfenbordmotoren Suzuki 25-115 55320-95310 &#8211; <\/p>\n<p>Suzuki 25115 Motor Kleiner Plattenanodenz. Zn = Zink Al = Aluminium<\/p>\n","protected":false},"excerpt":{"rendered":"<p>Kleine Zinkplatte f\u00fcr Au\u00dfenbordmotoren Suzuki 25-115 55320-95310 &#8211; Suzuki 25115 Motor Kleiner Plattenanodenz. Zn = Zink Al = Aluminium<\/p>\n","protected":false},"featured_media":5943484,"comment_status":"closed","ping_status":"closed","template":"","meta":[],"product_brand":[3475],"product_cat":[1545],"product_tag":[],"class_list":{"0":"post-3422802","1":"product","2":"type-product","3":"status-publish","4":"has-post-thumbnail","6":"product_brand-tecnoseal-de","7":"product_cat-marine-ersatzteile-fuer-suzuki","9":"first","10":"instock","11":"shipping-taxable","12":"purchasable","13":"product-type-simple"},"_links":{"self":[{"href":"https:\/\/stoic-curie.212-227-153-4.plesk.page\/de\/wp-json\/wp\/v2\/product\/3422802","targetHints":{"allow":["GET"]}}],"collection":[{"href":"https:\/\/stoic-curie.212-227-153-4.plesk.page\/de\/wp-json\/wp\/v2\/product"}],"about":[{"href":"https:\/\/stoic-curie.212-227-153-4.plesk.page\/de\/wp-json\/wp\/v2\/types\/product"}],"replies":[{"embeddable":true,"href":"https:\/\/stoic-curie.212-227-153-4.plesk.page\/de\/wp-json\/wp\/v2\/comments?post=3422802"}],"version-history":[{"count":0,"href":"https:\/\/stoic-curie.212-227-153-4.plesk.page\/de\/wp-json\/wp\/v2\/product\/3422802\/revisions"}],"wp:featuredmedia":[{"embeddable":true,"href":"https:\/\/stoic-curie.212-227-153-4.plesk.page\/de\/wp-json\/wp\/v2\/media\/5943484"}],"wp:attachment":[{"href":"https:\/\/stoic-curie.212-227-153-4.plesk.page\/de\/wp-json\/wp\/v2\/media?parent=3422802"}],"wp:term":[{"taxonomy":"product_brand","embeddable":true,"href":"https:\/\/stoic-curie.212-227-153-4.plesk.page\/de\/wp-json\/wp\/v2\/product_brand?post=3422802"},{"taxonomy":"product_cat","embeddable":true,"href":"https:\/\/stoic-curie.212-227-153-4.plesk.page\/de\/wp-json\/wp\/v2\/product_cat?post=3422802"},{"taxonomy":"product_tag","embeddable":true,"href":"https:\/\/stoic-curie.212-227-153-4.plesk.page\/de\/wp-json\/wp\/v2\/product_tag?post=3422802"}],"curies":[{"name":"wp","href":"https:\/\/api.w.org\/{rel}","templated":true}]}}