{"id":3422951,"date":"2025-10-09T22:51:17","date_gmt":"2025-10-10T02:51:17","guid":{"rendered":"https:\/\/stoic-curie.212-227-153-4.plesk.page\/product\/wuerfel-zinkanode-fuer-suzuki-41810-87d00\/"},"modified":"2026-02-24T23:35:02","modified_gmt":"2026-02-24T23:35:02","slug":"wuerfel-zinkanode-fuer-suzuki-41810-87d00","status":"publish","type":"product","link":"https:\/\/stoic-curie.212-227-153-4.plesk.page\/de\/product\/wuerfel-zinkanode-fuer-suzuki-41810-87d00\/","title":{"rendered":"W\u00fcrfel-Zinkanode f\u00fcr Suzuki 41810-87D00"},"content":{"rendered":"<p>W\u00fcrfel-Zinkanode f\u00fcr Suzuki 41810-87D00 &#8211; <\/p>\n<p>Suzuki Motorw\u00fcrfel-Anode. Zn = Zink Al = Aluminium<\/p>\n","protected":false},"excerpt":{"rendered":"<p>W\u00fcrfel-Zinkanode f\u00fcr Suzuki 41810-87D00 &#8211; Suzuki Motorw\u00fcrfel-Anode. Zn = Zink Al = Aluminium<\/p>\n","protected":false},"featured_media":5943528,"comment_status":"closed","ping_status":"closed","template":"","meta":[],"product_brand":[3475],"product_cat":[1545],"product_tag":[],"class_list":{"0":"post-3422951","1":"product","2":"type-product","3":"status-publish","4":"has-post-thumbnail","6":"product_brand-tecnoseal-de","7":"product_cat-marine-ersatzteile-fuer-suzuki","9":"first","10":"instock","11":"shipping-taxable","12":"purchasable","13":"product-type-simple"},"_links":{"self":[{"href":"https:\/\/stoic-curie.212-227-153-4.plesk.page\/de\/wp-json\/wp\/v2\/product\/3422951","targetHints":{"allow":["GET"]}}],"collection":[{"href":"https:\/\/stoic-curie.212-227-153-4.plesk.page\/de\/wp-json\/wp\/v2\/product"}],"about":[{"href":"https:\/\/stoic-curie.212-227-153-4.plesk.page\/de\/wp-json\/wp\/v2\/types\/product"}],"replies":[{"embeddable":true,"href":"https:\/\/stoic-curie.212-227-153-4.plesk.page\/de\/wp-json\/wp\/v2\/comments?post=3422951"}],"version-history":[{"count":0,"href":"https:\/\/stoic-curie.212-227-153-4.plesk.page\/de\/wp-json\/wp\/v2\/product\/3422951\/revisions"}],"wp:featuredmedia":[{"embeddable":true,"href":"https:\/\/stoic-curie.212-227-153-4.plesk.page\/de\/wp-json\/wp\/v2\/media\/5943528"}],"wp:attachment":[{"href":"https:\/\/stoic-curie.212-227-153-4.plesk.page\/de\/wp-json\/wp\/v2\/media?parent=3422951"}],"wp:term":[{"taxonomy":"product_brand","embeddable":true,"href":"https:\/\/stoic-curie.212-227-153-4.plesk.page\/de\/wp-json\/wp\/v2\/product_brand?post=3422951"},{"taxonomy":"product_cat","embeddable":true,"href":"https:\/\/stoic-curie.212-227-153-4.plesk.page\/de\/wp-json\/wp\/v2\/product_cat?post=3422951"},{"taxonomy":"product_tag","embeddable":true,"href":"https:\/\/stoic-curie.212-227-153-4.plesk.page\/de\/wp-json\/wp\/v2\/product_tag?post=3422951"}],"curies":[{"name":"wp","href":"https:\/\/api.w.org\/{rel}","templated":true}]}}