{"id":3423288,"date":"2025-10-09T22:51:30","date_gmt":"2025-10-10T02:51:30","guid":{"rendered":"https:\/\/stoic-curie.212-227-153-4.plesk.page\/product\/zinkogive-fuer-max-prop-3-blaetter-68-x-h54mm\/"},"modified":"2026-02-24T23:35:02","modified_gmt":"2026-02-24T23:35:02","slug":"zinkogive-fuer-max-prop-3-blaetter-68-x-h54mm","status":"publish","type":"product","link":"https:\/\/stoic-curie.212-227-153-4.plesk.page\/de\/product\/zinkogive-fuer-max-prop-3-blaetter-68-x-h54mm\/","title":{"rendered":"Zinkogive f\u00fcr Max-Prop 3 Bl\u00e4tter 68 x H54mm"},"content":{"rendered":"<p>Zinkogive f\u00fcr Max-Prop 3 Bl\u00e4tter 68 x H54mm &#8211; <\/p>\n<p>Ogive-Anode f\u00fcr New Max-Prop-Propeller.<\/p>\n","protected":false},"excerpt":{"rendered":"<p>Zinkogive f\u00fcr Max-Prop 3 Bl\u00e4tter 68 x H54mm &#8211; Ogive-Anode f\u00fcr New Max-Prop-Propeller.<\/p>\n","protected":false},"featured_media":5943564,"comment_status":"closed","ping_status":"closed","template":"","meta":[],"product_brand":[3475],"product_cat":[1349],"product_tag":[],"class_list":{"0":"post-3423288","1":"product","2":"type-product","3":"status-publish","4":"has-post-thumbnail","6":"product_brand-tecnoseal-de","7":"product_cat-anoden-fuer-propeller","9":"first","10":"instock","11":"shipping-taxable","12":"purchasable","13":"product-type-simple"},"_links":{"self":[{"href":"https:\/\/stoic-curie.212-227-153-4.plesk.page\/de\/wp-json\/wp\/v2\/product\/3423288","targetHints":{"allow":["GET"]}}],"collection":[{"href":"https:\/\/stoic-curie.212-227-153-4.plesk.page\/de\/wp-json\/wp\/v2\/product"}],"about":[{"href":"https:\/\/stoic-curie.212-227-153-4.plesk.page\/de\/wp-json\/wp\/v2\/types\/product"}],"replies":[{"embeddable":true,"href":"https:\/\/stoic-curie.212-227-153-4.plesk.page\/de\/wp-json\/wp\/v2\/comments?post=3423288"}],"version-history":[{"count":0,"href":"https:\/\/stoic-curie.212-227-153-4.plesk.page\/de\/wp-json\/wp\/v2\/product\/3423288\/revisions"}],"wp:featuredmedia":[{"embeddable":true,"href":"https:\/\/stoic-curie.212-227-153-4.plesk.page\/de\/wp-json\/wp\/v2\/media\/5943564"}],"wp:attachment":[{"href":"https:\/\/stoic-curie.212-227-153-4.plesk.page\/de\/wp-json\/wp\/v2\/media?parent=3423288"}],"wp:term":[{"taxonomy":"product_brand","embeddable":true,"href":"https:\/\/stoic-curie.212-227-153-4.plesk.page\/de\/wp-json\/wp\/v2\/product_brand?post=3423288"},{"taxonomy":"product_cat","embeddable":true,"href":"https:\/\/stoic-curie.212-227-153-4.plesk.page\/de\/wp-json\/wp\/v2\/product_cat?post=3423288"},{"taxonomy":"product_tag","embeddable":true,"href":"https:\/\/stoic-curie.212-227-153-4.plesk.page\/de\/wp-json\/wp\/v2\/product_tag?post=3423288"}],"curies":[{"name":"wp","href":"https:\/\/api.w.org\/{rel}","templated":true}]}}