{"id":3423418,"date":"2025-10-09T22:51:35","date_gmt":"2025-10-10T02:51:35","guid":{"rendered":"https:\/\/stoic-curie.212-227-153-4.plesk.page\/product\/fendress-fenderbezug-a2-blau-royal\/"},"modified":"2026-02-24T23:35:02","modified_gmt":"2026-02-24T23:35:02","slug":"fendress-fenderbezug-a2-blau-royal","status":"publish","type":"product","link":"https:\/\/stoic-curie.212-227-153-4.plesk.page\/de\/product\/fendress-fenderbezug-a2-blau-royal\/","title":{"rendered":"Fendress Fenderbezug A2 Blau Royal"},"content":{"rendered":"<p>Fendress Fenderbezug A2 Blau Royal &#8211; <\/p>\n<p>Handgefertigte Fendress Fenderabdeckungen aus flauschigem Fleece. Premium-Schutz f\u00fcr Ihre Fender, der Quietschger\u00e4usche und Kratzmarkierungen eliminiert. Weich und robust sch\u00fctzen diese Fenderabdeckungen effektiv Ihren Gel-Coat-Lack und verl\u00e4ngern die Lebensdauer Ihrer Fender. <br \/> \u2022 \u201eFendress Covers\u201c sind 100% Acryl, handgefertigte Premium-Qualit\u00e4t, widerstandsf\u00e4hig und nicht abrasiv gestrickt. Weiche, flauschige Fleece-Fenderabdeckungen bieten den ultimativen Schutz f\u00fcr Ihre Oberfl\u00e4chen. <br \/> \u2022 \u201eFendress Covers\u201c sind UV- und salzwasserbest\u00e4ndig und sch\u00fctzen Ihren Gel-Coat-Lack effektiv vor Kratzern und Abrieb. Der strapazierf\u00e4hige und robuste Fleecestoff verf\u00fcgt \u00fcber alle besten Eigenschaften, darunter Riss- und Abriebfestigkeit, schnelles Trocknen und einfache Abnahme zur Reinigung. <br \/> \u2022 \u201eFendress Covers\u201c lassen Ihre Fender l\u00e4nger halten und beseitigen l\u00e4stiges Quietschger\u00e4usch. UV-best\u00e4ndige Farben hinterlassen keine Spuren auf Ihren Oberfl\u00e4chen. Maschinenwaschbar. <br \/> \u2022 \u201eFendress Covers\u201c haben einen hochwiderstandsf\u00e4higen oberen Teil und einen elastischen unteren Saum, der eine individuelle Passform f\u00fcr alle Fender-Typen erm\u00f6glicht. Abdeckungen sind in 9 Farben erh\u00e4ltlich.<\/p>\n","protected":false},"excerpt":{"rendered":"<p>Fendress Fenderbezug A2 Blau Royal &#8211; Handgefertigte Fendress Fenderabdeckungen aus flauschigem Fleece. Premium-Schutz f\u00fcr Ihre Fender, der Quietschger\u00e4usche und Kratzmarkierungen<\/p>\n","protected":false},"featured_media":5943435,"comment_status":"closed","ping_status":"closed","template":"","meta":[],"product_brand":[2935],"product_cat":[1564],"product_tag":[],"class_list":{"0":"post-3423418","1":"product","2":"type-product","3":"status-publish","4":"has-post-thumbnail","6":"product_brand-fendress-de","7":"product_cat-fenderhuellen","9":"first","10":"instock","11":"shipping-taxable","12":"purchasable","13":"product-type-simple"},"_links":{"self":[{"href":"https:\/\/stoic-curie.212-227-153-4.plesk.page\/de\/wp-json\/wp\/v2\/product\/3423418","targetHints":{"allow":["GET"]}}],"collection":[{"href":"https:\/\/stoic-curie.212-227-153-4.plesk.page\/de\/wp-json\/wp\/v2\/product"}],"about":[{"href":"https:\/\/stoic-curie.212-227-153-4.plesk.page\/de\/wp-json\/wp\/v2\/types\/product"}],"replies":[{"embeddable":true,"href":"https:\/\/stoic-curie.212-227-153-4.plesk.page\/de\/wp-json\/wp\/v2\/comments?post=3423418"}],"version-history":[{"count":0,"href":"https:\/\/stoic-curie.212-227-153-4.plesk.page\/de\/wp-json\/wp\/v2\/product\/3423418\/revisions"}],"wp:featuredmedia":[{"embeddable":true,"href":"https:\/\/stoic-curie.212-227-153-4.plesk.page\/de\/wp-json\/wp\/v2\/media\/5943435"}],"wp:attachment":[{"href":"https:\/\/stoic-curie.212-227-153-4.plesk.page\/de\/wp-json\/wp\/v2\/media?parent=3423418"}],"wp:term":[{"taxonomy":"product_brand","embeddable":true,"href":"https:\/\/stoic-curie.212-227-153-4.plesk.page\/de\/wp-json\/wp\/v2\/product_brand?post=3423418"},{"taxonomy":"product_cat","embeddable":true,"href":"https:\/\/stoic-curie.212-227-153-4.plesk.page\/de\/wp-json\/wp\/v2\/product_cat?post=3423418"},{"taxonomy":"product_tag","embeddable":true,"href":"https:\/\/stoic-curie.212-227-153-4.plesk.page\/de\/wp-json\/wp\/v2\/product_tag?post=3423418"}],"curies":[{"name":"wp","href":"https:\/\/api.w.org\/{rel}","templated":true}]}}