{"id":3423440,"date":"2025-10-09T22:51:36","date_gmt":"2025-10-10T02:51:36","guid":{"rendered":"https:\/\/stoic-curie.212-227-153-4.plesk.page\/product\/fendress-fenderbezug-a4-blau-royal\/"},"modified":"2026-02-24T23:35:02","modified_gmt":"2026-02-24T23:35:02","slug":"fendress-fenderbezug-a4-blau-royal","status":"publish","type":"product","link":"https:\/\/stoic-curie.212-227-153-4.plesk.page\/de\/product\/fendress-fenderbezug-a4-blau-royal\/","title":{"rendered":"Fendress Fenderbezug A4 Blau Royal"},"content":{"rendered":"<p>Fendress Fenderbezug A4 Blau Royal &#8211; <\/p>\n<p>Weiche Fleece handgefertigte Fendress Fenderabdeckungen. Premium Schutz f\u00fcr Ihre Fender, der Fenderquietschen und Kratzern beseitigt. Weich und strapazierf\u00e4hig sch\u00fctzen diese Fenderabdeckungen effizient Ihre Gelcoatfarbe und verl\u00e4ngern die Lebensdauer Ihrer Fender.<\/p>\n<p>\u2022 &#8220;Fendress Covers&#8221; sind 100% Acryl, handgefertigte Premiumqualit\u00e4t, widerstandsf\u00e4hig und nicht abrasiv. Weiche, strapazierf\u00e4hige Fleece-Fenderabdeckungen bieten den ultimativen Schutz f\u00fcr Ihre Oberseite.<\/p>\n<p>\u2022 &#8220;Fendress Covers&#8221; sind UV- und meerwasserbest\u00e4ndig und sch\u00fctzen Ihre Gelcoatfarbe effizient vor Kratzern und Abrieb. Der strapazierf\u00e4hige Fleece-Stoff vereint alle besten Eigenschaften, einschlie\u00dflich Rei\u00df- und Abriebfestigkeit, schnelles Trocknen und einfache Entfernung zur Reinigung.<\/p>\n<p>\u2022 &#8220;Fendress Covers&#8221; lassen Ihre Fender l\u00e4nger halten und eliminieren l\u00e4stiges Fenderquietschen. UV-best\u00e4ndige Farben hinterlassen keine Spuren auf Ihren Oberseiten. Maschinenwaschbar.<\/p>\n<p>\u2022 &#8220;Fendress Covers&#8221; verf\u00fcgen \u00fcber einen hochfesten oberen und elastischen unteren Saum, der eine ma\u00dfgeschneiderte Passform f\u00fcr alle Arten von Fendern erm\u00f6glicht. Die Abdeckungen sind in 9 Farben erh\u00e4ltlich.<\/p>\n","protected":false},"excerpt":{"rendered":"<p>Fendress Fenderbezug A4 Blau Royal &#8211; Weiche Fleece handgefertigte Fendress Fenderabdeckungen. Premium Schutz f\u00fcr Ihre Fender, der Fenderquietschen und Kratzern<\/p>\n","protected":false},"featured_media":5943435,"comment_status":"closed","ping_status":"closed","template":"","meta":[],"product_brand":[2935],"product_cat":[1564],"product_tag":[],"class_list":{"0":"post-3423440","1":"product","2":"type-product","3":"status-publish","4":"has-post-thumbnail","6":"product_brand-fendress-de","7":"product_cat-fenderhuellen","9":"first","10":"instock","11":"shipping-taxable","12":"purchasable","13":"product-type-simple"},"_links":{"self":[{"href":"https:\/\/stoic-curie.212-227-153-4.plesk.page\/de\/wp-json\/wp\/v2\/product\/3423440","targetHints":{"allow":["GET"]}}],"collection":[{"href":"https:\/\/stoic-curie.212-227-153-4.plesk.page\/de\/wp-json\/wp\/v2\/product"}],"about":[{"href":"https:\/\/stoic-curie.212-227-153-4.plesk.page\/de\/wp-json\/wp\/v2\/types\/product"}],"replies":[{"embeddable":true,"href":"https:\/\/stoic-curie.212-227-153-4.plesk.page\/de\/wp-json\/wp\/v2\/comments?post=3423440"}],"version-history":[{"count":0,"href":"https:\/\/stoic-curie.212-227-153-4.plesk.page\/de\/wp-json\/wp\/v2\/product\/3423440\/revisions"}],"wp:featuredmedia":[{"embeddable":true,"href":"https:\/\/stoic-curie.212-227-153-4.plesk.page\/de\/wp-json\/wp\/v2\/media\/5943435"}],"wp:attachment":[{"href":"https:\/\/stoic-curie.212-227-153-4.plesk.page\/de\/wp-json\/wp\/v2\/media?parent=3423440"}],"wp:term":[{"taxonomy":"product_brand","embeddable":true,"href":"https:\/\/stoic-curie.212-227-153-4.plesk.page\/de\/wp-json\/wp\/v2\/product_brand?post=3423440"},{"taxonomy":"product_cat","embeddable":true,"href":"https:\/\/stoic-curie.212-227-153-4.plesk.page\/de\/wp-json\/wp\/v2\/product_cat?post=3423440"},{"taxonomy":"product_tag","embeddable":true,"href":"https:\/\/stoic-curie.212-227-153-4.plesk.page\/de\/wp-json\/wp\/v2\/product_tag?post=3423440"}],"curies":[{"name":"wp","href":"https:\/\/api.w.org\/{rel}","templated":true}]}}