{"id":3423538,"date":"2025-10-09T22:51:40","date_gmt":"2025-10-10T02:51:40","guid":{"rendered":"https:\/\/stoic-curie.212-227-153-4.plesk.page\/product\/led-hoeflichkeitsleuchte-andromeda-g2-weiss-100-x-16-x-h11-mm\/"},"modified":"2026-02-24T23:35:02","modified_gmt":"2026-02-24T23:35:02","slug":"led-hoeflichkeitsleuchte-andromeda-g2-weiss-100-x-16-x-h11-mm","status":"publish","type":"product","link":"https:\/\/stoic-curie.212-227-153-4.plesk.page\/de\/product\/led-hoeflichkeitsleuchte-andromeda-g2-weiss-100-x-16-x-h11-mm\/","title":{"rendered":"LED-H\u00f6flichkeitsleuchte Andromeda-g2 wei\u00df 100 x 16 x H11 mm"},"content":{"rendered":"<p>LED-H\u00f6flichkeitsleuchte Andromeda-g2 wei\u00df 100 x 16 x H11 mm &#8211; <\/p>\n<p>Wasserdichte (IP67) LED-Courtesy-Leuchte f\u00fcr den Innen- und Au\u00dfenbereich, zum horizontalen oder vertikalen Einbau. Geh\u00e4use aus verchromtem Messing, Schrauben aus Edelstahl. Universelle Stromversorgung von 12\/24V. Das Licht wird in zwei Richtungen (nach oben und unten) ausgestrahlt.<\/p>\n","protected":false},"excerpt":{"rendered":"<p>LED-H\u00f6flichkeitsleuchte Andromeda-g2 wei\u00df 100 x 16 x H11 mm &#8211; Wasserdichte (IP67) LED-Courtesy-Leuchte f\u00fcr den Innen- und Au\u00dfenbereich, zum horizontalen<\/p>\n","protected":false},"featured_media":5943614,"comment_status":"closed","ping_status":"closed","template":"","meta":[],"product_brand":[3280],"product_cat":[1452,1443],"product_tag":[],"class_list":{"0":"post-3423538","1":"product","2":"type-product","3":"status-publish","4":"has-post-thumbnail","6":"product_brand-quick-de","7":"product_cat-bootsbeleuchtung","8":"product_cat-bootshinweislichter","10":"first","11":"instock","12":"shipping-taxable","13":"purchasable","14":"product-type-simple"},"_links":{"self":[{"href":"https:\/\/stoic-curie.212-227-153-4.plesk.page\/de\/wp-json\/wp\/v2\/product\/3423538","targetHints":{"allow":["GET"]}}],"collection":[{"href":"https:\/\/stoic-curie.212-227-153-4.plesk.page\/de\/wp-json\/wp\/v2\/product"}],"about":[{"href":"https:\/\/stoic-curie.212-227-153-4.plesk.page\/de\/wp-json\/wp\/v2\/types\/product"}],"replies":[{"embeddable":true,"href":"https:\/\/stoic-curie.212-227-153-4.plesk.page\/de\/wp-json\/wp\/v2\/comments?post=3423538"}],"version-history":[{"count":0,"href":"https:\/\/stoic-curie.212-227-153-4.plesk.page\/de\/wp-json\/wp\/v2\/product\/3423538\/revisions"}],"wp:featuredmedia":[{"embeddable":true,"href":"https:\/\/stoic-curie.212-227-153-4.plesk.page\/de\/wp-json\/wp\/v2\/media\/5943614"}],"wp:attachment":[{"href":"https:\/\/stoic-curie.212-227-153-4.plesk.page\/de\/wp-json\/wp\/v2\/media?parent=3423538"}],"wp:term":[{"taxonomy":"product_brand","embeddable":true,"href":"https:\/\/stoic-curie.212-227-153-4.plesk.page\/de\/wp-json\/wp\/v2\/product_brand?post=3423538"},{"taxonomy":"product_cat","embeddable":true,"href":"https:\/\/stoic-curie.212-227-153-4.plesk.page\/de\/wp-json\/wp\/v2\/product_cat?post=3423538"},{"taxonomy":"product_tag","embeddable":true,"href":"https:\/\/stoic-curie.212-227-153-4.plesk.page\/de\/wp-json\/wp\/v2\/product_tag?post=3423538"}],"curies":[{"name":"wp","href":"https:\/\/api.w.org\/{rel}","templated":true}]}}